{"id":92,"date":"2024-11-15T20:50:34","date_gmt":"2024-11-15T23:50:34","guid":{"rendered":"https:\/\/www.ibraop.org.br\/xxi-sinaop\/?page_id=92"},"modified":"2025-06-19T09:44:22","modified_gmt":"2025-06-19T12:44:22","slug":"dicas-de-turismo","status":"publish","type":"page","link":"https:\/\/www.ibraop.org.br\/xxi-sinaop\/dicas-de-turismo\/","title":{"rendered":"Dicas Tur\u00edsticas"},"content":{"rendered":"<p><a href=\"https:\/\/www.ibraop.org.br\/xxi-sinaop\/wp-content\/uploads\/sites\/6\/2024\/11\/LISTA-TURISMO-ATUALIZADA.pdf\" target=\"_blank\" rel=\"noopener\">Lista Turismo.pdf<\/a><\/p>\n<p>Biodiversidade complexa, vida urbana agitada e admir\u00e1veis monumentos hist\u00f3ricos. Manaus, a Metr\u00f3pole do Norte do Brasil, reflete uma atmosfera \u00edmpar em suas diversas manifesta\u00e7\u00f5es culturais. Listamos os principais pontos tur\u00edsticos hist\u00f3ricos e algumas op\u00e7\u00f5es de programa\u00e7\u00e3o ao ar livre para aqueles que desejarem conhecer um pouco mais dessa atmosfera \u00fanica da capital amazonense:<\/p>\n<h3 style=\"padding-left: 40px;\"><strong>HIST\u00d3RICOS:<\/strong><\/h3>\n<p><strong>\u00a0<\/strong><\/p>\n<p style=\"padding-left: 80px;\"><strong>Pal\u00e1cio Rio Negro<\/strong><\/p>\n<p style=\"padding-left: 80px;\">Endere\u00e7o: Av. Sete de Setembro, 1546 Bairro: Centro<\/p>\n<p style=\"padding-left: 80px;\">Contato: (92) 3232-4450<\/p>\n<p style=\"padding-left: 80px;\">Site:cultura.am.gov.br<\/p>\n<p style=\"padding-left: 80px;\">Hor\u00e1rio de funcionamento: Segunda-feira a s\u00e1bado (exceto \u00e0s ter\u00e7as-feiras) das 9h \u00e0s 15h<\/p>\n<p style=\"padding-left: 80px;\">Ingresso: Entrada gratuita<\/p>\n<p style=\"padding-left: 80px;\"><strong>Pal\u00e1cio da Justi\u00e7a<\/strong><\/p>\n<p style=\"padding-left: 80px;\">Endere\u00e7o: Av. Eduardo Ribeiro, 901 Bairro: Centro<\/p>\n<p style=\"padding-left: 80px;\">Contato: (92) 3248-1844<\/p>\n<p style=\"padding-left: 80px;\">Site: cultura.am.gov.br<\/p>\n<p style=\"padding-left: 80px;\">Hor\u00e1rio de funcionamento: Segunda-feira a s\u00e1bado (exceto \u00e0s ter\u00e7as-feiras) das 9h \u00e0s 15h<\/p>\n<p style=\"padding-left: 80px;\">Ingresso: Entrada gratuita<\/p>\n<p><strong>\u00a0<\/strong><\/p>\n<p style=\"padding-left: 80px;\"><strong>Teatro Amazonas<\/strong><\/p>\n<p style=\"padding-left: 80px;\">Endere\u00e7o: Largo de S\u00e3o Sebasti\u00e3o<\/p>\n<p style=\"padding-left: 80px;\">Bairro: Centro<\/p>\n<p style=\"padding-left: 80px;\">Contato: (92) 3622-1880\/2420\/1880<\/p>\n<p style=\"padding-left: 80px;\">Site: teatroamazonas.com.br<\/p>\n<p style=\"padding-left: 80px;\">Instagram: @teatrodoamazonas<\/p>\n<p style=\"padding-left: 80px;\">Hor\u00e1rio de funcionamento: Ter\u00e7a-feira a s\u00e1bado das 9h \u00e0s 17h; Domingos e feriados das 9h \u00e0s 13h<\/p>\n<p style=\"padding-left: 80px;\">Ingresso: R$ 20 (inteira) e R$ 10 (meia-entrada)<\/p>\n<p><strong>\u00a0<\/strong><\/p>\n<p style=\"padding-left: 80px;\"><strong>Museu Casa Eduardo Ribeiro<\/strong><\/p>\n<p style=\"padding-left: 80px;\">Endere\u00e7o: Rua Jos\u00e9 Clemente, 322 Bairro: Centro<\/p>\n<p style=\"padding-left: 80px;\">Contato: (92) 3631-2938<\/p>\n<p style=\"padding-left: 80px;\">Site: cultura.am.gov.br<\/p>\n<p style=\"padding-left: 80px;\">Hor\u00e1rio de visita\u00e7\u00e3o: Ter\u00e7a-feira a sexta-feira das 9h \u00e0s 17h.<\/p>\n<p><strong>\u00a0<\/strong><\/p>\n<p style=\"padding-left: 80px;\"><strong>Palacete Provincial<\/strong><\/p>\n<p style=\"padding-left: 80px;\">Endere\u00e7o: Pra\u00e7a Heliodoro Balbi Bairro: Centro<\/p>\n<p style=\"padding-left: 80px;\">Contato: (92) 3631-6047<\/p>\n<p style=\"padding-left: 80px;\">Site: cultura.am.gov.br<\/p>\n<p style=\"padding-left: 80px;\">Hor\u00e1rio de visita\u00e7\u00e3o: Ter\u00e7a-feira a s\u00e1bado das 9h \u00e0s 14h.<\/p>\n<p><strong>\u00a0<\/strong><\/p>\n<p style=\"padding-left: 80px;\"><strong>Centro Cultural dos Povos da Amaz\u00f4nia<\/strong><\/p>\n<p style=\"padding-left: 80px;\">Endere\u00e7o: Avenida Silves, 2.222<\/p>\n<p style=\"padding-left: 80px;\">Bairro: Distrito industrial<\/p>\n<p style=\"padding-left: 80px;\">Contato: (92) 3090-6800<\/p>\n<p style=\"padding-left: 80px;\">Site: cultura.am.gov.br<\/p>\n<p style=\"padding-left: 80px;\">Hor\u00e1rio de funcionamento: Segunda-feira a sexta-feira das 9h \u00e0s 15h<\/p>\n<p style=\"padding-left: 80px;\">Ingresso: Entrada gratuita<\/p>\n<p><strong>\u00a0<\/strong><\/p>\n<hr \/>\n<h3 style=\"padding-left: 40px;\"><strong>AO AR LIVRE:<\/strong><\/h3>\n<p style=\"padding-left: 80px;\"><strong>Mirante L\u00facia Almeida e P\u00eder Manaus 355<\/strong><\/p>\n<p style=\"padding-left: 80px;\">Endere\u00e7o: Av. Sete de Setembro, n\u00b0 8<\/p>\n<p style=\"padding-left: 80px;\">Bairro: Centro<\/p>\n<p style=\"padding-left: 80px;\">Instagram: @mirantelucialmeida<\/p>\n<p style=\"padding-left: 80px;\"><strong>Museu da Amaz\u00f4nia (MUSA)<\/strong><\/p>\n<p style=\"padding-left: 80px;\">Endere\u00e7o: Av. Margarita, 6305<\/p>\n<p style=\"padding-left: 80px;\">Bairro: Jorge Teixeira<\/p>\n<p style=\"padding-left: 80px;\">Contato: (92) 99280-4205<\/p>\n<p style=\"padding-left: 80px;\">Site: museudaamazonia.org.br<\/p>\n<p style=\"padding-left: 80px;\">Instagram: @museudaamazonia_musa<\/p>\n<p style=\"padding-left: 80px;\">Hor\u00e1rio de funcionamento: Quinta-feira a ter\u00e7a-feira das 8h30 \u00e0s 16h Ingresso: R$ 40 para visita\u00e7\u00e3o, R$ 60 para visita\u00e7\u00e3o com trilha guiada<\/p>\n<p><strong>\u00a0<\/strong><\/p>\n<p style=\"padding-left: 80px;\"><strong>Igreja de S\u00e3o Sebasti\u00e3o e S\u00e3o Francisco de Assis<\/strong><\/p>\n<p style=\"padding-left: 80px;\">Endere\u00e7o: Av. Eduardo Ribeiro, 901 Bairro: Centro<\/p>\n<p style=\"padding-left: 80px;\">Contato: (92) 3248-1844<\/p>\n<p style=\"padding-left: 80px;\">Site: cultura.am.gov.br<\/p>\n<p style=\"padding-left: 80px;\">Hor\u00e1rio de visita\u00e7\u00e3o: Ter\u00e7a-feira a s\u00e1bado das 9h \u00e0s 17h. Domingo das 11h \u00e0s 15h.<\/p>\n<p style=\"padding-left: 80px;\"><strong>Galeria do Largo<\/strong><\/p>\n<p style=\"padding-left: 80px;\">Endere\u00e7o: Rua Costa Azevedo, 290 Bairro: Centro<\/p>\n<p style=\"padding-left: 80px;\">Contato: (92) 3622-0618<\/p>\n<p style=\"padding-left: 80px;\">Site: cultura.am.gov.br<\/p>\n<p style=\"padding-left: 80px;\">Hor\u00e1rio de visita\u00e7\u00e3o: Ter\u00e7a-feira a domingo das 13h \u00e0s 19h.<\/p>\n<p style=\"padding-left: 80px;\"><strong>Mercado Adolpho Lisboa<\/strong><\/p>\n<p style=\"padding-left: 80px;\">Endere\u00e7o: Rua dos Bar\u00e9s, 112 Bairro: Centro<\/p>\n<p style=\"padding-left: 80px;\">Contato: (92) 3232-9210<\/p>\n<p style=\"padding-left: 80px;\">Site: cultura.am.gov.br<\/p>\n<p style=\"padding-left: 80px;\">Hor\u00e1rio de visita\u00e7\u00e3o: Segunda-feira a s\u00e1bado das 6h \u00e0s 17h e Domingos e Feriado das 6h \u00e0s 12h.<\/p>\n<p style=\"padding-left: 80px;\"><strong>Parque do Mindu<\/strong><\/p>\n<p style=\"padding-left: 80px;\">Endere\u00e7o: R. Domingos Jos\u00e9 Martins<\/p>\n<p style=\"padding-left: 80px;\">Bairro: Parque Dez de Novembro<\/p>\n<p style=\"padding-left: 80px;\">Contato: (92) 99280-4205<\/p>\n<p style=\"padding-left: 80px;\">Site: museudaamazonia.org.br<\/p>\n<p style=\"padding-left: 80px;\">Hor\u00e1rio de visita\u00e7\u00e3o: Quinta-feira a ter\u00e7a das 8h30 \u00e0s 16h.<\/p>\n<p style=\"padding-left: 80px;\"><strong>Parque Jeferson Peres<\/strong><\/p>\n<p style=\"padding-left: 80px;\">Beira Mar, 121<\/p>\n<p style=\"padding-left: 80px;\">DIRETORIA DE CERIMONIAL<\/p>\n<p style=\"padding-left: 80px;\">Endere\u00e7o: Av. Sete de Setembro, 1546 Bairro: Centro<\/p>\n<p style=\"padding-left: 80px;\">Contato: (92) 3635-5832<\/p>\n<p style=\"padding-left: 80px;\">Site: cultura.am.gov.br<\/p>\n<p style=\"padding-left: 80px;\">Hor\u00e1rio de visita\u00e7\u00e3o: Segunda-feira a domingo das 6h \u00e0s 22h.<\/p>\n<p style=\"padding-left: 80px;\"><strong>Zool\u00f3gico do Centro de Instru\u00e7\u00e3o de Guerra na Selva &#8211; CIGS<\/strong><\/p>\n<p style=\"padding-left: 80px;\">Endere\u00e7o: Av. S\u00e3o Jorge, 750 Bairro: S\u00e3o Jorge<\/p>\n<p style=\"padding-left: 80px;\">Contato: (92) 2125-6402<\/p>\n<p style=\"padding-left: 80px;\">Site: cigs.eb.mil.br<\/p>\n<p style=\"padding-left: 80px;\">Hor\u00e1rio de funcionamento: Ter\u00e7a-feira a sexta-feira das 9h \u00e0s 16h S\u00e1bados, domingos e feriados de 9h \u00e0s 16h30<\/p>\n<p style=\"padding-left: 80px;\">Ingresso: R$ 20 (inteira) e R$ 10 (meia-entrada)<\/p>\n<p style=\"padding-left: 80px;\"><strong>Parque Rio Negro (Orla do S\u00e3o Raimundo)<\/strong><\/p>\n<p style=\"padding-left: 80px;\">Endere\u00e7o: R. Beira Mar, 121<\/p>\n<p style=\"padding-left: 80px;\">Bairro: S\u00e3o Raimundo<\/p>\n<p style=\"padding-left: 80px;\">Contato: (92) 3131-2450<\/p>\n<p style=\"padding-left: 80px;\">Site: dpp@cultura.am.gov.br<\/p>\n<p style=\"padding-left: 80px;\">Hor\u00e1rio de visita\u00e7\u00e3o: Segunda-feira a domingo das 06 \u00e0s 22h.<\/p>\n<p style=\"padding-left: 80px;\"><strong>Bosque da Ci\u00eancia do Instituto Nacional de Pesquisas da Amaz\u00f4nia &#8211; INPA<\/strong><\/p>\n<p style=\"padding-left: 80px;\">Endere\u00e7o: Av. Bem Te Vi, 19<\/p>\n<p style=\"padding-left: 80px;\">Bairro: Petr\u00f3polis<\/p>\n<p style=\"padding-left: 80px;\">Contato: (92) 3643-3192\/3293\/3312<\/p>\n<p style=\"padding-left: 80px;\">Site para agendamento de visita: bosquedacienciaam.wixsite.com\/agendamento<\/p>\n<p style=\"padding-left: 80px;\">Instagram: @bosque.inpa<\/p>\n<p style=\"padding-left: 80px;\">Hor\u00e1rio de funcionamento: Ter\u00e7a-feira a sexta-feira das 9h \u00e0s 12h e 14h \u00e0s 16h30<\/p>\n<p style=\"padding-left: 80px;\">S\u00e1bados, domingos e feriados 9h \u00e0s 16h30<\/p>\n<p style=\"padding-left: 80px;\">Ingresso: R$ 5<\/p>\n<hr \/>\n<p style=\"padding-left: 80px;\"><strong>City Tour<\/strong><\/p>\n<p style=\"padding-left: 80px;\">Passeio em \u00f4nibus de dois andares pelos principais pontos da capital do Amazonas.<\/p>\n<p style=\"padding-left: 80px;\">Hor\u00e1rio de funcionamento: Conforme disponibilidade do operador de turismo<\/p>\n<p style=\"padding-left: 80px;\">Empresa respons\u00e1vel: KF TURISMO &#8211; AMAZON BUS Contato: (92) 98807-5519<\/p>\n<p style=\"padding-left: 80px;\">Valor aproximado: R$ 170<\/p>\n<p><strong>\u00a0<\/strong><\/p>\n<p style=\"padding-left: 80px;\"><strong>Safari Amaz\u00f4nico (saindo do centro de Manaus)<\/strong><\/p>\n<p style=\"padding-left: 80px;\">Itiner\u00e1rio: Visita a tribos ind\u00edgenas, vit\u00f3rias r\u00e9gias, caminhadas, visita \u00e0 balsa com botos, pescaria de piranhas e outros.<\/p>\n<p style=\"padding-left: 80px;\">Hor\u00e1rio de visita\u00e7\u00e3o: Conforme disponibilidade do operador de turismo Empresa respons\u00e1vel: Safari Manauara<\/p>\n<p style=\"padding-left: 80px;\">Contato: (92) 99394-1132<\/p>\n<p style=\"padding-left: 80px;\">Valor aproximado: R$ 170<\/p>\n<p style=\"padding-left: 80px;\"><strong>Aventura Noturna<\/strong><\/p>\n<p style=\"padding-left: 80px;\">Itiner\u00e1rio: Rio Negro e\/ou Solim\u00f5es\/ Parque Ecol\u00f3gico do Janauari\/ Pesca de Piranha e Focagem de Jacar\u00e9.<\/p>\n<p style=\"padding-left: 80px;\">Hor\u00e1rio de funcionamento: disponibilidade do operador de turismo Empresa respons\u00e1vel: Amazing Tours Agency Brasil<\/p>\n<p style=\"padding-left: 80px;\">Contato: (92) 4101-9081<\/p>\n<p style=\"padding-left: 80px;\">Valor aproximado: R$ 200<\/p>\n<p style=\"padding-left: 80px;\"><strong>Flutuante Sun Paradise<\/strong><\/p>\n<p style=\"padding-left: 80px;\">Endere\u00e7o: Estrada da praia dourada, 1551<\/p>\n<p style=\"padding-left: 80px;\">Bairro: Tarum\u00e3<\/p>\n<p style=\"padding-left: 80px;\">Hor\u00e1rio de funcionamento: Segunda-feira a s\u00e1bado, de 10h \u00e0s 18h Domingos e feriados: 09h \u00e0s 20h<\/p>\n<p style=\"padding-left: 80px;\">Instagram: @flutuantesunparadise<\/p>\n<p style=\"padding-left: 80px;\">Contato: (92) 98431-4438<\/p>\n<p style=\"padding-left: 80px;\">Ingresso: Entrada gratuita<\/p>\n<p style=\"padding-left: 80px;\"><strong>Flutuante Abar\u00e9 SUP and Food<\/strong><\/p>\n<p style=\"padding-left: 80px;\">Endere\u00e7o: Ramal dos, R. dos mission\u00e1rios s\/n<\/p>\n<p style=\"padding-left: 80px;\">Bairro: Ponta Negra<\/p>\n<p style=\"padding-left: 80px;\">Hor\u00e1rio de funcionamento: Aberto todos os dias, de 08h \u00e0s 20h<\/p>\n<p style=\"padding-left: 80px;\">Contato: (92) 98473-0631<\/p>\n<p style=\"padding-left: 80px;\">Instagram: @abaresup<\/p>\n<p style=\"padding-left: 80px;\">Ingresso: Transfer (Valor inclui ida e volta): R$ 18<\/p>\n<p style=\"padding-left: 80px;\"><strong>Flutuante Sup Amazonas<\/strong><\/p>\n<p style=\"padding-left: 80px;\">Endere\u00e7o: Avenida coronel Teixeira, 74 (Acesso pela Marina Davi) &#8211; Bairro: Ponta negra<\/p>\n<p style=\"padding-left: 80px;\">Hor\u00e1rio de funcionamento: Todos os dias da semana (exceto \u00e0s ter\u00e7as-feiras) 13h \u00e0s 19h; S\u00e1bados, domingos e feriados de 9h \u00e0s 20h<\/p>\n<p style=\"padding-left: 80px;\">Contato: (92) 98417-0770<\/p>\n<p style=\"padding-left: 80px;\">Instagram: @flutuante_supamazonas Ingresso: R$ 15<\/p>\n<p style=\"padding-left: 80px;\">\n","protected":false},"excerpt":{"rendered":"<p>Lista Turismo.pdf Biodiversidade complexa, vida urbana agitada e admir\u00e1veis monumentos hist\u00f3ricos. Manaus, a Metr\u00f3pole do Norte do Brasil, reflete uma atmosfera \u00edmpar em suas diversas manifesta\u00e7\u00f5es culturais. Listamos os principais pontos tur\u00edsticos hist\u00f3ricos e algumas op\u00e7\u00f5es de programa\u00e7\u00e3o ao ar livre para aqueles que desejarem conhecer um pouco mais dessa atmosfera \u00fanica da capital amazonense: [&hellip;]<\/p>\n","protected":false},"author":3,"featured_media":0,"parent":0,"menu_order":0,"comment_status":"closed","ping_status":"closed","template":"","meta":{"footnotes":""},"class_list":["post-92","page","type-page","status-publish","hentry","post"],"_links":{"self":[{"href":"https:\/\/www.ibraop.org.br\/xxi-sinaop\/wp-json\/wp\/v2\/pages\/92","targetHints":{"allow":["GET"]}}],"collection":[{"href":"https:\/\/www.ibraop.org.br\/xxi-sinaop\/wp-json\/wp\/v2\/pages"}],"about":[{"href":"https:\/\/www.ibraop.org.br\/xxi-sinaop\/wp-json\/wp\/v2\/types\/page"}],"author":[{"embeddable":true,"href":"https:\/\/www.ibraop.org.br\/xxi-sinaop\/wp-json\/wp\/v2\/users\/3"}],"replies":[{"embeddable":true,"href":"https:\/\/www.ibraop.org.br\/xxi-sinaop\/wp-json\/wp\/v2\/comments?post=92"}],"version-history":[{"count":18,"href":"https:\/\/www.ibraop.org.br\/xxi-sinaop\/wp-json\/wp\/v2\/pages\/92\/revisions"}],"predecessor-version":[{"id":327,"href":"https:\/\/www.ibraop.org.br\/xxi-sinaop\/wp-json\/wp\/v2\/pages\/92\/revisions\/327"}],"wp:attachment":[{"href":"https:\/\/www.ibraop.org.br\/xxi-sinaop\/wp-json\/wp\/v2\/media?parent=92"}],"curies":[{"name":"wp","href":"https:\/\/api.w.org\/{rel}","templated":true}]}}