{"id":56,"date":"2024-11-15T19:38:07","date_gmt":"2024-11-15T22:38:07","guid":{"rendered":"https:\/\/www.ibraop.org.br\/xxi-sinaop\/?page_id=56"},"modified":"2025-07-11T18:56:44","modified_gmt":"2025-07-11T21:56:44","slug":"hospedagem-2","status":"publish","type":"page","link":"https:\/\/www.ibraop.org.br\/xxi-sinaop\/hospedagem-2\/","title":{"rendered":"Hospedagem"},"content":{"rendered":"\n<p>&nbsp;<\/p>\n\n\n\n<h3 class=\"wp-block-heading\">&nbsp;<\/h3>\n\n\n\n<p><strong><a href=\"https:\/\/www.ibraop.org.br\/xxi-sinaop\/wp-content\/uploads\/sites\/6\/2024\/11\/RELACAO-DE-HOTEIS-2024.pdf\" target=\"_blank\" rel=\"noopener\">Rela\u00e7\u00e3o dos Hot\u00e9is.pdf<\/a><br><\/strong><\/p>\n\n\n\n<p>Os participantes do evento poder\u00e3o escolher qual a hospedagem mais adequada para o atendimento das suas necessidades. Sugerimos, abaixo, alguns estabelecimentos com boa estrutura, inclusive informando a dist\u00e2ncia entre os hot\u00e9is e o TCE-AM para auxiliar nessa escolha. Confira:<\/p>\n\n\n\n<p>&nbsp;<\/p>\n\n\n\n<hr class=\"wp-block-separator has-alpha-channel-opacity\"\/>\n\n\n\n<h3 class=\"wp-block-heading\"><strong>HOTEL INTERCITY<\/strong><\/h3>\n\n\n\n<p><strong>(Hotel Oficial do Evento)<\/strong><\/p>\n\n\n\n<p>ENDERE\u00c7O: Rua Professor Marciano Armond, 544 &#8211; Adrian\u00f3polis \u2013 Manaus-AM TELEFONE: (92) 3303-1330<\/p>\n\n\n\n<p>DIST\u00c2NCIA: 4,7 KM DO HOTEL \u2013 TCE AM<\/p>\n\n\n\n<hr class=\"wp-block-separator has-alpha-channel-opacity\"\/>\n\n\n\n<p>&nbsp;<\/p>\n\n\n\n<p><strong>QUALITY HOTEL<\/strong><\/p>\n\n\n\n<p>ENDERE\u00c7O: Av. M\u00e1rio Ypiranga, 1090 \u2013 Adrian\u00f3polis, Manaus-AM<\/p>\n\n\n\n<p>TELEFONE: (92) 3026-3303 EMAIL: reservas.qmao@ahi.com.br<\/p>\n\n\n\n<p>DIST\u00c2NCIA: 3 KM HOTEL \u2013 TCE AM<\/p>\n\n\n\n<p><strong>NOVOTEL<\/strong><\/p>\n\n\n\n<p>ENDERE\u00c7O: Av. Mandii, 4 \u2013 Distrito Industrial I, Manaus-AM<\/p>\n\n\n\n<p>TELEFONE: (92) 2123-1211<\/p>\n\n\n\n<p>DIST\u00c2NCIA: 8,5 KM NOVOTEL \u2013 TCE AM<\/p>\n\n\n\n<p><strong>BLUE TREE<\/strong><\/p>\n\n\n\n<p>ENDERE\u00c7O: Av. Umberto Calderaro, 817 \u2013 Adrian\u00f3polis, Manaus-AM<\/p>\n\n\n\n<p>TELEFONE: (92) 3303-2000<\/p>\n\n\n\n<p>DIST\u00c2NCIA: 4,5 KM DO HOTEL \u2013 TCE AM<\/p>\n\n\n\n<p><strong>HOTEL VILLA AMAZONIA<\/strong><\/p>\n\n\n\n<p>ENDERE\u00c7O: Rua 10 de Julho, 315 \u2013 Centro, Manaus AM, 69010-060<\/p>\n\n\n\n<p>TELEFONE: (92) 3347-7829<\/p>\n\n\n\n<p>DIST\u00c2NCIA: 8,4 KM DO HOTEL \u2013TCE AM<\/p>\n\n\n\n<p><strong>HOTEL RAMADA MANAUS TORRES CENTER<\/strong><\/p>\n\n\n\n<p>ENDERE\u00c7O: Av. Governador Jos\u00e9 Lindoso 280, Coroado, Manaus-AM<\/p>\n\n\n\n<p>TELEFONE: (92) 3500-3300<\/p>\n\n\n\n<p>DIST\u00c2NCIA: 4,3 KM DO HOTEL \u2013 TCE AM<\/p>\n\n\n\n<p><strong>HOTEL JUMA \u00d3PERA<\/strong><\/p>\n\n\n\n<p>ENDERE\u00c7O: Rua 10 de Julho, 481 \u2013 Centro, Manaus-AM<\/p>\n\n\n\n<p>TELEFONE: (92) 3232-2707<\/p>\n\n\n\n<p>DIST\u00c2NCIA: 8,5 KM DO HOTEL \u2013TCE AM<\/p>\n\n\n\n<p>&nbsp;<\/p>\n","protected":false},"excerpt":{"rendered":"<p>&nbsp; &nbsp; Rela\u00e7\u00e3o dos Hot\u00e9is.pdf Os participantes do evento poder\u00e3o escolher qual a hospedagem mais adequada para o atendimento das suas necessidades. Sugerimos, abaixo, alguns estabelecimentos com boa estrutura, inclusive informando a dist\u00e2ncia entre os hot\u00e9is e o TCE-AM para auxiliar nessa escolha. Confira: &nbsp; HOTEL INTERCITY (Hotel Oficial do Evento) ENDERE\u00c7O: Rua Professor Marciano [&hellip;]<\/p>\n","protected":false},"author":3,"featured_media":0,"parent":0,"menu_order":0,"comment_status":"closed","ping_status":"closed","template":"","meta":{"footnotes":""},"class_list":["post-56","page","type-page","status-publish","hentry","post"],"_links":{"self":[{"href":"https:\/\/www.ibraop.org.br\/xxi-sinaop\/wp-json\/wp\/v2\/pages\/56","targetHints":{"allow":["GET"]}}],"collection":[{"href":"https:\/\/www.ibraop.org.br\/xxi-sinaop\/wp-json\/wp\/v2\/pages"}],"about":[{"href":"https:\/\/www.ibraop.org.br\/xxi-sinaop\/wp-json\/wp\/v2\/types\/page"}],"author":[{"embeddable":true,"href":"https:\/\/www.ibraop.org.br\/xxi-sinaop\/wp-json\/wp\/v2\/users\/3"}],"replies":[{"embeddable":true,"href":"https:\/\/www.ibraop.org.br\/xxi-sinaop\/wp-json\/wp\/v2\/comments?post=56"}],"version-history":[{"count":16,"href":"https:\/\/www.ibraop.org.br\/xxi-sinaop\/wp-json\/wp\/v2\/pages\/56\/revisions"}],"predecessor-version":[{"id":868,"href":"https:\/\/www.ibraop.org.br\/xxi-sinaop\/wp-json\/wp\/v2\/pages\/56\/revisions\/868"}],"wp:attachment":[{"href":"https:\/\/www.ibraop.org.br\/xxi-sinaop\/wp-json\/wp\/v2\/media?parent=56"}],"curies":[{"name":"wp","href":"https:\/\/api.w.org\/{rel}","templated":true}]}}