{"id":44,"date":"2024-11-15T19:33:20","date_gmt":"2024-11-15T22:33:20","guid":{"rendered":"https:\/\/www.ibraop.org.br\/xxi-sinaop\/?page_id=44"},"modified":"2025-08-13T12:03:27","modified_gmt":"2025-08-13T15:03:27","slug":"programacao","status":"publish","type":"page","link":"https:\/\/www.ibraop.org.br\/xxi-sinaop\/programacao\/","title":{"rendered":"Programa\u00e7\u00e3o"},"content":{"rendered":"<div id=\"pl-44\"  class=\"panel-layout\" ><div id=\"pg-44-0\"  class=\"panel-grid panel-no-style\" ><div id=\"pgc-44-0-0\"  class=\"panel-grid-cell\" ><div id=\"panel-44-0-0-0\" class=\"so-panel widget widget_sow-editor panel-first-child panel-last-child\" data-index=\"0\" ><div\n\t\t\t\n\t\t\tclass=\"so-widget-sow-editor so-widget-sow-editor-base\"\n\t\t\t\n\t\t>\n<div class=\"siteorigin-widget-tinymce textwidget\">\n\t<h3 style=\"text-align: center;\">PROGRAMA\u00c7\u00c3O\u00a0 XXI SINAOP<\/h3>\n<p style=\"text-align: right;\">carga hor\u00e1ria: 33 horas\/aula<\/p>\n<p><strong>SEGUNDA-FEIRA (18\/08)___________<\/strong><\/p>\n<p>&nbsp;<\/p>\n<p>A partir das 7h \u2013\u00a0<strong>Credenciamento<\/strong><\/p>\n<p>&nbsp;<\/p>\n<h5>MINICURSOS<\/h5>\n<h5 style=\"padding-left: 40px;\">SALA 1 - Moderador: Arthur de Oliveira Viana Neto (TCE-AC)<\/h5>\n<p style=\"padding-left: 40px;\">8h \u00e0s 10h \u2013\u00a0MC1 \u2013\u00a0<strong>\"Modelagem da Informa\u00e7\u00e3o da Constru\u00e7\u00e3o (BIM) nos processos de auditoria de obras e servi\u00e7os de engenharia\",<\/strong>\u00a0com Fernando Morini (TCM-SP) e Cleiton Matos (TCU)<\/p>\n<p>&nbsp;<\/p>\n<p style=\"padding-left: 40px;\">10h \u00e0s 12h \u2013 MC2 \u2013\u00a0<strong>\"O impacto da Nova Lei da Desonera\u00e7\u00e3o da Folha de Pagamento e da Reforma Tribut\u00e1ria na or\u00e7amenta\u00e7\u00e3o de obras\"<\/strong>, com Andr\u00e9 Pachioni Baeta (TCU)<\/p>\n<p>&nbsp;<\/p>\n<h5 style=\"padding-left: 40px;\">SALA 2 - Moderador: Bartolomeu Barros Lordelo Jr (TCM-BA)<\/h5>\n<p style=\"padding-left: 40px;\">8h \u00e0s 10h \u2013\u00a0MC3 \u2013\u00a0<strong>\"Estudo T\u00e9cnico Preliminar para Obras e Servi\u00e7os de Engenharia\"<\/strong>, com Guilherme Bride Fernandes (TCE-ES)<\/p>\n<p>&nbsp;<\/p>\n<p style=\"padding-left: 40px;\">10h \u00e0s 12h \u2013\u00a0MC4 \u2013\u00a0<strong>\"DNIT 031\/2024-ES: O que muda na execu\u00e7\u00e3o do CAUQ?\"<\/strong>, com Elci Pessoa J\u00fanior (New Roads Consultoria)<\/p>\n<p>&nbsp;<\/p>\n<h5 style=\"padding-left: 40px;\">SALA 3 - Moderador: Douglas Emanuel Nascimento de Oliveira (TCE-MG)<\/h5>\n<p style=\"padding-left: 40px;\">8h \u00e0s 12h \u2013\u00a0MC5 \u2013\u00a0<strong>\"An\u00e1lise socioecon\u00f4mica de custo-benef\u00edcio para projetos de infraestrutura\"<\/strong>, com Fabiano Pompermayer (IPEA)<\/p>\n<p>&nbsp;<\/p>\n<h5 style=\"padding-left: 40px;\">SALA 4 - Moderador: Paulo Augusto Daschevi (TCE-PR)<\/h5>\n<p style=\"padding-left: 40px;\">8h \u00e0s 12h \u2013\u00a0MC6 \u2013\u00a0<strong>\"Pontos fundamentais na atua\u00e7\u00e3o dos Tribunais de Contas pela Lei n\u00ba 14.133\/2021\"<\/strong>, com Pedro Jorge Rocha de Oliveira (TCE-SC)<\/p>\n<p>&nbsp;<\/p>\n<p style=\"padding-left: 40px;\">13h \u00e0s 15h \u2013\u00a0Assembleia Geral do Ibraop<\/p>\n<p>&nbsp;<\/p>\n<p style=\"padding-left: 40px;\">15h30 \u2013\u00a0Solenidade de Abertura<\/p>\n<p>&nbsp;<\/p>\n<p style=\"padding-left: 40px;\">16h30 \u00e0s 17h30 \u2013\u00a0Divulga\u00e7\u00f5es do Ibraop<\/p>\n<p>&nbsp;<\/p>\n<p style=\"padding-left: 40px;\">DV1 \u2013\u00a0<strong>Procedimentos de Saneamento B\u00e1sico<\/strong>\u00a0\u2013 Dener Alves de Souza (TCE-TO)<\/p>\n<p style=\"padding-left: 40px;\">DV2 \u2013\u00a0<strong>Nota T\u00e9cnica de BIM<\/strong>\u00a0\u2013 Fernando Morini (TCM-SP)<\/p>\n<p style=\"padding-left: 40px;\">DV3 \u2013\u00a0<strong>Nota T\u00e9cnica de Contrata\u00e7\u00e3o Integrada<\/strong>\u00a0\u2013 S\u00edlvia Guedes Gallardo (TCE-SP)<\/p>\n<p style=\"padding-left: 40px;\">DV4 \u2013\u00a0<strong>Procedimentos de Obras Rodovi\u00e1rias<\/strong>\u00a0\u2013 Claudeny Simone Alves Santana (TCE-MS)<\/p>\n<p style=\"padding-left: 40px;\">DV5 \u2013\u00a0<strong>Procedimentos de Impactos Socioambientais<\/strong>\u00a0\u2013 Amanda Faria Lima (Transpar\u00eancia Internacional - Brasil)<\/p>\n<p style=\"padding-left: 40px;\">DV6 \u2013 <strong>Entendimento sobre obra comum e obra especial<\/strong> \u2013 Guilherme Bride (TCE-ES)<\/p>\n<p>&nbsp;<\/p>\n<p style=\"padding-left: 40px;\">17h30 \u00e0s 18h30 \u2013 Confer\u00eancia de Abertura \u2013<strong> \u201cO Programa AdaptaCidades: Caminhos para a Resili\u00eancia Urbana\u201d<\/strong>, com Inamara Santos Mello (MMA); tendo como debatedoras a auditora \u00c9ricka da Silva C\u00e2ndido (TCM-GO), a procuradora de contas Camila Parente Almeida (MPC-RJ) e a conselheira substituta Milene Dias da Cunha (TCE-PA); sob a modera\u00e7\u00e3o da presidente do Ibraop, Adriana Portugal<\/p>\n<p>&nbsp;<\/p>\n<p style=\"padding-left: 40px;\">18h30 \u00e0s 19h \u2013 \u00a0<strong>Lan\u00e7amento do Livro \"Contos Singulares da Hist\u00f3ria do Ibraop\u201d<\/strong>, com Andr\u00e9 Mendes (TCU), Pedro Jorge Rocha de Oliveira (TCE-SC) e Pedro Paulo Piovesan de Farias (TCE-PR), sob a modera\u00e7\u00e3o do diretor de Rela\u00e7\u00f5es Institucionais do Ibraop, Rafael Di Bello<\/p>\n<p>&nbsp;<\/p>\n<p style=\"padding-left: 40px;\">19h \u00e0s 21h \u2013 Coquetel em comemora\u00e7\u00e3o aos <strong>25 anos de funda\u00e7\u00e3o do Ibraop<\/strong><\/p>\n<p>&nbsp;<\/p>\n<hr \/>\n<p><strong>TER\u00c7A-FEIRA (19\/08) _______________<\/strong><\/p>\n<p>&nbsp;<\/p>\n<h5 style=\"padding-left: 40px;\">PAINEL 1 - SANEAMENTO B\u00c1SICO<\/h5>\n<h5 style=\"padding-left: 40px;\">Moderador: Rafael Di Bello (TCU)<\/h5>\n<p style=\"padding-left: 40px;\">9h \u00e0s 9h30 \u2013 P1:\u00a0<strong>\"Saneamento socioambiental: auditorias do TCE-AM no Prosamin Manaus\"<\/strong>, com Marcondes Gil Nogueira (TCE-AM)<\/p>\n<p>&nbsp;<\/p>\n<p style=\"padding-left: 40px;\">9h30 \u00e0s 10h \u2013 P2:\u00a0<strong>\"Auditorias do TCE-PE na execu\u00e7\u00e3o contratual da PPP de esgotamento sanit\u00e1rio da Regi\u00e3o Metropolitana do Recife<\/strong>\", com Felipe Monteiro de Carvalho (TCE-PE)<\/p>\n<p>&nbsp;<\/p>\n<p style=\"padding-left: 40px;\">10h \u00e0s 10h30 \u2013 P3:\u00a0<strong>\"Experi\u00eancia sobre a regula\u00e7\u00e3o da CONVALE \u2013 Res\u00edduos S\u00f3lidos\"<\/strong>, com Marxiley Lima Azevedo\u00a0 (Arisb\/MG)<\/p>\n<p>&nbsp;<\/p>\n<p style=\"padding-left: 40px;\">10h30 \u00e0s 11h \u2013 P4:\u00a0<strong>\"A perspectiva da Casa Civil sobre a universaliza\u00e7\u00e3o do saneamento b\u00e1sico no Brasil \u2013 oportunidades e desafios do Fundo de Apoio \u00e0 Estrutura\u00e7\u00e3o de Projetos de Concess\u00e3o e PPP (FEP)\",<\/strong>\u00a0com Manoel Renato (Casa Civil da Presid\u00eancia da Rep\u00fablica)<\/p>\n<p>&nbsp;<\/p>\n<p style=\"padding-left: 40px;\">11h \u00e0s 12h - Debate<\/p>\n<p>&nbsp;<\/p>\n<p style=\"padding-left: 40px;\">12h \u00e0s 14h - Intervalo de almo\u00e7o<\/p>\n<p>&nbsp;<\/p>\n<p style=\"padding-left: 40px;\"><strong>APRESENTA\u00c7\u00c3O DE ARTIGOS - PARTE 1<\/strong><\/p>\n<h5 style=\"padding-left: 40px;\">Moderador: Paulo Augusto Daschevi (TCE-PR)<\/h5>\n<p style=\"padding-left: 40px;\">14h \u00e0s 14h30 \u2013\u00a0A1 \u2013\u00a0<strong>\u201cEstudo de Impacto Ambiental em Infraestruturas Vi\u00e1rias: Aplica\u00e7\u00e3o da ACV em Diferentes Tipos de Superestrutura de Pontes\u201d<\/strong>, com Dayvson Almeida<\/p>\n<p>&nbsp;<\/p>\n<p style=\"padding-left: 40px;\">14h30 \u00e0s 15h \u2013\u00a0A2 \u2013<strong>\u00a0\u201cAn\u00e1lise de Emiss\u00f5es de Gases de Efeito Estufa considerando o Servi\u00e7o de Pavimenta\u00e7\u00e3o em Via Urbana\u201d<\/strong>, com Claudeny Simone Alves Santana<\/p>\n<p>&nbsp;<\/p>\n<p style=\"padding-left: 40px;\">15h \u00e0s 15h30 \u2013 A3 \u2013 <strong>\u201cEstudo de Caso: Avalia\u00e7\u00e3o do Or\u00e7amento e Projeto B\u00e1sico de uma Obra Ferrovi\u00e1ria n\u00e3o iniciada e o Potencial de Gera\u00e7\u00e3o de Benef\u00edcios Efetivos\u201d<\/strong>, com Edson Kurokawa<\/p>\n<p>&nbsp;<\/p>\n<p style=\"padding-left: 40px;\">15h30 \u00e0s 16h \u2013\u00a0Debate<\/p>\n<p>&nbsp;<\/p>\n<p style=\"padding-left: 40px;\">16h \u00e0s 16h30 \u2013\u00a0Intervalo para\u00a0<em>coffee break<\/em><\/p>\n<p>&nbsp;<\/p>\n<h5 style=\"padding-left: 40px;\">PAINEL 2 - LOG\u00cdSTICA E TRANSPORTES<\/h5>\n<h5 style=\"padding-left: 40px;\">Moderador: Bruno Lu\u00eds Malaquias (TCE-GO)<\/h5>\n<p style=\"padding-left: 40px;\">16h30 \u00e0s 17h \u2013 P5:\u00a0<strong>\"Modelagem espacialmente expl\u00edcita para prioriza\u00e7\u00e3o de grandes obras de infraestrutura terrestre<\/strong>\", com Raoni Raj\u00e3o (UFMG)<\/p>\n<p>&nbsp;<\/p>\n<p style=\"padding-left: 40px;\">17h \u00e0s 17h30 \u2013 P6: <strong>\"Infraestrutura de Transportes na Amaz\u00f4nia e para a Amaz\u00f4nia: Desafios do Plano Nacional de Log\u00edstica 2050 e das Rotas de Integra\u00e7\u00e3o Sul-Americana\"<\/strong>, com Andr\u00e9 Ferreira (IEMA)<\/p>\n<p>&nbsp;<\/p>\n<p style=\"padding-left: 40px;\">17h30 \u00e0s 18h \u2013 P7: <strong>\"Rotas sul-americanas, a garantia da integra\u00e7\u00e3o e da sustentabilidade\",<\/strong>\u00a0com Jo\u00e3o Villaverde (Minist\u00e9rio do Planejamento e Or\u00e7amento)<\/p>\n<p>&nbsp;<\/p>\n<p style=\"padding-left: 40px;\">18h \u00e0s 18h30 \u2013 Debate<\/p>\n<p>&nbsp;<\/p>\n<p style=\"padding-left: 40px;\">18h30 \u2013 Encerramento das atividades do 2\u00ba dia<\/p>\n<p>&nbsp;<\/p>\n<hr \/>\n<p><strong>QUARTA-FEIRA (20\/08) ________________<\/strong><\/p>\n<p>&nbsp;<\/p>\n<h5 style=\"padding-left: 40px;\">PAINEL 3 - OBRAS RODOVI\u00c1RIAS<\/h5>\n<h5 style=\"padding-left: 40px;\">Moderador: Douglas Emanuel Nascimento de Oliveira (TCE-MG)<\/h5>\n<p style=\"padding-left: 40px;\">9h \u00e0s 9h30 \u2013 P8: <strong>\"Inova\u00e7\u00f5es tecnol\u00f3gicas para levantamento visual cont\u00ednuo na avalia\u00e7\u00e3o funcional de rodovias\",<\/strong> com Ant\u00f4nio Ferreira J\u00fanior (TCE-CE) e Daniel Brand\u00e3o (TCE-GO)<\/p>\n<p>&nbsp;<\/p>\n<p>&nbsp;<\/p>\n<p style=\"padding-left: 40px;\">9h30 \u00e0s 10h \u2013 P9: <strong>\"Diretrizes para a elabora\u00e7\u00e3o de projetos de estradas vicinais\",<\/strong> com Bruno Gomes (TCM-PA)<\/p>\n<p>&nbsp;<\/p>\n<p>&nbsp;<\/p>\n<p style=\"padding-left: 40px;\">10h \u00e0s 10h30 \u2013 P10: <strong>\"DNIT 031\/2024-ES - Avan\u00e7os, desafios e impactos na pr\u00e1tica das obras rodovi\u00e1rias\"<\/strong>, com Luiz Guilherme Rodrigues De Mello (DNIT)<\/p>\n<p>&nbsp;<\/p>\n<p>&nbsp;<\/p>\n<p style=\"padding-left: 40px;\">10h30 \u00e0s 11h \u2013 P11: <strong>\u201cPer\u00edcias em obra de arte especial\u201d<\/strong>, com Bruno Salgado (PF)<\/p>\n<p>&nbsp;<\/p>\n<p style=\"padding-left: 40px;\">11h \u00e0s 12h \u2013 Debate<\/p>\n<p>&nbsp;<\/p>\n<p style=\"padding-left: 40px;\">12h \u00e0s 14h \u2013\u00a0Intervalo de almo\u00e7o<\/p>\n<p>&nbsp;<\/p>\n<p style=\"padding-left: 40px;\"><strong>APRESENTA\u00c7\u00c3O DE ARTIGOS - PARTE 2<\/strong><\/p>\n<h5 style=\"padding-left: 40px;\">Moderadora: \u00c9ricka da Silva C\u00e2ndido (TCM-GO)<\/h5>\n<p style=\"padding-left: 40px;\">14h \u00e0s 14h30 \u2013 A4 \u2013 <strong>\u201cAn\u00e1lise da aus\u00eancia de Saneamento B\u00e1sico em escolas a partir do Projeto \u2018Sede de Aprender\u2019, em Minas Gerais\u201d,<\/strong> com Douglas de Oliveira<\/p>\n<p>&nbsp;<\/p>\n<p style=\"padding-left: 40px;\">14h30 \u00e0s 15h \u2013\u00a0A5 \u2013\u00a0<strong>\u201cUso de Base de Dados Geoespaciais da Constela\u00e7\u00e3o Planet em Identifica\u00e7\u00e3o de Irregularidade em Obra de Pavimenta\u00e7\u00e3o Urbana\u201d<\/strong>, com Edson Kurokawa<\/p>\n<p>&nbsp;<\/p>\n<p style=\"padding-left: 40px;\">15h \u00e0s 15h30 \u2013\u00a0A6 \u2013\u00a0<strong>\u201cEstudo de Implanta\u00e7\u00e3o de Estradas Rurais n\u00e3o pavimentadas no Pantanal Sul Matogrossense\u201d<\/strong>, com Claudeny Simone Alves Santana<\/p>\n<p>&nbsp;<\/p>\n<p style=\"padding-left: 40px;\">15h30 \u00e0s 16h \u2013\u00a0Debate<\/p>\n<p>&nbsp;<\/p>\n<p style=\"padding-left: 40px;\">16h \u00e0s 16h30 \u2013\u00a0Intervalo para\u00a0coffee break<\/p>\n<p>&nbsp;<\/p>\n<h5 style=\"padding-left: 40px;\">PAINEL 4 - LICENCIAMENTO AMBIENTAL<\/h5>\n<h5 style=\"padding-left: 40px;\">Moderador: Arist\u00f3teles Sampaio Costa (TCE-RR)<\/h5>\n<p style=\"padding-left: 40px;\">16h30 \u00e0s 17h \u2013 P12: <strong>\"Explora\u00e7\u00e3o da Foz do Amazonas: repercuss\u00f5es para o clima e economia\"<\/strong>, com Ricardo Junqueira Fujii (WWF)<\/p>\n<p>&nbsp;<\/p>\n<p style=\"padding-left: 40px;\">17h \u00e0s 17h30 \u2013 P13:<strong>\u00a0\u201cEnergia e Meio Ambiente na Foz do Amazonas: Perspectivas para uma Transi\u00e7\u00e3o Justa\u201d<\/strong>, com Jean Paul Prates (Cerne)<\/p>\n<p>&nbsp;<\/p>\n<p style=\"padding-left: 40px;\">17h30 \u00e0s 18h \u2013 P14: <strong>\"As oportunidades que o licenciamento pode criar\u201d<\/strong>, Ronney C\u00e9sar Campos Peixoto (Semig\/AM)<\/p>\n<p>&nbsp;<\/p>\n<p style=\"padding-left: 40px;\">18h \u00e0s 18h30 \u2013\u00a0Debate<\/p>\n<p>&nbsp;<\/p>\n<p style=\"padding-left: 40px;\">18h30 \u2013\u00a0Encerramento das atividades do 3\u00ba dia<\/p>\n<p>&nbsp;<\/p>\n<hr \/>\n<p><strong>QUINTA-FEIRA (21\/08) ___________________<\/strong><\/p>\n<p>&nbsp;<\/p>\n<h5 style=\"padding-left: 40px;\">PAINEL 5 - EMERG\u00caNCIA CLIM\u00c1TICA E TRATAMENTO DE DESASTRES<\/h5>\n<h5 style=\"padding-left: 40px;\">Moderador: Fernando Morini (TCM-SP)<\/h5>\n<p style=\"padding-left: 40px;\">9h \u00e0s 9h30 \u2013 P15: <strong>\u201cAs a\u00e7\u00f5es do MPC e TCE AM na pol\u00edtica estadual de preven\u00e7\u00e3o de desastres\u201d<\/strong>, com Ruy Marcelo Alencar Mendon\u00e7a (MPC-AM)<\/p>\n<p>&nbsp;<\/p>\n<p>&nbsp;<\/p>\n<p style=\"padding-left: 40px;\">9h30 \u00e0s 10h \u2013 P16: <strong>\"Projeto Resili\u00eancia Clim\u00e1tica do TCE-RS\"<\/strong>, com Clauber Bridi (TCE-RS)<\/p>\n<p>&nbsp;<\/p>\n<p>&nbsp;<\/p>\n<p style=\"padding-left: 40px;\">10h \u00e0s 10h30 \u2013 P17: <strong>\"Climate Scanner \u2013 Avalia\u00e7\u00e3o global sobre as a\u00e7\u00f5es governamentais relacionadas \u00e0 mudan\u00e7a do clima\"<\/strong>, com Carlos Eduardo Lustosa (TCU)<\/p>\n<p>&nbsp;<\/p>\n<h5 style=\"padding-left: 40px;\">PALAVRA DO PATROCINADOR<\/h5>\n<p style=\"padding-left: 40px;\">10h30 \u00e0s 11h10 \u2013 PP: <strong>\u201cMuito Al\u00e9m do FGTS: A CAIXA como Parceira do Desenvolvimento Nacional\u201d<\/strong>, com Rodrigo Gorski (Caixa Econ\u00f4mica Federal)<\/p>\n<p>&nbsp;<\/p>\n<p style=\"padding-left: 40px;\">11h10 \u00e0s 12h \u2013 Debate<\/p>\n<p>&nbsp;<\/p>\n<p style=\"padding-left: 40px;\">12h \u00e0s 14h \u2013\u00a0Intervalo de almo\u00e7o<\/p>\n<p>&nbsp;<\/p>\n<p style=\"padding-left: 40px;\"><strong>APRESENTA\u00c7\u00c3O DE ARTIGOS - PARTE 3<\/strong><\/p>\n<h5 style=\"padding-left: 40px;\">Moderador: J\u00falio Uchoa Cavalcanti Neto (TCE-PB)<\/h5>\n<p style=\"padding-left: 40px;\">14h \u00e0s 14h30 \u2013\u00a0A7 \u2013\u00a0<strong>\u201cYolo aplicado \u00e0 Infraestrutura Urbana: Detec\u00e7\u00e3o de Fissuras em Ciclovias com o Apoio de Drones\u201d<\/strong>, com\u00a0 Michele Tereza Marques Carvalho<\/p>\n<p>&nbsp;<\/p>\n<p style=\"padding-left: 40px;\">14h30 \u00e0s 15h \u2013\u00a0A8 \u2013\u00a0<strong>\u201cUso de Ferramentas de IA Simulando uma Auditoria Real de An\u00e1lise de Dados Or\u00e7ament\u00e1rios de Obra de Constru\u00e7\u00e3o Adutora\u201d<\/strong>, com Edson Kurokawa<\/p>\n<p>&nbsp;<\/p>\n<p style=\"padding-left: 40px;\">15h \u00e0s 15h30 \u2013\u00a0A9 \u2013\u00a0<strong>\u201cIntelig\u00eancia Artificial para a Infraestrutura das Cidades Amaz\u00f4nicas\u201d<\/strong>, com C\u00e9sar Augusto Wanderley Oliveira<\/p>\n<p>&nbsp;<\/p>\n<p style=\"padding-left: 40px;\">15h30 \u00e0s 16h \u2013\u00a0Debate<\/p>\n<p>&nbsp;<\/p>\n<p style=\"padding-left: 40px;\">16h \u00e0s 16h30 \u2013\u00a0Intervalo para\u00a0<em>coffee break<\/em><\/p>\n<p>&nbsp;<\/p>\n<h5 style=\"padding-left: 40px;\">PAINEL 6 - INTELIG\u00caNCIA ARTIFICIAL PARA A INFRAESTRUTURA<\/h5>\n<h5 style=\"padding-left: 40px;\">Moderador: Guilherme Bride Fernandes (TCE-ES)<\/h5>\n<p style=\"padding-left: 40px;\">16h30 \u00e0s 17h \u2013 P18: <strong>\u201cUso de IA em auditoria de obras p\u00fablicas\u201d<\/strong>, com Jo\u00e3o Pedro Batista Ribeiro Costa (TCU)<\/p>\n<p>&nbsp;<\/p>\n<p style=\"padding-left: 40px;\">17h \u00e0s 17h30 \u2013 P19: <strong>\"Intelig\u00eancia Artificial em Obras de Engenharia Civil: Desenvolvimento e Pesquisas na UnB\",<\/strong> com Michele Carvalho (UnB)<\/p>\n<p>&nbsp;<\/p>\n<div style=\"padding-left: 40px;\">\n<h5><\/h5>\n<p><span style=\"font-size: 16px;\">17h30 \u00e0s 18h \u2013 <\/span>\u00a0Debate<\/p>\n<p>&nbsp;<\/p>\n<p>18h \u2013 Encerramento das atividades do 4\u00ba dia<\/p>\n<\/div>\n<p>&nbsp;<\/p>\n<hr \/>\n<div style=\"padding-left: 40px;\">\n<p><strong>SEXTA-FEIRA (22\/08) _________________<\/strong><\/p>\n<p>&nbsp;<\/p>\n<h5>PAINEL 7 - RETOMADA DE OBRAS<\/h5>\n<h5><span style=\"font-size: 16px;\">Moderadora: Adriana Portugal (TCDF)<\/span><\/h5>\n<p><span style=\"font-size: 16px;\">9h \u00e0s 9h30 \u2013 P20: <\/span><strong style=\"font-size: 16px;\">\"For\u00e7a-Tarefa Cidad\u00e3 \u2013 Obras\"<\/strong><span style=\"font-size: 16px;\">, com Keyla Boaventura (TCU) e Ney Ribas (Observat\u00f3rio Social)<\/span><\/p>\n<p>&nbsp;<\/p>\n<p>9h30 \u00e0s 10h \u2013 P21: <strong>\u201cParcerias do TCE-PR com Universidades e CREA-PR: sinergia que impulsiona a retomada de obras p\u00fablicas paralisadas no Paran\u00e1\u201d<\/strong>, com Maria Jos\u00e9 Carvalho (TCE-PR)<\/p>\n<p>&nbsp;<\/p>\n<p>10h \u00e0s 10h30 \u2013 P22: <strong>\"A perspectiva da sociedade civil em rela\u00e7\u00e3o \u00e0 BR-319<\/strong>\", com Marcelo Rodrigues (Observat\u00f3rio BR-319)<\/p>\n<p>&nbsp;<\/p>\n<p>10h30 \u00e0s 11h \u2013 P23: <strong>\u201cRetomada da BR-319 sob o ponto de vista do Minist\u00e9rio\u201d<\/strong>, com Camila Lourdes da Silva (Minist\u00e9rio dos Transportes)<\/p>\n<p>&nbsp;<\/p>\n<p>11h \u00e0s 11h30 \u2013 Debate<\/p>\n<p>&nbsp;<\/p>\n<p>11h30 \u00e0s 12h30 \u2013 Confer\u00eancia de Encerramento \u2013 <strong>\"A necessidade de infraestrutura na Amaz\u00f4nia\"<\/strong>, com o Prof. Augusto Cesar Barreto Rocha (UFAM), e os debatedores Adriana Portugal (Ibraop\/TCDF) e Alexandre Rivas (Escola de Contas do TCE-AM)<\/p>\n<p>&nbsp;<\/p>\n<p>12h30 \u2013 Encerramento das atividades do 5\u00ba dia<\/p>\n<\/div>\n<\/div>\n<\/div><\/div><\/div><\/div><\/div>","protected":false},"excerpt":{"rendered":"<p>PROGRAMA\u00c7\u00c3O\u00a0 XXI SINAOP carga hor\u00e1ria: 33 horas\/aula SEGUNDA-FEIRA (18\/08)___________ &nbsp; A partir das 7h \u2013\u00a0Credenciamento &nbsp; MINICURSOS SALA 1 &#8211; Moderador: Arthur de Oliveira Viana Neto (TCE-AC) 8h \u00e0s 10h \u2013\u00a0MC1 \u2013\u00a0&#8220;Modelagem da Informa\u00e7\u00e3o da Constru\u00e7\u00e3o (BIM) nos processos de auditoria de obras e servi\u00e7os de engenharia&#8221;,\u00a0com Fernando Morini (TCM-SP) e Cleiton Matos (TCU) &nbsp; [&hellip;]<\/p>\n","protected":false},"author":3,"featured_media":0,"parent":0,"menu_order":0,"comment_status":"closed","ping_status":"closed","template":"","meta":{"footnotes":""},"class_list":["post-44","page","type-page","status-publish","hentry","post"],"_links":{"self":[{"href":"https:\/\/www.ibraop.org.br\/xxi-sinaop\/wp-json\/wp\/v2\/pages\/44","targetHints":{"allow":["GET"]}}],"collection":[{"href":"https:\/\/www.ibraop.org.br\/xxi-sinaop\/wp-json\/wp\/v2\/pages"}],"about":[{"href":"https:\/\/www.ibraop.org.br\/xxi-sinaop\/wp-json\/wp\/v2\/types\/page"}],"author":[{"embeddable":true,"href":"https:\/\/www.ibraop.org.br\/xxi-sinaop\/wp-json\/wp\/v2\/users\/3"}],"replies":[{"embeddable":true,"href":"https:\/\/www.ibraop.org.br\/xxi-sinaop\/wp-json\/wp\/v2\/comments?post=44"}],"version-history":[{"count":111,"href":"https:\/\/www.ibraop.org.br\/xxi-sinaop\/wp-json\/wp\/v2\/pages\/44\/revisions"}],"predecessor-version":[{"id":972,"href":"https:\/\/www.ibraop.org.br\/xxi-sinaop\/wp-json\/wp\/v2\/pages\/44\/revisions\/972"}],"wp:attachment":[{"href":"https:\/\/www.ibraop.org.br\/xxi-sinaop\/wp-json\/wp\/v2\/media?parent=44"}],"curies":[{"name":"wp","href":"https:\/\/api.w.org\/{rel}","templated":true}]}}