{"id":326,"date":"2025-06-19T10:00:14","date_gmt":"2025-06-19T13:00:14","guid":{"rendered":"https:\/\/www.ibraop.org.br\/xxi-sinaop\/?page_id=326"},"modified":"2025-06-19T12:07:46","modified_gmt":"2025-06-19T15:07:46","slug":"dicas-gastronomicas","status":"publish","type":"page","link":"https:\/\/www.ibraop.org.br\/xxi-sinaop\/dicas-gastronomicas\/","title":{"rendered":"Dicas Gastron\u00f4micas"},"content":{"rendered":"<p>Manaus possui \u00f3timas op\u00e7\u00f5es de restaurantes que oferecem n\u00e3o s\u00f3 comidas t\u00edpicas da regi\u00e3o, como tradicionais pratos da cultura brasileira. Selecionamos os mais pr\u00f3ximos ao TCE-AM, e respectivos links de localiza\u00e7\u00e3o, para agilizar o intervalo de almo\u00e7o nos dias do evento.<\/p>\n<p>Mais abaixo, listamos alguns dos mais renomados da capital para aqueles que queiram confraternizar depois do evento, com seus respectivos endere\u00e7os, telefones, sites e redes sociais para facilitar a sua pesquisa.<\/p>\n<h3 style=\"padding-left: 40px;\"><\/h3>\n<p><strong>\u00a0<\/strong><\/p>\n<h3 style=\"padding-left: 40px;\">ALMO\u00c7O R\u00c1PIDO:<\/h3>\n<p><strong>\u00a0<\/strong><\/p>\n<p style=\"padding-left: 80px;\"><strong>Alentejo<\/strong><br \/>\nTempo de deslocamento do TCE: 15 minutos.<br \/>\nLink de localiza\u00e7\u00e3o: <a href=\"https:\/\/goo.gl\/maps\/fPX1VsH1rVwT42478\">https:\/\/goo.gl\/maps\/fPX1VsH1rVwT42478<\/a><\/p>\n<h3 style=\"padding-left: 40px;\"><\/h3>\n<p><strong>\u00a0<\/strong><\/p>\n<p style=\"padding-left: 80px;\"><strong>Cozinha do Portugu\u00eas<\/strong><br \/>\nTempo de deslocamento do TCE: 15 minutos.<br \/>\nLink de localiza\u00e7\u00e3o: <a href=\"https:\/\/g.page\/cozinhadoportugues?share\">https:\/\/g.page\/cozinhadoportugues?share<\/a><\/p>\n<h3 style=\"padding-left: 40px;\"><\/h3>\n<p><strong>\u00a0<\/strong><\/p>\n<p style=\"padding-left: 80px;\"><strong>Marismar<\/strong><br \/>\nTempo de deslocamento do TCE: 12 minutos.<br \/>\nLink de localiza\u00e7\u00e3o: <a href=\"https:\/\/goo.gl\/maps\/xgiJLivApKBvwHxBA\">https:\/\/goo.gl\/maps\/xgiJLivApKBvwHxBA<\/a><\/p>\n<h3 style=\"padding-left: 40px;\"><\/h3>\n<p><strong>\u00a0<\/strong><\/p>\n<p style=\"padding-left: 80px;\"><strong>Felicori<\/strong><br \/>\nTempo de deslocamento do TCE: 12 minutos.<br \/>\nLink de localiza\u00e7\u00e3o: <a href=\"https:\/\/goo.gl\/maps\/R1Ri6UHE3zjZyfwX9\">https:\/\/goo.gl\/maps\/R1Ri6UHE3zjZyfwX9<\/a><\/p>\n<h3 style=\"padding-left: 40px;\"><\/h3>\n<p><strong>\u00a0<\/strong><\/p>\n<p style=\"padding-left: 80px;\"><strong>Tio Arm\u00eanio \u2013 Amazonas Shopping<\/strong><br \/>\nTempo de deslocamento do TCE: 15 minutos.<br \/>\nLink de localiza\u00e7\u00e3o: <a href=\"https:\/\/goo.gl\/maps\/dMyKWtFY1kgjvTKt8\">https:\/\/goo.gl\/maps\/dMyKWtFY1kgjvTKt8<\/a><\/p>\n<h3 style=\"padding-left: 40px;\"><\/h3>\n<p><strong>\u00a0<\/strong><\/p>\n<hr \/>\n<p style=\"padding-left: 40px;\"><em><strong>Comidas Regionais____<\/strong><\/em><\/p>\n<h3 style=\"padding-left: 40px;\"><\/h3>\n<p><strong>\u00a0<\/strong><\/p>\n<p style=\"padding-left: 80px;\"><strong>Amazonas Steakhouse<\/strong><br \/>\nTempo de deslocamento do TCE: 5 minutos.<br \/>\nLink de localiza\u00e7\u00e3o: <a href=\"https:\/\/goo.gl\/maps\/Qo6yWBoLeLvQbPRx5\">https:\/\/goo.gl\/maps\/Qo6yWBoLeLvQbPRx5<\/a><\/p>\n<h3 style=\"padding-left: 40px;\"><\/h3>\n<p><strong>\u00a0<\/strong><\/p>\n<p style=\"padding-left: 80px;\"><strong>Tambagrill<\/strong><br \/>\nTempo de deslocamento do TCE: 7 minutos.<br \/>\nLink de localiza\u00e7\u00e3o: <a href=\"https:\/\/goo.gl\/maps\/jjzg7R5TjYcRugYu6\">https:\/\/goo.gl\/maps\/jjzg7R5TjYcRugYu6<\/a><\/p>\n<h3 style=\"padding-left: 40px;\"><\/h3>\n<p><strong>\u00a0<\/strong><\/p>\n<p style=\"padding-left: 80px;\"><strong>Est\u00f3ria do Pescador<\/strong><br \/>\nTempo de deslocamento do TCE: 10 minutos.<br \/>\nLink de localiza\u00e7\u00e3o: <a href=\"https:\/\/goo.gl\/maps\/Y887DFcba78MY7688\">https:\/\/goo.gl\/maps\/Y887DFcba78MY7688<\/a><\/p>\n<h3 style=\"padding-left: 40px;\"><\/h3>\n<p><strong>\u00a0<\/strong><\/p>\n<p style=\"padding-left: 80px;\"><strong>La Parrilla Grill Morada do Sol<\/strong><br \/>\nTempo de deslocamento do TCE: 10 minutos.<br \/>\nLink de localiza\u00e7\u00e3o: <a href=\"https:\/\/goo.gl\/maps\/mR6cnbFhm3wbKZxj7\">https:\/\/goo.gl\/maps\/mR6cnbFhm3wbKZxj7<\/a><\/p>\n<h3 style=\"padding-left: 40px;\"><\/h3>\n<p><strong>\u00a0<\/strong><\/p>\n<p style=\"padding-left: 80px;\"><strong>Choupana<\/strong><br \/>\nTempo de deslocamento do TCE: 15 minutos.<br \/>\nLink de localiza\u00e7\u00e3o: <a href=\"https:\/\/goo.gl\/maps\/icNGs1rCJSUkHFKr9\">https:\/\/goo.gl\/maps\/icNGs1rCJSUkHFKr9<\/a><\/p>\n<h3 style=\"padding-left: 40px;\"><\/h3>\n<p><strong>\u00a0<\/strong><\/p>\n<p style=\"padding-left: 80px;\"><strong>Amaz\u00f4nico Peixaria Regional<\/strong><br \/>\nTempo de deslocamento do TCE: 15 minutos.<br \/>\nLink de localiza\u00e7\u00e3o: <a href=\"https:\/\/g.page\/amazonicopeixaria?share\">https:\/\/g.page\/amazonicopeixaria?share<\/a><\/p>\n<h3 style=\"padding-left: 40px;\"><\/h3>\n<p><strong>\u00a0<\/strong><\/p>\n<p style=\"padding-left: 80px;\"><strong>Banzeiro<\/strong><br \/>\nTempo de deslocamento do TCE: 17 minutos.<br \/>\nLink de localiza\u00e7\u00e3o: <a href=\"https:\/\/g.page\/restaurantebanzeiro?share\">https:\/\/g.page\/restaurantebanzeiro?share<\/a><\/p>\n<h3 style=\"padding-left: 40px;\"><\/h3>\n<p><strong>\u00a0<\/strong><\/p>\n<hr \/>\n<p style=\"padding-left: 40px;\"><em><strong>Carnes____<\/strong><\/em><\/p>\n<h3 style=\"padding-left: 40px;\"><\/h3>\n<p><strong>\u00a0<\/strong><\/p>\n<p style=\"padding-left: 80px;\"><strong>Adolfo Assador Oficial<\/strong><br \/>\nTempo de deslocamento do TCE: 10 minutos.<br \/>\nLink de localiza\u00e7\u00e3o: <a href=\"https:\/\/g.page\/adolphoassadoroficial?share\">https:\/\/g.page\/adolphoassadoroficial?share<\/a><\/p>\n<h3 style=\"padding-left: 40px;\"><\/h3>\n<p><strong>\u00a0<\/strong><\/p>\n<p style=\"padding-left: 80px;\"><strong>Picanha Mania \u2013 Manauara Shopping<\/strong><br \/>\nTempo de deslocamento do TCE: 10 minutos.<br \/>\nLink de localiza\u00e7\u00e3o: <a href=\"https:\/\/goo.gl\/maps\/ouogLqqmiqjz8K8W8\">https:\/\/goo.gl\/maps\/ouogLqqmiqjz8K8W8<\/a><\/p>\n<h3 style=\"padding-left: 40px;\"><\/h3>\n<p><strong>\u00a0<\/strong><\/p>\n<p style=\"padding-left: 80px;\"><strong>Churrascaria B\u00fafalo<\/strong><br \/>\nTempo de deslocamento do TCE: 15 minutos.<br \/>\nLink de localiza\u00e7\u00e3o: <a href=\"https:\/\/g.page\/bufalo_chirrascaria?share\">https:\/\/g.page\/bufalo_chirrascaria?share<\/a><\/p>\n<h3 style=\"padding-left: 40px;\"><\/h3>\n<p><strong>\u00a0<\/strong><\/p>\n<p style=\"padding-left: 80px;\"><strong>Ga\u00fachos<\/strong><br \/>\nTempo de deslocamento do TCE: 15 minutos.<br \/>\nLink de localiza\u00e7\u00e3o: <a href=\"https:\/\/goo.gl\/maps\/jy2UqXxGMctna8GT8\">https:\/\/goo.gl\/maps\/jy2UqXxGMctna8GT8<\/a><\/p>\n<h3 style=\"padding-left: 40px;\"><\/h3>\n<p><strong>\u00a0<\/strong><\/p>\n<p style=\"padding-left: 80px;\"><strong>Toreador \u2013 Amazonas Shopping<\/strong><br \/>\nTempo de deslocamento do TCE: 15 minutos.<br \/>\nLink de localiza\u00e7\u00e3o: <a href=\"https:\/\/g.page\/toreadoroficial?share\">https:\/\/g.page\/toreadoroficial?share<\/a><\/p>\n<h3 style=\"padding-left: 40px;\"><\/h3>\n<p><strong>\u00a0<\/strong><\/p>\n<hr \/>\n<h3 style=\"padding-left: 40px;\">BARZINHOS:<\/h3>\n<h3 style=\"padding-left: 40px;\"><\/h3>\n<p><strong>\u00a0<\/strong><\/p>\n<p style=\"padding-left: 80px;\"><strong>Gargalo Sport Beer<\/strong><br \/>\nLink de localiza\u00e7\u00e3o: <a href=\"https:\/\/goo.gl\/maps\/6Tdix8mVgEdrR4mq8\">https:\/\/goo.gl\/maps\/6Tdix8mVgEdrR4mq8<\/a><\/p>\n<h3 style=\"padding-left: 40px;\"><\/h3>\n<p><strong>\u00a0<\/strong><\/p>\n<p style=\"padding-left: 80px;\"><strong>Axerito Bar<\/strong><br \/>\nLink de localiza\u00e7\u00e3o: <a href=\"https:\/\/g.page\/axeritobar?share\">https:\/\/g.page\/axeritobar?share<\/a><\/p>\n<h3 style=\"padding-left: 40px;\"><\/h3>\n<p><strong>\u00a0<\/strong><\/p>\n<p style=\"padding-left: 80px;\"><strong>Salom\u00e9 Bar<\/strong><br \/>\nLink de localiza\u00e7\u00e3o: <a href=\"https:\/\/g.page\/salomebarmanaus?share\">https:\/\/g.page\/salomebarmanaus?share<\/a><\/p>\n<h3 style=\"padding-left: 40px;\"><\/h3>\n<p><strong>\u00a0<\/strong><\/p>\n<p style=\"padding-left: 80px;\"><strong>Sindicato BBQ-Drinks<\/strong><br \/>\nLink de localiza\u00e7\u00e3o: <a href=\"https:\/\/goo.gl\/maps\/QukZqZWGwn4t5eLq5\">https:\/\/goo.gl\/maps\/QukZqZWGwn4t5eLq5<\/a><\/p>\n<h3 style=\"padding-left: 40px;\"><\/h3>\n<p><strong>\u00a0<\/strong><\/p>\n<p style=\"padding-left: 80px;\"><strong>Carit\u00f3<\/strong><br \/>\nLink de localiza\u00e7\u00e3o: <a href=\"https:\/\/goo.gl\/maps\/6wBDZTSUXgAmY3THA\">https:\/\/goo.gl\/maps\/6wBDZTSUXgAmY3THA<\/a><\/p>\n<h3 style=\"padding-left: 40px;\"><\/h3>\n<p><strong>\u00a0<\/strong><\/p>\n<p style=\"padding-left: 80px;\"><strong>MIH \u2013 BAR<\/strong><br \/>\nLink de localiza\u00e7\u00e3o: <a href=\"https:\/\/goo.gl\/maps\/guaK876fAS44qehg9\">https:\/\/goo.gl\/maps\/guaK876fAS44qehg9<\/a><\/p>\n<h3 style=\"padding-left: 40px;\"><\/h3>\n<p><strong>\u00a0<\/strong><\/p>\n<p style=\"padding-left: 80px;\"><strong>Caldeira da Vila<\/strong><br \/>\nLink de localiza\u00e7\u00e3o: <a href=\"https:\/\/goo.gl\/maps\/PUCWAPQTzAUgyq5i6\">https:\/\/goo.gl\/maps\/PUCWAPQTzAUgyq5i6<\/a><\/p>\n<h3 style=\"padding-left: 40px;\"><\/h3>\n<p><strong>\u00a0<\/strong><\/p>\n<p style=\"padding-left: 80px;\"><strong>Cacha\u00e7aria do Ded\u00e9 \u2013 Parque 10<\/strong><br \/>\nLink de localiza\u00e7\u00e3o: <a href=\"https:\/\/g.page\/cachacariadodedep10?share\">https:\/\/g.page\/cachacariadodedep10?share\u00a0<\/a><\/p>\n<h3 style=\"padding-left: 40px;\"><\/h3>\n<p><strong>\u00a0<\/strong><\/p>\n<hr \/>\n<h3 style=\"padding-left: 40px;\">PARA DEGUSTAR:<\/h3>\n<h3 style=\"padding-left: 40px;\"><\/h3>\n<p><strong>\u00a0<\/strong><\/p>\n<p style=\"padding-left: 80px;\"><strong>Roseiral Restaurante<\/strong><br \/>\nContato: (92) 98430-2080<br \/>\nInstagram: @roseiralrestaurante<br \/>\nHor\u00e1rio de funcionamento: Segunda-feira a s\u00e1bado de 10h \u00e0s 22h.<br \/>\nDomingo de 8h \u00e0s 22h<\/p>\n<h3 style=\"padding-left: 40px;\"><\/h3>\n<p><strong>\u00a0<\/strong><\/p>\n<p style=\"padding-left: 80px;\"><strong>Restaurante Amaz\u00f4nico Peixaria Regional<\/strong><br \/>\nContato: (92) 3236-0546 e (92) 98437-0274<br \/>\nSite: amazonico.com.br<br \/>\nInstagram: @amazonicopeixaria<br \/>\nHor\u00e1rio de funcionamento: Domingo a s\u00e1bado das 11h \u00e0s 15h30<br \/>\nJantar: Segunda-feira a s\u00e1bado 18h30 \u00e0s 22h30<\/p>\n<h3 style=\"padding-left: 40px;\"><\/h3>\n<p><strong>\u00a0<\/strong><\/p>\n<p style=\"padding-left: 80px;\"><strong>Restaurante Tambaqui de Banda \u2013 Teatro Amazonas<\/strong><br \/>\nContato: (92) 98554-9513<br \/>\nInstagram: @tambaquidebanda<br \/>\nHor\u00e1rio de funcionamento: Segunda-feira a domingo das 11h \u00e0s 23h<\/p>\n<h3 style=\"padding-left: 40px;\"><\/h3>\n<p><strong>\u00a0<\/strong><\/p>\n<p style=\"padding-left: 80px;\"><strong>Restaurante Banzeiro<\/strong><br \/>\nContato: (92) 3234-1621 e (92) 98437-0274<br \/>\nSite: grupobanzeiro.com.br<br \/>\nInstagram: @banzeiromanaus.oficial<br \/>\nHor\u00e1rio de funcionamento: Segunda-feira a s\u00e1bado das 11h30 \u00e0s 15h30,<br \/>\nDomingo 11h \u00e0s 16h<\/p>\n<h3 style=\"padding-left: 40px;\"><\/h3>\n<p><strong>\u00a0<\/strong><\/p>\n<p style=\"padding-left: 80px;\"><strong>Restaurante Barollo<\/strong><br \/>\nEndere\u00e7o: Rua Rio Ituxi, 290<br \/>\nBairro: Vieiralves<br \/>\nContato: (92) 3083-8149<br \/>\nSite: barollo.com.br<br \/>\nInstagram: @barollomanaus<br \/>\nHor\u00e1rio de funcionamento: Segunda-feira a quinta-feira das 11h30 \u00e0s 23h,<br \/>\nsexta-feira e s\u00e1bado das 11h30 \u00e0s 2h e Domingo das 11h30 \u00e0s 16h<\/p>\n<h3 style=\"padding-left: 40px;\"><\/h3>\n<p><strong>\u00a0<\/strong><\/p>\n<p style=\"padding-left: 80px;\"><strong>Restaurante Caxiri<\/strong><br \/>\nContato: (92) 98405-4769<br \/>\nInstagram: @caxiri_amazonia<br \/>\nHor\u00e1rio de atendimento para almo\u00e7o: Ter\u00e7a-feira a domingo das 11h30 \u00e0s 15h<br \/>\nJantar: Ter\u00e7a-feira a s\u00e1bado 19h \u00e0s 22h<\/p>\n<h3 style=\"padding-left: 40px;\"><\/h3>\n<p><strong>\u00a0<\/strong><\/p>\n<p style=\"padding-left: 80px;\"><strong>Restaurante Coco Bambu<\/strong><br \/>\nContato: (92) 3667-7430<br \/>\nSite: cocobambu.com\/unidade\/manaus\/<br \/>\nInstagram: @cocobambumanausoficial<br \/>\nHor\u00e1rio de atendimento para almo\u00e7o: Segunda-feira a domingo das 11h30 \u00e0s 15h<br \/>\nJantar: Segunda-feira a s\u00e1bado 17h \u00e0s 00h<\/p>\n<h3 style=\"padding-left: 40px;\"><\/h3>\n<p><strong>\u00a0<\/strong><\/p>\n<p style=\"padding-left: 80px;\"><strong>Restaurante Di Venice Gastronomia<\/strong><br \/>\nContato: (92) 98619-0966<br \/>\nSite: divenicegastronomia.instabio.cc<br \/>\nInstagram: @divencine.gastronomia<br \/>\nHor\u00e1rio de atendimento para almo\u00e7o: Ter\u00e7a-feira a domingo das 12h \u00e0s 15h<br \/>\nJantar: Ter\u00e7a-feira a domingo 18h \u00e0s 23h<\/p>\n<h3 style=\"padding-left: 40px;\"><\/h3>\n<p><strong>\u00a0<\/strong><\/p>\n<p style=\"padding-left: 80px;\"><strong>Restaurante Ga\u00facho\u2019s Churrascaria<\/strong><br \/>\nContato: (92) 3342-2042<br \/>\nInstagram: @gauchoschurrascaria<br \/>\nHor\u00e1rio de atendimento: Segunda-feira a domingo das 11h30 \u00e0s 23h<\/p>\n<h3 style=\"padding-left: 40px;\"><\/h3>\n<p><strong>\u00a0<\/strong><\/p>\n<p style=\"padding-left: 80px;\"><strong>Restaurante Moqu\u00e9m do Banzeiro<\/strong><br \/>\nContato: (92) 3233-2908<br \/>\nInstagram: @moquemdobanzeiro<br \/>\nHor\u00e1rio de atendimento para almo\u00e7o: Segunda-feira a domingo das 11h30 \u00e0s 15h<br \/>\nJantar: Segunda-feira a s\u00e1bado das 18h30 \u00e0s 22h<\/p>\n<h3 style=\"padding-left: 40px;\"><\/h3>\n<p><strong>\u00a0<\/strong><\/p>\n<hr \/>\n","protected":false},"excerpt":{"rendered":"<p>Manaus possui \u00f3timas op\u00e7\u00f5es de restaurantes que oferecem n\u00e3o s\u00f3 comidas t\u00edpicas da regi\u00e3o, como tradicionais pratos da cultura brasileira. Selecionamos os mais pr\u00f3ximos ao TCE-AM, e respectivos links de localiza\u00e7\u00e3o, para agilizar o intervalo de almo\u00e7o nos dias do evento. Mais abaixo, listamos alguns dos mais renomados da capital para aqueles que queiram confraternizar [&hellip;]<\/p>\n","protected":false},"author":3,"featured_media":0,"parent":0,"menu_order":0,"comment_status":"closed","ping_status":"closed","template":"","meta":{"footnotes":""},"class_list":["post-326","page","type-page","status-publish","hentry","post"],"_links":{"self":[{"href":"https:\/\/www.ibraop.org.br\/xxi-sinaop\/wp-json\/wp\/v2\/pages\/326","targetHints":{"allow":["GET"]}}],"collection":[{"href":"https:\/\/www.ibraop.org.br\/xxi-sinaop\/wp-json\/wp\/v2\/pages"}],"about":[{"href":"https:\/\/www.ibraop.org.br\/xxi-sinaop\/wp-json\/wp\/v2\/types\/page"}],"author":[{"embeddable":true,"href":"https:\/\/www.ibraop.org.br\/xxi-sinaop\/wp-json\/wp\/v2\/users\/3"}],"replies":[{"embeddable":true,"href":"https:\/\/www.ibraop.org.br\/xxi-sinaop\/wp-json\/wp\/v2\/comments?post=326"}],"version-history":[{"count":5,"href":"https:\/\/www.ibraop.org.br\/xxi-sinaop\/wp-json\/wp\/v2\/pages\/326\/revisions"}],"predecessor-version":[{"id":396,"href":"https:\/\/www.ibraop.org.br\/xxi-sinaop\/wp-json\/wp\/v2\/pages\/326\/revisions\/396"}],"wp:attachment":[{"href":"https:\/\/www.ibraop.org.br\/xxi-sinaop\/wp-json\/wp\/v2\/media?parent=326"}],"curies":[{"name":"wp","href":"https:\/\/api.w.org\/{rel}","templated":true}]}}