{"id":29,"date":"2024-11-15T18:45:06","date_gmt":"2024-11-15T21:45:06","guid":{"rendered":"https:\/\/www.ibraop.org.br\/xxi-sinaop\/pagina-inicial\/"},"modified":"2025-08-13T14:46:04","modified_gmt":"2025-08-13T17:46:04","slug":"pagina-inicial","status":"publish","type":"page","link":"https:\/\/www.ibraop.org.br\/xxi-sinaop\/","title":{"rendered":"Apresenta\u00e7\u00e3o"},"content":{"rendered":"<div id=\"pl-29\"  class=\"panel-layout\" ><div id=\"pg-29-0\"  class=\"panel-grid panel-no-style\" ><div id=\"pgc-29-0-0\"  class=\"panel-grid-cell\" ><div id=\"panel-29-0-0-0\" class=\"so-panel widget widget_circleicon-widget panel-first-child panel-last-child\" data-index=\"0\" >\t\t<div class=\"circle-icon-box circle-icon-position-top circle-icon-hide-box circle-icon-size-medium no-archive-featured-image\">\n\t\t\t\t\t\t\t<div class=\"circle-icon-wrapper\">\n\t\t\t\t\t\t\t\t\t\t<div class=\"circle-icon\" >\n\t\t\t\t\t\t\t\t\t\t\t\t\t<div\n\t\t\t\t\t\t\t\tclass=\"fa fa-address-book\"\n\t\t\t\t\t\t\t\tstyle=\"color: #ffffff\"\t\t\t\t\t\t\t><\/div>\n\t\t\t\t\t\t\t\t\t\t\t<\/div>\n\t\t\t\t\t\t\t\t\t<\/div>\n\t\t\t\n\t\t\t\t\t\t\t\t\t\t<h4 >\n\t\t\t\t\tA R T I G O S  - T \u00c9 C N I C O S\t\t\t\t<\/h4>\n\t\t\t\t\t\t\n\t\t\t\t\t\t\t<p class=\"text\" >\n\t\t\t\tQuer apresentar artigos t\u00e9cnicos durante a programa\u00e7\u00e3o do XXI SINAOP? Ent\u00e3o fique atento que as regras para submiss\u00e3o dos trabalhos ser\u00e1 divulgada em breve!\t\t\t<\/p>\n\t\t\t\t\t\t\t\t\t\t<a\n\t\t\t\t\thref=\"https:\/\/www.ibraop.org.br\/xxi-sinaop\/artigos-tecnicos\/\"\n\t\t\t\t\tclass=\"more-button\"\n\t\t\t\t\ttarget=&quot;_blank&quot;\t\t\t\t>\n\t\t\t\t\tAcesse\t\t\t\t\t<i><\/i>\n\t\t\t\t<\/a>\n\t\t\t\t\t<\/div>\n\t\t<\/div><\/div><div id=\"pgc-29-0-1\"  class=\"panel-grid-cell\" ><div id=\"panel-29-0-1-0\" class=\"so-panel widget widget_circleicon-widget panel-first-child panel-last-child\" data-index=\"1\" >\t\t<div class=\"circle-icon-box circle-icon-position-top circle-icon-hide-box circle-icon-size-medium no-archive-featured-image\">\n\t\t\t\t\t\t\t<div class=\"circle-icon-wrapper\">\n\t\t\t\t\t\t\t\t\t\t<div class=\"circle-icon\" >\n\t\t\t\t\t\t\t\t\t\t\t\t\t<div\n\t\t\t\t\t\t\t\tclass=\"fa fa-calendar\"\n\t\t\t\t\t\t\t\tstyle=\"color: #ffffff\"\t\t\t\t\t\t\t><\/div>\n\t\t\t\t\t\t\t\t\t\t\t<\/div>\n\t\t\t\t\t\t\t\t\t<\/div>\n\t\t\t\n\t\t\t\t\t\t\t\t\t\t<h4 >\n\t\t\t\t\tP R O G R A M A \u00c7 \u00c3 O\t\t\t\t<\/h4>\n\t\t\t\t\t\t\n\t\t\t\t\t\t\t<p class=\"text\" >\n\t\t\t\tEst\u00e1 prevista a realiza\u00e7\u00e3o de confer\u00eancias, palestras, apresenta\u00e7\u00f5es de artigos e minicursos, todos com temas atuais e extremamente relevantes para o debate do tema central do evento: \u201cInfraestrutura para um Brasil Sustent\u00e1vel e Integrado\u201d.\t\t\t<\/p>\n\t\t\t\t\t\t\t\t\t\t<a\n\t\t\t\t\thref=\"https:\/\/www.ibraop.org.br\/xxi-sinaop\/programacao\/\"\n\t\t\t\t\tclass=\"more-button\"\n\t\t\t\t\ttarget=&quot;_blank&quot;\t\t\t\t>\n\t\t\t\t\tAcesse \t\t\t\t\t<i><\/i>\n\t\t\t\t<\/a>\n\t\t\t\t\t<\/div>\n\t\t<\/div><\/div><div id=\"pgc-29-0-2\"  class=\"panel-grid-cell\" ><div id=\"panel-29-0-2-0\" class=\"so-panel widget widget_circleicon-widget panel-first-child panel-last-child\" data-index=\"2\" >\t\t<div class=\"circle-icon-box circle-icon-position-top circle-icon-hide-box circle-icon-size-medium no-archive-featured-image\">\n\t\t\t\t\t\t\t<div class=\"circle-icon-wrapper\">\n\t\t\t\t\t\t\t\t\t\t<div class=\"circle-icon\" >\n\t\t\t\t\t\t\t\t\t\t\t\t\t<div\n\t\t\t\t\t\t\t\tclass=\"fa fa-pencil\"\n\t\t\t\t\t\t\t\tstyle=\"color: #ffffff\"\t\t\t\t\t\t\t><\/div>\n\t\t\t\t\t\t\t\t\t\t\t<\/div>\n\t\t\t\t\t\t\t\t\t<\/div>\n\t\t\t\n\t\t\t\t\t\t\t\t\t\t<h4 >\n\t\t\t\t\tI N S C R I \u00c7 \u00d5 E S \t\t\t\t<\/h4>\n\t\t\t\t\t\t\n\t\t\t\t\t\t\t<p class=\"text\" >\n\t\t\t\tAs inscri\u00e7\u00f5es ser\u00e3o abertas muito em breve. Membros associados ao Ibraop, bem como jurisdicionados municipais da Corte de Contas Amazonense t\u00eam desconto. Confiram!\t\t\t<\/p>\n\t\t\t\t\t\t\t\t\t\t<a\n\t\t\t\t\thref=\"https:\/\/www.ibraop.org.br\/xxi-sinaop\/inscricao\/\"\n\t\t\t\t\tclass=\"more-button\"\n\t\t\t\t\ttarget=&quot;_blank&quot;\t\t\t\t>\n\t\t\t\t\tAcesse\t\t\t\t\t<i><\/i>\n\t\t\t\t<\/a>\n\t\t\t\t\t<\/div>\n\t\t<\/div><\/div><\/div><div id=\"pg-29-1\"  class=\"panel-grid panel-no-style\" ><div id=\"pgc-29-1-0\"  class=\"panel-grid-cell panel-grid-cell-empty\" ><\/div><\/div><div id=\"pg-29-2\"  class=\"panel-grid panel-has-style\" ><div class=\"panel-row-style panel-row-style-for-29-2\" ><div id=\"pgc-29-2-0\"  class=\"panel-grid-cell panel-grid-cell-mobile-last\" ><div id=\"panel-29-2-0-0\" class=\"so-panel widget widget_text panel-first-child panel-last-child\" data-index=\"3\" ><h3 class=\"widget-title\">A P R E S E N T A \u00c7 \u00c3 O<\/h3>\t\t\t<div class=\"textwidget\"><p>O Instituto Brasileiro de Auditoria de Obras P\u00fablicas (Ibraop) e o Tribunal de Contas do Estado do Amazonas (TCE-AM) realizam a 21\u00aa edi\u00e7\u00e3o do Simp\u00f3sio Nacional de Auditoria de Obras P\u00fablicas \u2014 o XXI SINAOP \u2014 de 18 a 22 de agosto de 2025, na sede da Corte Amazonense, em Manaus (AM).<\/p>\n<p>\u201cInfraestrutura para um Brasil sustent\u00e1vel e integrado\u201d \u00e9 o tema central do evento, direcionado a servidores e dirigentes dos Tribunais de Contas e dos diversos \u00f3rg\u00e3os de controle envolvidos com obras p\u00fablicas dos governos federal, estaduais e municipais, bem como profissionais dos setores p\u00fablico e privado que exer\u00e7am fiscaliza\u00e7\u00e3o, gest\u00e3o ou execu\u00e7\u00e3o desse tipo de empreendimento.<\/p>\n<\/div>\n\t\t<\/div><\/div><div id=\"pgc-29-2-1\"  class=\"panel-grid-cell panel-grid-cell-empty\" ><\/div><\/div><\/div><div id=\"pg-29-3\"  class=\"panel-grid panel-no-style\" ><div id=\"pgc-29-3-0\"  class=\"panel-grid-cell\" ><div id=\"panel-29-3-0-0\" class=\"so-panel widget widget_text panel-first-child panel-last-child\" data-index=\"4\" >\t\t\t<div class=\"textwidget\"><h3>S O B R E\u00a0 \u00a0O\u00a0 \u00a0E V E N T O<\/h3>\n<p>Na edi\u00e7\u00e3o de 2025, o objetivo \u00e9 discutir inova\u00e7\u00f5es e tecnologias na engenharia para a constru\u00e7\u00e3o de infraestrutura sustent\u00e1vel, resiliente e de baixo impacto ambiental; analisar como as obras p\u00fablicas podem ser planejadas e executadas de forma a minimizar os impactos ambientais e promover a conserva\u00e7\u00e3o dos recursos naturais e debater os desafios e as melhores pr\u00e1ticas na gest\u00e3o e fiscaliza\u00e7\u00e3o de obras p\u00fablicas, garantindo a efici\u00eancia, a transpar\u00eancia e o combate \u00e0 corrup\u00e7\u00e3o.<\/p>\n<p>A programa\u00e7\u00e3o t\u00e9cnica tamb\u00e9m ir\u00e1 explorar como a infraestrutura pode conectar diferentes regi\u00f5es do pa\u00eds, impulsionando o desenvolvimento econ\u00f4mico e social de forma equilibrada, al\u00e9m de abordar o papel fundamental dos Tribunais de Contas na fiscaliza\u00e7\u00e3o dos gastos p\u00fablicos e na promo\u00e7\u00e3o da boa governan\u00e7a, contribuindo para a sustentabilidade das obras e a prote\u00e7\u00e3o do interesse p\u00fablico.<\/p>\n<\/div>\n\t\t<\/div><\/div><div id=\"pgc-29-3-1\"  class=\"panel-grid-cell panel-grid-cell-empty\" ><\/div><div id=\"pgc-29-3-2\"  class=\"panel-grid-cell\" ><div id=\"panel-29-3-2-0\" class=\"so-panel widget widget_text panel-first-child panel-last-child\" data-index=\"5\" >\t\t\t<div class=\"textwidget\"><h3>E N T E N D A\u00a0 \u00a0A\u00a0 \u00a0L O G O<\/h3>\n<p>A logomarca do XXI SINAOP traz imagens alusivas a duas refer\u00eancias. A primeira imagem \u00e9 a do Teatro Amazonas, um cart\u00e3o-postal de Manaus, referente \u00e0 cidade-sede do evento. J\u00e1 a segunda imagem, a da Arara Vermelha, faz refer\u00eancia \u00e0 fauna e \u00e0 flora amaz\u00f4nica em apelo a import\u00e2ncia de se discutir a \u201cInfraestrutura para um Brasil sustent\u00e1vel e integrado\u201d, tema central do simp\u00f3sio.<\/p>\n<\/div>\n\t\t<\/div><\/div><\/div><div id=\"pg-29-4\"  class=\"panel-grid panel-has-style\" ><div class=\"panel-row-style panel-row-style-for-29-4\" ><div id=\"pgc-29-4-0\"  class=\"panel-grid-cell\" ><div id=\"panel-29-4-0-0\" class=\"so-panel widget widget_sow-post-carousel panel-first-child panel-last-child\" data-index=\"6\" ><div\n\t\t\t\n\t\t\tclass=\"so-widget-sow-post-carousel so-widget-sow-post-carousel-base-140778ee4a44-29\"\n\t\t\t\n\t\t>\t<div\n\t\tclass=\"sow-post-carousel-wrapper sow-post-carousel-theme-base\"\n\t\tstyle=\"overflow: hidden; max-width: 100%; min-height: 182px\"\n\t>\n\t\t<div class=\"sow-carousel-title\">\n\t<\/div>\n\n<div class=\"sow-carousel-container \">\n\t\t<div class=\"sow-carousel-wrapper\"\n\t\tdata-dir=\"ltr\"\n\t\tstyle=\"opacity: 0;\"\n\t\tdata-widget=\"post\" data-fetching=\"false\" data-page=\"1\" data-ajax-url=\"https:\/\/www.ibraop.org.br\/xxi-sinaop\/wp-admin\/admin-ajax.php?_widgets_nonce=2d9de9184f\" data-item_count=\"5\" data-carousel_settings=\"{&quot;loop&quot;:true,&quot;animation&quot;:&quot;linear&quot;,&quot;animation_speed&quot;:8000,&quot;autoplay&quot;:&quot;continuous&quot;,&quot;pauseOnHover&quot;:true,&quot;autoplaySpeed&quot;:100000,&quot;item_overflow&quot;:true,&quot;autoplay_continuous_scroll&quot;:true}\" data-responsive=\"{&quot;desktop_slides_to_scroll&quot;:1,&quot;tablet_landscape_breakpoint&quot;:1366,&quot;tablet_landscape_slides_to_scroll&quot;:2,&quot;tablet_portrait_breakpoint&quot;:1025,&quot;tablet_portrait_slides_to_scroll&quot;:2,&quot;mobile_breakpoint&quot;:480,&quot;mobile_slides_to_scroll&quot;:1}\" data-variable_width=\"true\" \t>\n\t\t<div\n\t\t\tclass=\"sow-carousel-items\"\n\t\t\t\t\t>\n\t\t\t\t<div class=\"sow-carousel-item\" tabindex=\"-1\" style=\"float: left;\">\n\t\t<div class=\"sow-carousel-thumbnail\">\n\t\t\t\t\t\t\t<a\n\t\t\t\t\thref=\"https:\/\/www.ibraop.org.br\/xxi-sinaop\/teatro-amazonas\/\"\n\t\t\t\t\t\t\t\t\t\tstyle=\"background-image: url( https:\/\/www.ibraop.org.br\/xxi-sinaop\/wp-content\/uploads\/sites\/6\/2024\/11\/Teatro-Amazonas-272x182.png )\"\n\t\t\t\t\taria-labelledby=\"sow-carousel-id-119\"\n\t\t\t\t\ttabindex=\"-1\"\n\t\t\t\t>\n\t\t\t\t\t<span class=\"overlay\"><\/span>\n\t\t\t\t<\/a>\n\t\t\t\t\t<\/div>\n\t\t<h3 class=\"sow-carousel-item-title\">\n\t\t\t<a\n\t\t\t\thref=\"https:\/\/www.ibraop.org.br\/xxi-sinaop\/teatro-amazonas\/\"\n\t\t\t\tid=\"sow-carousel-id-119\"\n\t\t\t\t\t\t\t\ttabindex=\"-1\"\n\t\t\t>\n\n\t\t\t\tTeatro Amazonas\t\t\t<\/a>\n\t\t<\/h3>\n\t<\/div>\n\t\t<div class=\"sow-carousel-item\" tabindex=\"-1\" style=\"float: left;\">\n\t\t<div class=\"sow-carousel-thumbnail\">\n\t\t\t\t\t\t\t<a\n\t\t\t\t\thref=\"https:\/\/www.ibraop.org.br\/xxi-sinaop\/mercado-adolpho-lisboa\/\"\n\t\t\t\t\t\t\t\t\t\tstyle=\"background-image: url( https:\/\/www.ibraop.org.br\/xxi-sinaop\/wp-content\/uploads\/sites\/6\/2024\/11\/Mercado-Adolpho-Lisboa-272x182.png )\"\n\t\t\t\t\taria-labelledby=\"sow-carousel-id-121\"\n\t\t\t\t\ttabindex=\"-1\"\n\t\t\t\t>\n\t\t\t\t\t<span class=\"overlay\"><\/span>\n\t\t\t\t<\/a>\n\t\t\t\t\t<\/div>\n\t\t<h3 class=\"sow-carousel-item-title\">\n\t\t\t<a\n\t\t\t\thref=\"https:\/\/www.ibraop.org.br\/xxi-sinaop\/mercado-adolpho-lisboa\/\"\n\t\t\t\tid=\"sow-carousel-id-121\"\n\t\t\t\t\t\t\t\ttabindex=\"-1\"\n\t\t\t>\n\n\t\t\t\tMercado Adolpho Lisboa\t\t\t<\/a>\n\t\t<\/h3>\n\t<\/div>\n\t\t<div class=\"sow-carousel-item\" tabindex=\"-1\" style=\"float: left;\">\n\t\t<div class=\"sow-carousel-thumbnail\">\n\t\t\t\t\t\t\t<a\n\t\t\t\t\thref=\"https:\/\/www.ibraop.org.br\/xxi-sinaop\/cidade-de-manaus\/\"\n\t\t\t\t\t\t\t\t\t\tstyle=\"background-image: url( https:\/\/www.ibraop.org.br\/xxi-sinaop\/wp-content\/uploads\/sites\/6\/2024\/11\/Cidade-de-Manaus-272x182.png )\"\n\t\t\t\t\taria-labelledby=\"sow-carousel-id-123\"\n\t\t\t\t\ttabindex=\"-1\"\n\t\t\t\t>\n\t\t\t\t\t<span class=\"overlay\"><\/span>\n\t\t\t\t<\/a>\n\t\t\t\t\t<\/div>\n\t\t<h3 class=\"sow-carousel-item-title\">\n\t\t\t<a\n\t\t\t\thref=\"https:\/\/www.ibraop.org.br\/xxi-sinaop\/cidade-de-manaus\/\"\n\t\t\t\tid=\"sow-carousel-id-123\"\n\t\t\t\t\t\t\t\ttabindex=\"-1\"\n\t\t\t>\n\n\t\t\t\tCidade de Manaus\t\t\t<\/a>\n\t\t<\/h3>\n\t<\/div>\n\t\t<div class=\"sow-carousel-item\" tabindex=\"-1\" style=\"float: left;\">\n\t\t<div class=\"sow-carousel-thumbnail\">\n\t\t\t\t\t\t\t<a\n\t\t\t\t\thref=\"https:\/\/www.ibraop.org.br\/xxi-sinaop\/encontro-das-aguas\/\"\n\t\t\t\t\t\t\t\t\t\tstyle=\"background-image: url( https:\/\/www.ibraop.org.br\/xxi-sinaop\/wp-content\/uploads\/sites\/6\/2024\/11\/Encontro-das-Aguas-272x182.jpg )\"\n\t\t\t\t\taria-labelledby=\"sow-carousel-id-126\"\n\t\t\t\t\ttabindex=\"-1\"\n\t\t\t\t>\n\t\t\t\t\t<span class=\"overlay\"><\/span>\n\t\t\t\t<\/a>\n\t\t\t\t\t<\/div>\n\t\t<h3 class=\"sow-carousel-item-title\">\n\t\t\t<a\n\t\t\t\thref=\"https:\/\/www.ibraop.org.br\/xxi-sinaop\/encontro-das-aguas\/\"\n\t\t\t\tid=\"sow-carousel-id-126\"\n\t\t\t\t\t\t\t\ttabindex=\"-1\"\n\t\t\t>\n\n\t\t\t\tEncontro das A\u0301guas\t\t\t<\/a>\n\t\t<\/h3>\n\t<\/div>\n\t\t<div class=\"sow-carousel-item\" tabindex=\"-1\" style=\"float: left;\">\n\t\t<div class=\"sow-carousel-thumbnail\">\n\t\t\t\t\t\t\t<a\n\t\t\t\t\thref=\"https:\/\/www.ibraop.org.br\/xxi-sinaop\/tambaqui-assado\/\"\n\t\t\t\t\t\t\t\t\t\tstyle=\"background-image: url( https:\/\/www.ibraop.org.br\/xxi-sinaop\/wp-content\/uploads\/sites\/6\/2024\/11\/Tambaqui-Assado-272x182.png )\"\n\t\t\t\t\taria-labelledby=\"sow-carousel-id-128\"\n\t\t\t\t\ttabindex=\"-1\"\n\t\t\t\t>\n\t\t\t\t\t<span class=\"overlay\"><\/span>\n\t\t\t\t<\/a>\n\t\t\t\t\t<\/div>\n\t\t<h3 class=\"sow-carousel-item-title\">\n\t\t\t<a\n\t\t\t\thref=\"https:\/\/www.ibraop.org.br\/xxi-sinaop\/tambaqui-assado\/\"\n\t\t\t\tid=\"sow-carousel-id-128\"\n\t\t\t\t\t\t\t\ttabindex=\"-1\"\n\t\t\t>\n\n\t\t\t\tTambaqui Assado\t\t\t<\/a>\n\t\t<\/h3>\n\t<\/div>\n\t\t\t<\/div>\n\t\t\t<\/div>\n\n\t<\/div>\n\t\t<input type=\"hidden\" name=\"instance_hash\" value=\"3a97ef8c\"\/>\n\t<\/div>\n<\/div><\/div><\/div><\/div><\/div><\/div>","protected":false},"excerpt":{"rendered":"<p>A R T I G O S &#8211; T \u00c9 C N I C O S Quer apresentar artigos t\u00e9cnicos durante a programa\u00e7\u00e3o do XXI SINAOP? Ent\u00e3o fique atento que as regras para submiss\u00e3o dos trabalhos ser\u00e1 divulgada em breve! Acesse P R O G R A M A \u00c7 \u00c3 O Est\u00e1 prevista a [&hellip;]<\/p>\n","protected":false},"author":3,"featured_media":0,"parent":0,"menu_order":0,"comment_status":"closed","ping_status":"closed","template":"home-panels.php","meta":{"footnotes":""},"class_list":["post-29","page","type-page","status-publish","hentry","post"],"_links":{"self":[{"href":"https:\/\/www.ibraop.org.br\/xxi-sinaop\/wp-json\/wp\/v2\/pages\/29","targetHints":{"allow":["GET"]}}],"collection":[{"href":"https:\/\/www.ibraop.org.br\/xxi-sinaop\/wp-json\/wp\/v2\/pages"}],"about":[{"href":"https:\/\/www.ibraop.org.br\/xxi-sinaop\/wp-json\/wp\/v2\/types\/page"}],"author":[{"embeddable":true,"href":"https:\/\/www.ibraop.org.br\/xxi-sinaop\/wp-json\/wp\/v2\/users\/3"}],"replies":[{"embeddable":true,"href":"https:\/\/www.ibraop.org.br\/xxi-sinaop\/wp-json\/wp\/v2\/comments?post=29"}],"version-history":[{"count":6,"href":"https:\/\/www.ibraop.org.br\/xxi-sinaop\/wp-json\/wp\/v2\/pages\/29\/revisions"}],"predecessor-version":[{"id":974,"href":"https:\/\/www.ibraop.org.br\/xxi-sinaop\/wp-json\/wp\/v2\/pages\/29\/revisions\/974"}],"wp:attachment":[{"href":"https:\/\/www.ibraop.org.br\/xxi-sinaop\/wp-json\/wp\/v2\/media?parent=29"}],"curies":[{"name":"wp","href":"https:\/\/api.w.org\/{rel}","templated":true}]}}