{"id":660,"date":"2023-05-24T18:08:34","date_gmt":"2023-05-24T21:08:34","guid":{"rendered":"https:\/\/www.ibraop.org.br\/xx-sinaop\/?page_id=660"},"modified":"2023-06-14T19:31:41","modified_gmt":"2023-06-14T22:31:41","slug":"artigos-tecnicos","status":"publish","type":"page","link":"https:\/\/www.ibraop.org.br\/xx-sinaop\/artigos-tecnicos\/","title":{"rendered":"Artigos T\u00e9cnicos"},"content":{"rendered":"<p>[vc_row][vc_column][vc_column_text]<\/p>\n<h5><strong>Cronograma<\/strong><\/h5>\n<p><strong>24\/05:<\/strong>\u00a0lan\u00e7amento do edital<br \/><strong>de 24\/05 a 23\/07:<\/strong>\u00a0prazo para submiss\u00e3o do artigo<br \/><strong>de 24\/07 a 03\/08:<\/strong>\u00a0prazo para a sele\u00e7\u00e3o de artigos<br \/><strong>04\/08:<\/strong>\u00a0divulga\u00e7\u00e3o dos resultados da sele\u00e7\u00e3o<\/p>\n<h5><strong>Regras Gerais para Elabora\u00e7\u00e3o de Artigos T\u00e9cnicos<\/strong><\/h5>\n<p>O prazo final para o envio de artigos para o XX SINAOP ser\u00e1 23 de julho de 2023, atrav\u00e9s do endere\u00e7o eletr\u00f4nico artigos@ibraop.org.br.<\/p>\n<p>Os artigos dever\u00e3o ser enviados no formato &#8220;.doc&#8221; ou &#8220;.docx&#8221;, em vers\u00e3o do Microsoft Word 2003 ou superior, tendo no m\u00e1ximo 500Kb e 12 p\u00e1ginas, bem como respeitando as regras de formata\u00e7\u00e3o dispon\u00edveis no site do evento, atrav\u00e9s do &#8220;Modelo de Artigo&#8221;, sob pena de ser desconsiderado.<\/p>\n<p>Na fase de submiss\u00e3o, o corpo do artigo n\u00e3o deve conter o(s) nome(s) do(s) autor(es). Estes dados ser\u00e3o fornecidos ap\u00f3s solicita\u00e7\u00e3o do Diretor T\u00e9cnico do Ibraop.<\/p>\n<p>Pode ser enviado um n\u00famero ilimitado de artigos, por\u00e9m no m\u00e1ximo 2 artigos por autor poder\u00e3o ser aprovados (independentemente da rela\u00e7\u00e3o de autoria). Ser\u00e3o classificados aqueles de pontua\u00e7\u00e3o mais alta, em detrimento dos demais.<\/p>\n<p>Para enviar o artigo o autor dever\u00e1 salv\u00e1-lo com o nome &#8220;cpf do autor principal sem pontos ou espa\u00e7os]_[X].doc&#8221;, onde X representa a ordem, de 1 a n, dos &#8220;n&#8221; artigos enviados. Por exemplo: &#8220;12345678900_2.doc&#8221;, significando que este \u00e9 o segundo artigo do autor principal, portador do CPF indicado.<\/p>\n<p>Ap\u00f3s a sele\u00e7\u00e3o, por interm\u00e9dio do endere\u00e7o de correio eletr\u00f4nico do qual o artigo foi enviado, o autor ser\u00e1 informado do resultado final. Nesta ocasi\u00e3o, ser-lhe-\u00e1 \u00a0solicitado o envio dos dados de identifica\u00e7\u00e3o de autoria, a serem inseridos no corpo do texto, tornando-o definitivo.<\/p>\n<p>Ser\u00e3o aceitos para avalia\u00e7\u00e3o artigos que se enquadrem em uma das \u00c1reas Tem\u00e1ticas, a seguir:<\/p>\n<p style=\"padding-left: 40px;\"><strong>1) SANEAMENTO (ODS 6);<\/strong><br \/><strong>2) CIDADES SUSTENT\u00c1VEIS (ODS 11);<\/strong><br \/><strong>3) PREVEN\u00c7\u00c3O E RESPOSTA A DESASTRES (ODS 11, 12 \u00a0e 13);<\/strong><br \/><strong>4) CONTROLE DA INTEGRIDADE SOCIOAMBIENTAL NA INFRAESTRUTURA (ODS 16); e<\/strong><br \/><strong>5) USO DE TECNOLOGIAS EM AUDITORIA (ODS 9).<\/strong><\/p>\n<p>Os artigos dever\u00e3o ser in\u00e9ditos para fins de publica\u00e7\u00e3o nos anais eletr\u00f4nicos do evento. Entende-se como in\u00e9dito, o artigo que n\u00e3o tenha sido publicado em sua integralidade, ou na maioria de seu conte\u00fado ou resultados por qualquer meio.<\/p>\n<p>Os trabalhos ser\u00e3o submetidos exclusivamente pela internet, impreterivelmente, at\u00e9 a meia-noite (hor\u00e1rio oficial de Bras\u00edlia) do dia 23 de julho de 2023.<\/p>\n<p>A resposta da avalia\u00e7\u00e3o ser\u00e1 encaminhada no dia 04 de agosto de 2023.<\/p>\n<p>Eventuais corre\u00e7\u00f5es e a apresenta\u00e7\u00e3o em PowerPoint do artigo escolhido devem ser entregues em definitivo pelo autor at\u00e9 o dia 4 de setembro de 2023.<\/p>\n<p>Confira os <a href=\"https:\/\/www.ibraop.org.br\/xx-sinaop\/wp-content\/uploads\/sites\/4\/2023\/05\/XXSINAOP_Criterios-para-Avaliacao-de-Artigos-Tecnicos.pdf\">CRIT\u00c9RIOS PARA AVALIA\u00c7\u00c3O<\/a> dos artigos t\u00e9nicos!<\/p>\n<p>Fa\u00e7a o download de documento com <a href=\"https:\/\/www.ibraop.org.br\/xx-sinaop\/wp-content\/uploads\/sites\/4\/2023\/05\/ModeloArtigoTecnico.doc\">MODELO DO ARTIGO<\/a> a ser elaborado![\/vc_column_text][\/vc_column][\/vc_row][vc_row][vc_column][vc_wp_text][\/vc_wp_text][\/vc_column][\/vc_row]<\/p>\n","protected":false},"excerpt":{"rendered":"<p>[vc_row][vc_column][vc_column_text] Cronograma 24\/05:\u00a0lan\u00e7amento do editalde 24\/05 a 23\/07:\u00a0prazo para submiss\u00e3o do artigode 24\/07 a 03\/08:\u00a0prazo para a sele\u00e7\u00e3o de artigos04\/08:\u00a0divulga\u00e7\u00e3o dos resultados da sele\u00e7\u00e3o Regras Gerais para Elabora\u00e7\u00e3o de Artigos T\u00e9cnicos O prazo final para o envio de artigos para o XX SINAOP ser\u00e1 23 de julho de 2023, atrav\u00e9s do endere\u00e7o eletr\u00f4nico artigos@ibraop.org.br. Os [&hellip;]<\/p>\n","protected":false},"author":3,"featured_media":0,"parent":0,"menu_order":0,"comment_status":"closed","ping_status":"closed","template":"","meta":{"footnotes":""},"class_list":["post-660","page","type-page","status-publish","hentry","post"],"_links":{"self":[{"href":"https:\/\/www.ibraop.org.br\/xx-sinaop\/wp-json\/wp\/v2\/pages\/660","targetHints":{"allow":["GET"]}}],"collection":[{"href":"https:\/\/www.ibraop.org.br\/xx-sinaop\/wp-json\/wp\/v2\/pages"}],"about":[{"href":"https:\/\/www.ibraop.org.br\/xx-sinaop\/wp-json\/wp\/v2\/types\/page"}],"author":[{"embeddable":true,"href":"https:\/\/www.ibraop.org.br\/xx-sinaop\/wp-json\/wp\/v2\/users\/3"}],"replies":[{"embeddable":true,"href":"https:\/\/www.ibraop.org.br\/xx-sinaop\/wp-json\/wp\/v2\/comments?post=660"}],"version-history":[{"count":39,"href":"https:\/\/www.ibraop.org.br\/xx-sinaop\/wp-json\/wp\/v2\/pages\/660\/revisions"}],"predecessor-version":[{"id":763,"href":"https:\/\/www.ibraop.org.br\/xx-sinaop\/wp-json\/wp\/v2\/pages\/660\/revisions\/763"}],"wp:attachment":[{"href":"https:\/\/www.ibraop.org.br\/xx-sinaop\/wp-json\/wp\/v2\/media?parent=660"}],"curies":[{"name":"wp","href":"https:\/\/api.w.org\/{rel}","templated":true}]}}