{"id":647,"date":"2023-05-18T17:08:33","date_gmt":"2023-05-18T20:08:33","guid":{"rendered":"https:\/\/www.ibraop.org.br\/xx-sinaop\/?page_id=647"},"modified":"2023-06-14T19:39:10","modified_gmt":"2023-06-14T22:39:10","slug":"dicas-turisticas","status":"publish","type":"page","link":"https:\/\/www.ibraop.org.br\/xx-sinaop\/dicas-turisticas\/","title":{"rendered":"Dicas Tur\u00edsticas"},"content":{"rendered":"<hr \/><h3><strong>Aten\u00e7\u00e3o!<\/strong><\/h3><h6>Em Bento Gon\u00e7alves o aplicativo de transporte UBER \u00e9 menos utilizado que o GARUPA e o 99. Para a sua comodidade e seguran\u00e7a, \u00e9 recomendado que tenha mais de um app \u00e0 disposi\u00e7\u00e3o!<\/h6><hr \/><h4 style=\"padding-left: 40px;\"><b>Roteiro Cultural<\/b><\/h4><p style=\"padding-left: 40px;\"><a href=\"https:\/\/bento.tur.br\/wp-content\/uploads\/2021\/06\/mapa-geral_2021.pdf\">Mapa Geral de Bento Gon\u00e7alves<\/a><\/p><h4 style=\"padding-left: 40px;\"><strong><a href=\"https:\/\/www.ibraop.org.br\/xx-sinaop\/wp-content\/uploads\/sites\/4\/2023\/04\/mapa-geral_2021.png\"><img loading=\"lazy\" decoding=\"async\" src=\"https:\/\/www.ibraop.org.br\/xx-sinaop\/wp-content\/uploads\/sites\/4\/2023\/04\/mapa-geral_2021-1024x628.png\" sizes=\"auto, (max-width: 400px) 100vw, 400px\" srcset=\"https:\/\/www.ibraop.org.br\/xx-sinaop\/wp-content\/uploads\/sites\/4\/2023\/04\/mapa-geral_2021-300x184.png 300w, https:\/\/www.ibraop.org.br\/xx-sinaop\/wp-content\/uploads\/sites\/4\/2023\/04\/mapa-geral_2021-1024x628.png 1024w, https:\/\/www.ibraop.org.br\/xx-sinaop\/wp-content\/uploads\/sites\/4\/2023\/04\/mapa-geral_2021-768x471.png 768w, https:\/\/www.ibraop.org.br\/xx-sinaop\/wp-content\/uploads\/sites\/4\/2023\/04\/mapa-geral_2021-1536x942.png 1536w, https:\/\/www.ibraop.org.br\/xx-sinaop\/wp-content\/uploads\/sites\/4\/2023\/04\/mapa-geral_2021-2048x1256.png 2048w\" alt=\"\" width=\"720\" height=\"442\" \/><\/a><\/strong><\/h4><h4>\u00a0<\/h4><h4 style=\"padding-left: 40px;\"><strong>Rota Cantinas Hist\u00f3ricas<\/strong><\/h4><p>\u00c9 hora de saborear o melhor da enogastronomia dos imigrantes, deliciar-se com bons vinhos e perceber as\u00a0hist\u00f3rias e a cultura dessa regi\u00e3o. Usadas originalmente para guardar os mantimentos, as cantinas s\u00e3o um lugar carregado de saberes e mem\u00f3rias que retratam a vida do colono em uma experi\u00eancia inesquec\u00edvel. Para completar o passeio, n\u00e3o esque\u00e7a de degustar a vista do Mirante do Campan\u00e1rio. Uma vista deliciosa, como tudo o que encontra por este caminho.<\/p><p><a href=\"https:\/\/bento.tur.br\/wp-content\/uploads\/2021\/06\/mapa-cantinas-historicas.pdf\">https:\/\/bento.tur.br\/wp-content\/uploads\/2021\/06\/mapa-cantinas-historicas.pdf<\/a><\/p><h4>\u00a0<\/h4><h4 style=\"padding-left: 40px;\"><strong>Vale dos Vinhedos<\/strong><\/h4><p>O Vale representa o legado hist\u00f3rico, cultural e gastron\u00f4mico deixado pelos imigrantes italianos, em perfeita harmonia com as modernas tecnologias para produ\u00e7\u00e3o de uva e vinhos finos e infraestrutura tur\u00edstica de alta qualidade. Com paisagens apaixonantes nas quatro esta\u00e7\u00f5es do ano, o Vale encanta tamb\u00e9m pela hospitalidade de seus moradores e pela qualidade dos servi\u00e7os e produtos oferecidos. Pequenas propriedades dividem espa\u00e7o com vin\u00edcolas renomadas. Imperd\u00edvel, merece a sua visita e o seu brinde.<\/p><p>Acesse: <a href=\"https:\/\/www.valedosvinhedos.com.br\/\">https:\/\/www.valedosvinhedos.com.br\/<\/a><\/p><p><a href=\"https:\/\/bento.tur.br\/wp-content\/uploads\/2021\/06\/mapa-vale-dos-vinhedos.pdf\">https:\/\/bento.tur.br\/wp-content\/uploads\/2021\/06\/mapa-vale-dos-vinhedos.pdf<\/a><\/p><h4 style=\"padding-left: 40px;\"><strong>Epop\u00e9ia Italiana<\/strong><\/h4><p>O Parque Tem\u00e1tico \u00e9 palco de um grande espet\u00e1culo c\u00eanico. Conta a hist\u00f3ria real de L\u00e1zaro e Rosa, casal de imigrantes italianos, que chegaram ao Brasil e conseguiram prosperar. Durante a apresenta\u00e7\u00e3o, o visitante deixa de ser um mero espectador e torna-se parte da hist\u00f3ria, interagindo com os personagens pelos cen\u00e1rios que s\u00e3o r\u00e9plicas do passado. O passeio inclui degusta\u00e7\u00e3o de vinho, suco de uva e biscoito colonial.<\/p><h4 style=\"padding-left: 40px;\"><strong>Rota Rural Encantos de Eul\u00e1lia<\/strong><\/h4><p>A Rota oferece um passeio de puro charme e encanto. Voc\u00ea poder\u00e1 se encantar com as belezas naturais, degustar bons vinhos, saborear uma comida t\u00edpica italiana que lembra os tempos de nossos av\u00f3s, encantar-se pelo jeito simples de ser, vivenciar a energia da aventura. Se surpreenda pelo lado simples da vida! Renda-se aos seus encantos!<\/p><p>Acesse: <a href=\"http:\/\/www.encantosdeeulalia.com.br\/pt\">http:\/\/www.encantosdeeulalia.com.br\/<\/a><\/p><h4 style=\"padding-left: 40px;\"><strong>Caminhos de Pedra<\/strong><\/h4><p>A arquitetura e os costumes dos imigrantes italianos permaneceram preservados nos Caminhos de Pedra. Patrim\u00f4nio hist\u00f3rico do Rio Grande do Sul, esse roteiro com 12 km de extens\u00e3o resgata o passado em busca da valoriza\u00e7\u00e3o dos costumes dos imigrantes italianos, oferecendo cultura, gastronomia e arquitetura centen\u00e1ria em v\u00e1rios pontos de visita\u00e7\u00e3o e observa\u00e7\u00e3o. A valoriza\u00e7\u00e3o das \u201ccoisas do interior\u201d est\u00e1 na manuten\u00e7\u00e3o do dialeto local, bem como na fabrica\u00e7\u00e3o de produtos artesanais e no receber bem.<\/p><p><a href=\"https:\/\/bento.tur.br\/wp-content\/uploads\/2021\/06\/mapa-caminhos-de-pedra.pdf\">https:\/\/bento.tur.br\/wp-content\/uploads\/2021\/06\/mapa-caminhos-de-pedra.pdf<\/a><\/p><h4 style=\"padding-left: 40px;\"><strong>Maria Fuma\u00e7a<\/strong><\/h4><p>O passeio de Maria Fuma\u00e7a \u00e9 um verdadeiro retorno ao passado. Durante o trajeto de 23 km, voc\u00ea pode celebrar diversas culturas e realizar degusta\u00e7\u00f5es de vinho, suco de uva e espumante moscatel. A bordo desse memor\u00e1vel passeio, apresenta\u00e7\u00f5es t\u00edpicas italianas e ga\u00fachas tornam essa viagem uma experi\u00eancia \u00fanica e inesquec\u00edvel.<\/p><h4 style=\"padding-left: 40px;\"><strong>Vale do Rio das Antas<\/strong><\/h4><p>Um dos cen\u00e1rios mais exuberantes de Bento Gon\u00e7alves, o Vale do Rio das Antas abriga encantos que contam diferentes aspectos da imigra\u00e7\u00e3o. Aqui, a diversidade combina harmoniosamente o vinho e a cacha\u00e7a, o macarr\u00e3o e a rapadura, os vales e as montanhas. \u00c9 ao longo deste passeio que fica a Ponte Ernesto Dornelles, uma das maiores do mundo em arcos paralelos suspensos. Um roteiro que voc\u00ea vai levar pra sempre na lembran\u00e7a e no seu cora\u00e7\u00e3o.<\/p><p><a href=\"https:\/\/bento.tur.br\/wp-content\/uploads\/2021\/06\/mapa-vale-das-antas.pdf\">https:\/\/bento.tur.br\/wp-content\/uploads\/2021\/06\/mapa-vale-das-antas.pdf<\/a><\/p><h4 style=\"padding-left: 40px;\"><strong>Enoturismo<\/strong><\/h4><p>Bento Gon\u00e7alves \u00e9 a capital Brasileira do vinho e tem como atividade tur\u00edstica principal o enoturismo. S\u00e3o dezenas de vin\u00edcolas com as portas abertas para receb\u00ea-lo e proporcionar experi\u00eancias inesquec\u00edveis com o melhor vinho do Brasil.<\/p><h4 style=\"padding-left: 40px;\"><strong>Turismo aventura<\/strong><\/h4><p>A regi\u00e3o \u00e9 rica em vales, canyons, rios, cachoeiras, cavernas e t\u00faneis, al\u00e9m de possuir uma exuberante floresta nativa e vales cobertos de parreiras.<\/p>\u00a0<p><\/p><!-- \/wp:post-content -->","protected":false},"excerpt":{"rendered":"<p>Aten\u00e7\u00e3o! Em Bento Gon\u00e7alves o aplicativo de transporte UBER \u00e9 menos utilizado que o GARUPA e o 99. Para a sua comodidade e seguran\u00e7a, \u00e9 recomendado que tenha mais de um app \u00e0 disposi\u00e7\u00e3o! Roteiro Cultural Mapa Geral de Bento Gon\u00e7alves \u00a0 Rota Cantinas Hist\u00f3ricas \u00c9 hora de saborear o melhor da enogastronomia dos imigrantes, [&hellip;]<\/p>\n","protected":false},"author":3,"featured_media":0,"parent":0,"menu_order":0,"comment_status":"closed","ping_status":"closed","template":"","meta":{"footnotes":""},"class_list":["post-647","page","type-page","status-publish","hentry","post"],"_links":{"self":[{"href":"https:\/\/www.ibraop.org.br\/xx-sinaop\/wp-json\/wp\/v2\/pages\/647","targetHints":{"allow":["GET"]}}],"collection":[{"href":"https:\/\/www.ibraop.org.br\/xx-sinaop\/wp-json\/wp\/v2\/pages"}],"about":[{"href":"https:\/\/www.ibraop.org.br\/xx-sinaop\/wp-json\/wp\/v2\/types\/page"}],"author":[{"embeddable":true,"href":"https:\/\/www.ibraop.org.br\/xx-sinaop\/wp-json\/wp\/v2\/users\/3"}],"replies":[{"embeddable":true,"href":"https:\/\/www.ibraop.org.br\/xx-sinaop\/wp-json\/wp\/v2\/comments?post=647"}],"version-history":[{"count":13,"href":"https:\/\/www.ibraop.org.br\/xx-sinaop\/wp-json\/wp\/v2\/pages\/647\/revisions"}],"predecessor-version":[{"id":767,"href":"https:\/\/www.ibraop.org.br\/xx-sinaop\/wp-json\/wp\/v2\/pages\/647\/revisions\/767"}],"wp:attachment":[{"href":"https:\/\/www.ibraop.org.br\/xx-sinaop\/wp-json\/wp\/v2\/media?parent=647"}],"curies":[{"name":"wp","href":"https:\/\/api.w.org\/{rel}","templated":true}]}}