{"id":353,"date":"2023-04-21T17:22:09","date_gmt":"2023-04-21T20:22:09","guid":{"rendered":"https:\/\/www.ibraop.org.br\/xx-sinaop\/?page_id=353"},"modified":"2023-08-03T18:18:18","modified_gmt":"2023-08-03T21:18:18","slug":"hospedagem-transfer","status":"publish","type":"page","link":"https:\/\/www.ibraop.org.br\/xx-sinaop\/hospedagem-transfer\/","title":{"rendered":"Hospedagem\/Transfer"},"content":{"rendered":"<p>[vc_row][vc_column][vc_column_text]<\/p>\n<h5><strong>Hospedagem<\/strong><\/h5>\n<p>A <u>Vale das Vinhas Turismo<\/u> \u00e9 a ag\u00eancia oficial do<strong> XX SINAOP \u2013 Simp\u00f3sio Nacional de Auditoria de Obras P\u00fablicas<\/strong> \u2013 e, portanto,\u00a0 respons\u00e1vel em facilitar a contrata\u00e7\u00e3o de servi\u00e7os, como hospedagem, transfer e passeios tur\u00edsticos.<\/p>\n<p>Seguem abaixo as op\u00e7\u00f5es de hospedagem pr\u00f3ximos ao local do evento e com tarifas especiais:<\/p>\n<h6><strong><u>Hotel\u00a0Vinocap<\/u><\/strong><\/h6>\n<h5>*Valores\u00a0por\u00a0apartamento e\u00a0por\u00a0di\u00e1ria.<\/h5>\n<table>\n<tbody>\n<tr>\n<td width=\"315\">\n<h6 style=\"text-align: left;\"><strong>Categoria<\/strong><\/h6>\n<\/td>\n<td style=\"text-align: left;\" width=\"113\">\n<h6 style=\"text-align: left;\"><strong>Single<\/strong><\/h6>\n<\/td>\n<td style=\"text-align: left;\" width=\"95\">\n<h6 style=\"text-align: left;\"><strong>Duplo<\/strong><\/h6>\n<\/td>\n<td width=\"94\">\n<h6 style=\"text-align: left;\"><strong>Triplo<\/strong><\/h6>\n<\/td>\n<\/tr>\n<tr>\n<td style=\"text-align: left;\" width=\"315\"><strong>Standard\u00a0\u2013 com\u00a0carpete<\/strong><\/td>\n<td style=\"text-align: left;\" width=\"113\">R$\u00a0184,00<\/td>\n<td style=\"text-align: left;\" width=\"95\">R$\u00a0275,00<\/td>\n<td style=\"text-align: left;\" width=\"94\">R$\u00a0330,00<\/td>\n<\/tr>\n<tr>\n<td style=\"text-align: left;\" width=\"315\"><strong>Luxo\u00a0\u2013 com carpete<\/strong><\/td>\n<td style=\"text-align: left;\">R$\u00a0225,00<\/td>\n<td style=\"text-align: left;\">R$\u00a0335,00<\/td>\n<td style=\"text-align: left;\">R$\u00a0450,00<\/td>\n<\/tr>\n<tr>\n<td style=\"text-align: left;\" width=\"315\"><strong>Luxo\u00a0Superior\u00a0\u2013 sem\u00a0carpete e\u00a0com piso<\/strong><\/td>\n<td style=\"text-align: left;\" width=\"113\">R$\u00a0300,00<\/td>\n<td style=\"text-align: left;\" width=\"95\">R$\u00a0392,00<\/td>\n<td style=\"text-align: left;\" width=\"94\">R$\u00a0540,00<\/td>\n<\/tr>\n<\/tbody>\n<\/table>\n<p><strong>INCLUI:\u00a0<\/strong>01\u00a0Di\u00e1ria e\u00a0caf\u00e9\u00a0da\u00a0manh\u00e3.<\/p>\n<p><strong>N\u00c3O\u00a0INCLUI:\u00a0<\/strong>Refei\u00e7\u00f5es,\u00a0<strong>di\u00e1ria\u00a0de\u00a0garagem\u00a0<\/strong>e despesas\u00a0de ordem pessoal.<\/p>\n<h6><strong><u>Hotel\u00a0Slim<\/u><\/strong><\/h6>\n<h5>*Valores\u00a0por\u00a0apartamento e\u00a0por\u00a0di\u00e1ria<\/h5>\n<table>\n<tbody>\n<tr>\n<td style=\"text-align: center;\" width=\"315\">\n<h6 style=\"text-align: left;\"><strong>Categoria<\/strong><\/h6>\n<\/td>\n<td style=\"text-align: left;\" width=\"161\">\n<h6 style=\"text-align: left;\"><strong>Single<\/strong><\/h6>\n<\/td>\n<td style=\"text-align: left;\">\n<h6 style=\"text-align: left;\"><strong>Duplo<\/strong><\/h6>\n<\/td>\n<\/tr>\n<tr>\n<td style=\"text-align: left;\" width=\"315\"><strong>Standard<\/strong><\/td>\n<td style=\"text-align: left;\" width=\"161\">R$220,00<\/td>\n<td style=\"text-align: left;\" width=\"142\">R$\u00a0295,00<\/td>\n<\/tr>\n<\/tbody>\n<\/table>\n<p><strong>INCLUI:\u00a0<\/strong>01\u00a0Di\u00e1ria,\u00a0caf\u00e9\u00a0da\u00a0manh\u00e3,\u00a0estacionamento e\u00a0taxas\u00a0de\u00a0servi\u00e7o\u00a0sobre a\u00a0di\u00e1ria.<\/p>\n<p><strong>N\u00c3O\u00a0INCLUI:\u00a0<\/strong>Refei\u00e7\u00f5es\u00a0e\u00a0despesas\u00a0de\u00a0ordem pessoal.<\/p>\n<h6><strong><u>Farina\u00a0Park Hotel<\/u><\/strong><\/h6>\n<h5>*Valores\u00a0por\u00a0apartamento\u00a0e\u00a0por\u00a0di\u00e1ria<\/h5>\n<table>\n<tbody>\n<tr>\n<td style=\"text-align: center;\" width=\"315\">\n<h6 style=\"text-align: left;\"><strong>Categoria<\/strong><\/h6>\n<\/td>\n<td style=\"text-align: left;\" width=\"104\">\n<h6 style=\"text-align: left;\"><strong>Single<\/strong><\/h6>\n<\/td>\n<td style=\"text-align: left;\" width=\"104\">\n<h6 style=\"text-align: left;\"><strong>Duplo<\/strong><\/h6>\n<\/td>\n<td style=\"text-align: left;\">\n<h6 style=\"text-align: left;\"><strong>Triplo<\/strong><\/h6>\n<\/td>\n<\/tr>\n<tr>\n<td style=\"text-align: left;\" width=\"315\"><strong>Luxo<\/strong><\/td>\n<td style=\"text-align: left;\" width=\"104\">R$\u00a0232,00<\/td>\n<td style=\"text-align: left;\" width=\"104\">R$\u00a0290,00<\/td>\n<td style=\"text-align: left;\" width=\"96\">R$\u00a0370,00<\/td>\n<\/tr>\n<tr>\n<td style=\"text-align: left;\" width=\"315\"><strong>Super\u00a0Luxo<\/strong><\/td>\n<td style=\"text-align: left;\" width=\"104\">R$\u00a0280,00<\/td>\n<td style=\"text-align: left;\" width=\"104\">R$\u00a0345,00<\/td>\n<td style=\"text-align: left;\" width=\"96\">&#8211;<\/td>\n<\/tr>\n<\/tbody>\n<\/table>\n<p><strong>INCLUI:\u00a0<\/strong>01\u00a0Di\u00e1ria,\u00a0estacionamento,\u00a0caf\u00e9 da\u00a0manh\u00e3\u00a0e taxas\u00a0de servi\u00e7o\u00a0sobre a\u00a0di\u00e1ria.<\/p>\n<p><strong>N\u00c3O\u00a0INCLUI:\u00a0<\/strong>Refei\u00e7\u00f5es\u00a0e despesas\u00a0de\u00a0ordem pessoal.<\/p>\n<h6><strong><u>Dall\u2019Onder Vittoria<\/u><\/strong><\/h6>\n<h5>*Valores\u00a0por\u00a0apartamento\u00a0e\u00a0por\u00a0di\u00e1ria<\/h5>\n<table style=\"height: 100px;\" width=\"605\">\n<tbody>\n<tr>\n<td style=\"text-align: center;\" width=\"315\">\n<h6 style=\"text-align: left;\"><strong>Categoria<\/strong><\/h6>\n<\/td>\n<td style=\"text-align: left;\" width=\"104\">\n<h6 style=\"text-align: left;\"><strong>Single<\/strong><\/h6>\n<\/td>\n<td style=\"text-align: left;\" width=\"104\">\n<h6><strong>Duplo<\/strong><\/h6>\n<\/td>\n<\/tr>\n<tr>\n<td style=\"text-align: left;\" width=\"315\"><strong>Luxo<\/strong><\/td>\n<td style=\"text-align: left;\" width=\"104\">R$ 445,00<\/td>\n<td style=\"text-align: left;\" width=\"104\">R$ 465,00<\/td>\n<\/tr>\n<\/tbody>\n<\/table>\n<p><strong>INCLUI:\u00a0<\/strong>01\u00a0Di\u00e1ria,\u00a0estacionamento,\u00a0caf\u00e9 da\u00a0manh\u00e3\u00a0e taxas\u00a0de servi\u00e7o\u00a0sobre a\u00a0di\u00e1ria.<\/p>\n<p><strong>N\u00c3O\u00a0INCLUI:\u00a0<\/strong>Refei\u00e7\u00f5es\u00a0e despesas\u00a0de\u00a0ordem pessoal.<\/p>\n<hr \/>\n<h5><strong>Transfer<\/strong><\/h5>\n<p style=\"padding-left: 40px;\"><strong>Traslado Regular<\/strong> &#8211; Compartilhado com mais pessoas em hor\u00e1rios pr\u00e9 determinados e com desembarque nos hot\u00e9is* de Bento Gon\u00e7alves.<\/p>\n<p style=\"padding-left: 80px;\">*Hot\u00e9is Farina, Dall&#8217;Onder Grande Hotel, Dall&#8217;Onder Vittoria, Laghetto Bento, Laghetto Esta\u00e7\u00e3o e Vinocap.<\/p>\n<p style=\"padding-left: 80px;\">**O transfer regular tem sa\u00eddas confirmadas com no m\u00ednimo 03 pessoas.<\/p>\n<p style=\"padding-left: 80px;\">***O voo deve ser pelo menos 04h ap\u00f3s o hor\u00e1rio do transfer.<\/p>\n<p style=\"padding-left: 80px;\">R$ 150,00 por pessoa (Somente um trecho &#8211; chegada OU partida)<\/p>\n<p style=\"padding-left: 80px;\">R$ 290,00 por pessoa (Se adquirir dois trechos &#8211; chegada E partida)<\/p>\n<p style=\"padding-left: 40px;\"><strong>Traslado Regular (Chegada)<\/strong> &#8211; Aeroporto de Porto Alegre\/Bento Gon\u00e7alves<\/p>\n<p style=\"padding-left: 80px;\">Dia 10\/09\/23 &#8211; Hor\u00e1rios de sa\u00edda do Aeroporto: 10h | 14h | 17h | 20h<br \/>Dia 11\/09\/23 &#8211; Hor\u00e1rios de sa\u00edda do Aeroporto:10h | 14h<\/p>\n<p style=\"padding-left: 40px;\"><strong>Traslado Regular (Partida)<\/strong> &#8211; Bento Gon\u00e7alves\/Aeroporto de Porto Alegre<\/p>\n<p style=\"padding-left: 80px;\">Dia 15\/09\/23 &#8211; Hor\u00e1rios de sa\u00edda de Bento Gon\u00e7alves: 07h | 12h | 16h<br \/>Dia 16\/09\/23 &#8211; Hor\u00e1rios de sa\u00edda de Bento Gon\u00e7alves: 07h | 11h<\/p>\n<p style=\"padding-left: 40px;\"><strong>Traslado Privativo<\/strong> &#8211; Carro exclusivo para o hor\u00e1rio de chegada do voo, diretamente ao hotel que estar\u00e1 hospedado em Bento Gon\u00e7alves.<\/p>\n<p style=\"padding-left: 80px;\">R$ 450,00 com carro para at\u00e9 3 pessoas.<\/p>\n<p>\u00a0<\/p>\n<p style=\"padding-left: 40px;\"><strong>Informa\u00e7\u00f5es para reservas:<\/strong> Hotel, n\u00famero do voo, companhia a\u00e9rea, hor\u00e1rio de chegada\/partida, nome completo e n\u00famero do RG.<\/p>\n<p style=\"padding-left: 40px;\"><strong>Forma de pagamento:<\/strong> antecipado via transfer\u00eancia banc\u00e1ria (TED ou PIX).<\/p>\n<p>\u00a0<\/p>\n<hr \/>\n<ul>\n<li>Fa\u00e7a sua reserva diretamente com a ag\u00eancia pelo e-mail<a href=\"mailto:agencia@valedasvinhastur.com.br\"> agencia@valedasvinhastur.com.br<\/a>\u00a0ou pelo n\u00famero de whatsapp <a href=\"https:\/\/api.whatsapp.com\/send?phone=5554991057805\" target=\"_blank\" rel=\"noopener\">(54) 99105.7805<\/a> ou telefone fixo <a href=\"tel:+55(54)34514216\" target=\"_blank\" rel=\"noopener\">(54) 3451 4216<\/a>.<\/li>\n<li>Para adquirir passagens a\u00e9reas, <a href=\"https:\/\/api.whatsapp.com\/send?phone=5554991057805\" target=\"_blank\" rel=\"noopener\">CLIQUE AQUI!<\/a><\/li>\n<li>Para contratar servi\u00e7o de transfer Aeroporto\/Hotel e\/ou Hotel\/Aeroporto, <a href=\"https:\/\/api.whatsapp.com\/send?phone=5554991057805\" target=\"_blank\" rel=\"noopener\">CLIQUE AQUI!<\/a><\/li>\n<\/ul>\n<p>[\/vc_column_text][\/vc_column][\/vc_row]<\/p>\n","protected":false},"excerpt":{"rendered":"<p>[vc_row][vc_column][vc_column_text] Hospedagem A Vale das Vinhas Turismo \u00e9 a ag\u00eancia oficial do XX SINAOP \u2013 Simp\u00f3sio Nacional de Auditoria de Obras P\u00fablicas \u2013 e, portanto,\u00a0 respons\u00e1vel em facilitar a contrata\u00e7\u00e3o de servi\u00e7os, como hospedagem, transfer e passeios tur\u00edsticos. Seguem abaixo as op\u00e7\u00f5es de hospedagem pr\u00f3ximos ao local do evento e com tarifas especiais: Hotel\u00a0Vinocap *Valores\u00a0por\u00a0apartamento [&hellip;]<\/p>\n","protected":false},"author":3,"featured_media":0,"parent":0,"menu_order":0,"comment_status":"closed","ping_status":"closed","template":"","meta":{"footnotes":""},"class_list":["post-353","page","type-page","status-publish","hentry","post"],"_links":{"self":[{"href":"https:\/\/www.ibraop.org.br\/xx-sinaop\/wp-json\/wp\/v2\/pages\/353","targetHints":{"allow":["GET"]}}],"collection":[{"href":"https:\/\/www.ibraop.org.br\/xx-sinaop\/wp-json\/wp\/v2\/pages"}],"about":[{"href":"https:\/\/www.ibraop.org.br\/xx-sinaop\/wp-json\/wp\/v2\/types\/page"}],"author":[{"embeddable":true,"href":"https:\/\/www.ibraop.org.br\/xx-sinaop\/wp-json\/wp\/v2\/users\/3"}],"replies":[{"embeddable":true,"href":"https:\/\/www.ibraop.org.br\/xx-sinaop\/wp-json\/wp\/v2\/comments?post=353"}],"version-history":[{"count":47,"href":"https:\/\/www.ibraop.org.br\/xx-sinaop\/wp-json\/wp\/v2\/pages\/353\/revisions"}],"predecessor-version":[{"id":1004,"href":"https:\/\/www.ibraop.org.br\/xx-sinaop\/wp-json\/wp\/v2\/pages\/353\/revisions\/1004"}],"wp:attachment":[{"href":"https:\/\/www.ibraop.org.br\/xx-sinaop\/wp-json\/wp\/v2\/media?parent=353"}],"curies":[{"name":"wp","href":"https:\/\/api.w.org\/{rel}","templated":true}]}}