{"id":297,"date":"2023-04-21T11:05:35","date_gmt":"2023-04-21T14:05:35","guid":{"rendered":"https:\/\/www.ibraop.org.br\/xx-sinaop\/pagina-inicial-2\/"},"modified":"2023-09-11T16:33:08","modified_gmt":"2023-09-11T19:33:08","slug":"pagina-inicial-2","status":"publish","type":"page","link":"https:\/\/www.ibraop.org.br\/xx-sinaop\/","title":{"rendered":"P\u00e1gina Inicial"},"content":{"rendered":"<div id=\"pl-297\"  class=\"panel-layout\" ><div id=\"pg-297-0\"  class=\"panel-grid panel-no-style\" ><div id=\"pgc-297-0-0\"  class=\"panel-grid-cell panel-grid-cell-empty\" ><\/div><div id=\"pgc-297-0-1\"  class=\"panel-grid-cell\" ><div id=\"panel-297-0-1-0\" class=\"so-panel widget widget_circleicon-widget panel-first-child panel-last-child\" data-index=\"0\" >\t\t<div class=\"circle-icon-box circle-icon-position-top circle-icon-hide-box circle-icon-size-medium \">\n\t\t\t\t\t\t\t<div class=\"circle-icon-wrapper\">\n\t\t\t\t\t\t\t\t\t\t<a href=\"https:\/\/www.ibraop.org.br\/xx-sinaop\/artigos-tecnicos\/\" class=\"link-icon\" target=\"_blank\">\t\t\t\t\t<div class=\"circle-icon\" >\n\t\t\t\t\t\t\t\t\t\t\t\t\t<div\n\t\t\t\t\t\t\t\tclass=\"fa fa-book\"\n\t\t\t\t\t\t\t\t\t\t\t\t\t\t\t><\/div>\n\t\t\t\t\t\t\t\t\t\t\t<\/div>\n\t\t\t\t\t<\/a>\t\t\t\t<\/div>\n\t\t\t\n\t\t\t\t\t\t\t<a\n\t\t\t\t\thref=\"https:\/\/www.ibraop.org.br\/xx-sinaop\/artigos-tecnicos\/\"\n\t\t\t\t\tclass=\"link-title\" target=&quot;_blank&quot;\t\t\t\t>\n\t\t\t\t\t\t\t\t\t\t<h4 >\n\t\t\t\t\tA R T I G O S   -   T \u00c9 C N I C O S\t\t\t\t<\/h4>\n\t\t\t\t\t\t\t\t\t\t<\/a>\n\t\t\t\n\t\t\t\t\t\t\t<p class=\"text\" >\n\t\t\t\tQuer apresentar artigos t\u00e9cnicos durante a programa\u00e7\u00e3o do XX SINAOP? Ent\u00e3o confira as regras para submiss\u00e3o e envie seu trabalho at\u00e9 \u00e0s 00h do dia 23 de julho de 2023!\t\t\t<\/p>\n\t\t\t\t\t\t\t\t\t\t<a\n\t\t\t\t\thref=\"https:\/\/www.ibraop.org.br\/xx-sinaop\/artigos-tecnicos\/\"\n\t\t\t\t\tclass=\"more-button\"\n\t\t\t\t\ttarget=&quot;_blank&quot;\t\t\t\t>\n\t\t\t\t\tAcesse aqui!\t\t\t\t\t<i><\/i>\n\t\t\t\t<\/a>\n\t\t\t\t\t<\/div>\n\t\t<\/div><\/div><div id=\"pgc-297-0-2\"  class=\"panel-grid-cell\" ><div id=\"panel-297-0-2-0\" class=\"so-panel widget widget_circleicon-widget panel-first-child panel-last-child\" data-index=\"1\" >\t\t<div class=\"circle-icon-box circle-icon-position-top circle-icon-hide-box circle-icon-size-medium \">\n\t\t\t\t\t\t\t<div class=\"circle-icon-wrapper\">\n\t\t\t\t\t\t\t\t\t\t<a href=\"https:\/\/www.ibraop.org.br\/xx-sinaop\/inscricoes\/\" class=\"link-icon\" target=\"_blank\">\t\t\t\t\t<div class=\"circle-icon\" >\n\t\t\t\t\t\t\t\t\t\t\t\t\t<div\n\t\t\t\t\t\t\t\tclass=\"fa fa-pencil\"\n\t\t\t\t\t\t\t\t\t\t\t\t\t\t\t><\/div>\n\t\t\t\t\t\t\t\t\t\t\t<\/div>\n\t\t\t\t\t<\/a>\t\t\t\t<\/div>\n\t\t\t\n\t\t\t\t\t\t\t<a\n\t\t\t\t\thref=\"https:\/\/www.ibraop.org.br\/xx-sinaop\/inscricoes\/\"\n\t\t\t\t\tclass=\"link-title\" target=&quot;_blank&quot;\t\t\t\t>\n\t\t\t\t\t\t\t\t\t\t<h4 >\n\t\t\t\t\tI N S C R I \u00c7 \u00d5 E S\t\t\t\t<\/h4>\n\t\t\t\t\t\t\t\t\t\t<\/a>\n\t\t\t\n\t\t\t\t\t\t\t<p class=\"text\" >\n\t\t\t\tAs inscri\u00e7\u00f5es do XX SINAOP j\u00e1 est\u00e3o abertas! Fa\u00e7a ou atualize seu cadastro junto ao Ibraop; confira em qual tabela de valores voc\u00ea est\u00e1 ou se organize em um grupo para ganhar desconto!\t\t\t<\/p>\n\t\t\t\t\t\t\t\t\t\t<a\n\t\t\t\t\thref=\"https:\/\/www.ibraop.org.br\/xx-sinaop\/inscricoes\/\"\n\t\t\t\t\tclass=\"more-button\"\n\t\t\t\t\ttarget=&quot;_blank&quot;\t\t\t\t>\n\t\t\t\t\tInscreva-se\t\t\t\t\t<i><\/i>\n\t\t\t\t<\/a>\n\t\t\t\t\t<\/div>\n\t\t<\/div><\/div><div id=\"pgc-297-0-3\"  class=\"panel-grid-cell panel-grid-cell-mobile-last\" ><div id=\"panel-297-0-3-0\" class=\"so-panel widget widget_circleicon-widget panel-first-child panel-last-child\" data-index=\"2\" >\t\t<div class=\"circle-icon-box circle-icon-position-top circle-icon-hide-box circle-icon-size-medium \">\n\t\t\t\t\t\t\t<div class=\"circle-icon-wrapper\">\n\t\t\t\t\t\t\t\t\t\t<a href=\"https:\/\/www.ibraop.org.br\/xx-sinaop\/programacao\/\" class=\"link-icon\" target=\"_blank\">\t\t\t\t\t<div class=\"circle-icon\" >\n\t\t\t\t\t\t\t\t\t\t\t\t\t<div\n\t\t\t\t\t\t\t\tclass=\"fa fa-calendar\"\n\t\t\t\t\t\t\t\t\t\t\t\t\t\t\t><\/div>\n\t\t\t\t\t\t\t\t\t\t\t<\/div>\n\t\t\t\t\t<\/a>\t\t\t\t<\/div>\n\t\t\t\n\t\t\t\t\t\t\t<a\n\t\t\t\t\thref=\"https:\/\/www.ibraop.org.br\/xx-sinaop\/programacao\/\"\n\t\t\t\t\tclass=\"link-title\" target=&quot;_blank&quot;\t\t\t\t>\n\t\t\t\t\t\t\t\t\t\t<h4 >\n\t\t\t\t\tP R O G R A M A \u00c7 \u00c3 O\t\t\t\t<\/h4>\n\t\t\t\t\t\t\t\t\t\t<\/a>\n\t\t\t\n\t\t\t\t\t\t\t<p class=\"text\" >\n\t\t\t\tEst\u00e1 prevista a realiza\u00e7\u00e3o de confer\u00eancias, palestras, apresenta\u00e7\u00f5es de artigos e minicursos, todos com temas atuais e extremamente relevantes para o debate do tema central do evento: \"Infraestrutura e Sustentabilidade\". \t\t\t<\/p>\n\t\t\t\t\t\t\t\t\t\t<a\n\t\t\t\t\thref=\"https:\/\/www.ibraop.org.br\/xx-sinaop\/programacao\/\"\n\t\t\t\t\tclass=\"more-button\"\n\t\t\t\t\ttarget=&quot;_blank&quot;\t\t\t\t>\n\t\t\t\t\tVeja a programa\u00e7\u00e3o preliminar!\t\t\t\t\t<i><\/i>\n\t\t\t\t<\/a>\n\t\t\t\t\t<\/div>\n\t\t<\/div><\/div><div id=\"pgc-297-0-4\"  class=\"panel-grid-cell panel-grid-cell-empty\" ><\/div><\/div><div id=\"pg-297-1\"  class=\"panel-grid panel-has-style\" ><div class=\"wide-grey panel-row-style panel-row-style-for-297-1\" ><div id=\"pgc-297-1-0\"  class=\"panel-grid-cell\" ><div id=\"panel-297-1-0-0\" class=\"so-panel widget widget_text panel-first-child\" data-index=\"3\" >\t\t\t<div class=\"textwidget\"><h3>Apresenta\u00e7\u00e3o<\/h3>\n<p>&nbsp;<\/p>\n<p>O Instituto Brasileiro de Auditoria de Obras P\u00fablicas (Ibraop) realiza a 20\u00aa edi\u00e7\u00e3o do <strong>Simp\u00f3sio Nacional de Auditoria de Obras P\u00fablicas \u2013\u00a0 XX SINAOP<\/strong> \u2013 de 11 a 15 de setembro, no Parque de Eventos Fundaparque \u2013 Pavilh\u00e3o E, em Bento Gon\u00e7alves (RS).<\/p>\n<p>&nbsp;<\/p>\n<p>O evento foi inspirado na Agenda 2030 da Organiza\u00e7\u00e3o das Na\u00e7\u00f5es Unidas, por isso o tema central \u00e9 <em>\u201cInfraestrutura e Sustentabilidade\u201d<\/em>. As palestras est\u00e3o dispostas em pain\u00e9is, cuja tem\u00e1tica contempla seis dos 17 objetivos de desenvolvimento sustent\u00e1vel da ONU. S\u00e3o eles:<\/p>\n<p>&nbsp;<\/p>\n<p>\u2022 <strong>ODS 5<\/strong>, com a participa\u00e7\u00e3o das mulheres na infraestrutura brasileira;<\/p>\n<p>\u2022 <strong>ODS 6<\/strong>, avaliando as quest\u00f5es de saneamento no Brasil e a experi\u00eancia exitosa de Portugal na extin\u00e7\u00e3o dos lix\u00f5es;<\/p>\n<p>\u2022 <strong>ODS 9<\/strong>, tratando do uso de tecnologias em auditoria no contexto da ind\u00fastria, inova\u00e7\u00e3o e infraestrutura;<\/p>\n<p>\u2022 <strong>ODS 11<\/strong>, ressaltando solu\u00e7\u00f5es para viabilizar cidades sustent\u00e1veis;<\/p>\n<p>\u2022 <strong>ODS 11, 12 e 13<\/strong>, tratando de preven\u00e7\u00e3o e resposta a desastres em um conjunto de objetivos referentes a cidades sustent\u00e1veis, consumo e produ\u00e7\u00e3o respons\u00e1veis e a\u00e7\u00e3o contra a mudan\u00e7a global do clima;<\/p>\n<p>\u2022 <strong>ODS 16<\/strong>, endere\u00e7ando quest\u00f5es relevantes de controle da integridade socioambiental da infraestrutura no contexto da paz, justi\u00e7a e institui\u00e7\u00f5es eficazes.<\/p>\n<p>O evento conta tamb\u00e9m com cinco minicursos:<\/p>\n<p><strong>1.<\/strong> Or\u00e7amenta\u00e7\u00e3o de Obras P\u00fablicas | Elci Pessoa J\u00fanior (Eng. Civil);<\/p>\n<p><strong>2.<\/strong> Nova Lei de Licita\u00e7\u00f5es e Contratos | Pedro Jorge Rocha de Oliveira (Ibraop);<\/p>\n<p><strong> 3.<\/strong> Metodologia de Avalia\u00e7\u00e3o de Qualidade das Rodovias | Paulo Pinto (TCE-RS);<\/p>\n<p><strong>4.<\/strong> Precifica\u00e7\u00e3o de Riscos | Andr\u00e9 Baeta (TCU); e<\/p>\n<p><strong>5.<\/strong> Saneamento | professores a confirmar.<\/p>\n<p>Tamb\u00e9m est\u00e1 prevista a apresenta\u00e7\u00e3o de artigos t\u00e9cnicos selecionados de acordo com as tem\u00e1ticas dos pain\u00e9is, al\u00e9m da divulga\u00e7\u00e3o de trabalhos t\u00e9cnicos produzidos por auditores que comp\u00f5em os seis grupos de trabalho do Ibraop. S\u00e3o eles:<\/p>\n<p>\u2022 Procedimentos de auditoria de riscos e impactos socioambientais de planos, projetos e execu\u00e7\u00e3o de investimento em infraestrutura, realizados em parceria com a Transpar\u00eancia Internacional Brasil;<\/p>\n<p>\u2022 Revis\u00f5es de procedimentos de auditoria de obras rodovi\u00e1rias e vias urbanas, realizados principalmente durante a pandemia;<\/p>\n<p>\u2022 Orienta\u00e7\u00e3o T\u00e9cnica sobre reequil\u00edbrio econ\u00f4mico-financeiro nas obras e servi\u00e7os de engenharia;<\/p>\n<p>\u2022 Livro digital \u201cControle de Infraestrutura pelos Tribunais de Contas\u201d, realizado pelo Ibraop e a Transpar\u00eancia Internacional \u2013 Brasil com apoio da Funda\u00e7\u00e3o Betty e Gordon Moore<\/p>\n<p>\u2022 Livro \u201cMulheres no Controle Externo\u201d, rec\u00e9m-publicado em homenagem ao centen\u00e1rio da Conselheira Lindalva Torquato do TCE-RN, a primeira mulher a ser nomeada conselheira no sistema de controle externo brasileiro.<\/p>\n<\/div>\n\t\t<\/div><div id=\"panel-297-1-0-1\" class=\"so-panel widget widget_text panel-last-child\" data-index=\"4\" >\t\t\t<div class=\"textwidget\"><ul>\n<li>\n<h4><span style=\"color: #993300;\"><strong>P\u00fablico alvo:<\/strong><\/span><\/h4>\n<\/li>\n<\/ul>\n<p style=\"padding-left: 40px;\"><span style=\"font-weight: 400;\">Auditores de Controle Externo, servidores e dirigentes dos Tribunais de Contas e dos diversos \u00f3rg\u00e3os de controle envolvidos com obras p\u00fablicas dos governos federal, estadual e municipal, bem como profissionais dos setores p\u00fablico e privado que exer\u00e7am fiscaliza\u00e7\u00e3o, gest\u00e3o ou execu\u00e7\u00e3o desse tipo de empreendimento.<\/span><\/p>\n<ul>\n<li>\n<h4><span style=\"color: #993300;\"><strong>Local:<\/strong><\/span><\/h4>\n<\/li>\n<\/ul>\n<p style=\"padding-left: 40px;\">Parque de Eventos de Bento Gon\u00e7alves \u2013 Fundaparque \u2014 Pavilh\u00e3o E<br \/>\nAlameda Fenavinho, 481 \u2013 CEP 95703-364 | Bento Gon\u00e7alves \u2013 RS<\/p>\n<ul>\n<li>\n<h4><span style=\"color: #0993300;\"><strong>Sobre a logo:<\/strong><\/span><\/h4>\n<\/li>\n<\/ul>\n<p style=\"padding-left: 40px;\"><span style=\"font-weight: 400;\">As logomarcas dos eventos do Ibraop sempre fazem refer\u00eancia a algum s\u00edmbolo ou monumento que identifique a cidade sede. Em 2023, o Sinaop ser\u00e1 realizado em Bento Gon\u00e7alves \u2013 a Capital Brasileira da Uva e do Vinho. Por esse motivo, a logo do evento estampa o P\u00f3rtico de Bento Gon\u00e7alves \u2013 e um galho de parreira ou videira. A estrutura de concreto, levantada em 1980 na entrada da cidade, possui 17 metros de altura, tem o formato de um tipo de barril chamado pipa e se tornou um dos cart\u00f5es-postais da regi\u00e3o.<\/span><\/p>\n<p style=\"padding-left: 40px;\"><span style=\"font-weight: 400;\"><br \/>\n<\/span>Elementos alusivos ao tema central do evento \u2013 Infraestrutura e Sustentabilidade \u2013 tamb\u00e9m foram inseridos na logomarca do XX Sinaop. Nela aparecem seis dos 17 Objetivos de Desenvolvimento Sustent\u00e1vel da Agenda 2030 da Organiza\u00e7\u00e3o das Na\u00e7\u00f5es Unidas, que s\u00e3o os assuntos em debate nos pain\u00e9is do evento.<\/p>\n<\/div>\n\t\t<\/div><\/div><\/div><\/div><div id=\"pg-297-2\"  class=\"panel-grid panel-no-style\" ><div id=\"pgc-297-2-0\"  class=\"panel-grid-cell\" ><div id=\"panel-297-2-0-0\" class=\"so-panel widget widget_text panel-first-child panel-last-child\" data-index=\"5\" >\t\t\t<div class=\"textwidget\"><header class=\"entry-header\">\n<h1 class=\"entry-title\">Sobre Bento Gon\u00e7alves<\/h1>\n<\/header>\n<ul>A cidade \u00e9 um dos mais belos e importantes destinos tur\u00edsticos da Serra Ga\u00facha e do Brasil. A voca\u00e7\u00e3o industrial e tur\u00edstica, as paisagens \u2018bordadas de parreirais\u2019 e a garra de seu povo fazem da cidade um lugar acolhedor e de natureza exuberante. A cidade \u00e9 pioneira como destino enotur\u00edstico do pa\u00eds.<\/ul>\n<ul>Escolhida pelo Minist\u00e9rio do Turismo em 2007 como um dos 65 polos indutores de turismo do Brasil, a Capital Brasileira da Uva e do Vinho tem na hospitalidade uma de suas caracter\u00edsticas mais marcantes.<\/ul>\n<ul>Bento recebe muitos visitantes interessados no clima rom\u00e2ntico da serra, no bom vinho e farta gastronomia herdada dos imigrantes italianos. H\u00e1 programa\u00e7\u00e3o tamb\u00e9m para aqueles que preferem desfrutar do contato direto com a natureza, com visita\u00e7\u00e3o ao interior dos distritos ou praticando atividades de ecoturismo, ou de turismo aventura.<\/ul>\n<ul>As temperaturas tipicamente europeias que chegam a at\u00e9 cinco graus negativos no inverno e trinta e seis graus no ver\u00e3o, proporcionam um espet\u00e1culo magn\u00edfico da natureza. As quatro esta\u00e7\u00f5es bem definidas garantem tamb\u00e9m uma mescla de paisagens, que incluem os vales bordados de parreirais no ver\u00e3o, o colorido buc\u00f3lico do outono, as frias manh\u00e3s de inverno com os vales cobertos de geada e o exuberante colorido da primavera.<\/ul>\n<ul>A Prefeitura de Bento, atrav\u00e9s da Secretaria de Turismo promove uma programa\u00e7\u00e3o tem\u00e1tica para tornar a sua visita ainda mais interessante: a \u2018Esta\u00e7\u00e3o Vindima\u2019 de janeiro a mar\u00e7o, movimenta a atividade da colheita e pisa da uva; a \u2018Doce P\u00e1scoa\u2019 em mar\u00e7o e abril; os \u2018Retratos de Outono\u2019 de mar\u00e7o a maio, o \u2018Dia do Vinho\u2019 em junho; o \u2018Inverno de Sensa\u00e7\u00f5es\u2019 de junho a agosto, com a diversidade e os melhores atrativos do inverno; o \u2018Encantos de Primavera\u2019, de setembro a novembro promove o encontro com a natureza e cultura locais, o Festival de Balonismo realizado em setembro, com voos incr\u00edveis no alto dos parreirais e o \u2018Natal Bento\u2019, que resgata o esp\u00edrito fraterno em grandes espet\u00e1culos nas principais pra\u00e7as da cidade.<\/ul>\n<ul>\n<ul>Seja como destino de neg\u00f3cios ou de lazer, as op\u00e7\u00f5es s\u00e3o bem diversificadas. Consulte no link <a href=\"https:\/\/bento.tur.br\/guia-de-programacao-diaria\/\" target=\"_blank\" rel=\"noopener\">Programa\u00e7\u00e3o Di\u00e1ria<\/a> <\/ul>\n<p>&nbsp;<\/p>\n<li>o que est\u00e1 acontecendo atualmente em Bento. A cidade tamb\u00e9m possui v\u00e1rios Centros de Informa\u00e7\u00f5es Tur\u00edsticas \u2013 CAT em pontos estrat\u00e9gicos e disponibiliza um n\u00famero telef\u00f4nico gratuito caso queira esclarecer d\u00favidas sobre informa\u00e7\u00f5es tur\u00edsticas: (54) 3055-7202.<\/li>\n<\/ul>\n<p>&nbsp;<\/p>\n<ul>\n \t<em>(Fonte: Site da Prefeitura de Bento Gon\u00e7alves) \u2013<a href=\"https:\/\/bento.tur.br\/sobre-bento-goncalves\/\" target=\"_blank\" rel=\"noopener\">https:\/\/bento.tur.br\/sobre-bento-goncalves\/<\/a><\/em><\/ul>\n<\/div>\n\t\t<\/div><\/div><\/div><div id=\"pg-297-3\"  class=\"panel-grid panel-has-style\" ><div class=\"panel-row-style panel-row-style-for-297-3\" ><div id=\"pgc-297-3-0\"  class=\"panel-grid-cell panel-grid-cell-empty\" ><\/div><div id=\"pgc-297-3-1\"  class=\"panel-grid-cell panel-grid-cell-mobile-last\" ><div id=\"panel-297-3-1-0\" class=\"so-panel widget widget_media_image panel-first-child panel-last-child\" data-index=\"6\" ><div class=\"panel-widget-style panel-widget-style-for-297-3-1-0\" ><h3 class=\"widget-title\">Realiza\u00e7\u00e3o:<\/h3><a href=\"https:\/\/www.ibraop.org.br\/\"><img loading=\"lazy\" decoding=\"async\" width=\"175\" height=\"93\" src=\"https:\/\/www.ibraop.org.br\/xx-sinaop\/wp-content\/uploads\/sites\/4\/2023\/06\/logo_ibraop-e1686785947594.png\" class=\"image wp-image-775  attachment-175x200 size-175x200\" alt=\"\" style=\"max-width: 100%; height: auto;\" title=\"Realiza\u00e7\u00e3o:\" srcset=\"https:\/\/www.ibraop.org.br\/xx-sinaop\/wp-content\/uploads\/sites\/4\/2023\/06\/logo_ibraop-e1686785947594.png 467w, https:\/\/www.ibraop.org.br\/xx-sinaop\/wp-content\/uploads\/sites\/4\/2023\/06\/logo_ibraop-e1686785947594-300x159.png 300w\" sizes=\"auto, (max-width: 175px) 100vw, 175px\" \/><\/a><\/div><\/div><\/div><div id=\"pgc-297-3-2\"  class=\"panel-grid-cell panel-grid-cell-empty\" ><\/div><\/div><\/div><div id=\"pg-297-4\"  class=\"panel-grid panel-has-style\" ><div class=\"panel-row-style panel-row-style-for-297-4\" ><div id=\"pgc-297-4-0\"  class=\"panel-grid-cell panel-grid-cell-mobile-last\" ><div id=\"panel-297-4-0-0\" class=\"so-panel widget widget_media_image panel-first-child panel-last-child\" data-index=\"7\" ><div class=\"panel-widget-style panel-widget-style-for-297-4-0-0\" ><h3 class=\"widget-title\">Apoio:<\/h3><a href=\"https:\/\/www.ibraop.org.br\/\"><img loading=\"lazy\" decoding=\"async\" width=\"2917\" height=\"209\" src=\"https:\/\/www.ibraop.org.br\/xx-sinaop\/wp-content\/uploads\/sites\/4\/2023\/08\/1logo_Apoio.png\" class=\"image wp-image-1007  attachment-full size-full\" alt=\"\" style=\"max-width: 100%; height: auto;\" title=\"Apoio:\" srcset=\"https:\/\/www.ibraop.org.br\/xx-sinaop\/wp-content\/uploads\/sites\/4\/2023\/08\/1logo_Apoio.png 2917w, https:\/\/www.ibraop.org.br\/xx-sinaop\/wp-content\/uploads\/sites\/4\/2023\/08\/1logo_Apoio-300x21.png 300w, https:\/\/www.ibraop.org.br\/xx-sinaop\/wp-content\/uploads\/sites\/4\/2023\/08\/1logo_Apoio-1024x73.png 1024w, https:\/\/www.ibraop.org.br\/xx-sinaop\/wp-content\/uploads\/sites\/4\/2023\/08\/1logo_Apoio-768x55.png 768w, https:\/\/www.ibraop.org.br\/xx-sinaop\/wp-content\/uploads\/sites\/4\/2023\/08\/1logo_Apoio-1536x110.png 1536w, https:\/\/www.ibraop.org.br\/xx-sinaop\/wp-content\/uploads\/sites\/4\/2023\/08\/1logo_Apoio-2048x147.png 2048w\" sizes=\"auto, (max-width: 2917px) 100vw, 2917px\" \/><\/a><\/div><\/div><\/div><div id=\"pgc-297-4-1\"  class=\"panel-grid-cell panel-grid-cell-empty\" ><\/div><\/div><\/div><div id=\"pg-297-5\"  class=\"panel-grid panel-has-style\" ><div class=\"panel-row-style panel-row-style-for-297-5\" ><div id=\"pgc-297-5-0\"  class=\"panel-grid-cell\" ><div id=\"panel-297-5-0-0\" class=\"so-panel widget widget_media_image panel-first-child panel-last-child\" data-index=\"8\" ><div class=\"panel-widget-style panel-widget-style-for-297-5-0-0\" ><h3 class=\"widget-title\">Parceiros:<\/h3><img loading=\"lazy\" decoding=\"async\" width=\"264\" height=\"50\" src=\"https:\/\/www.ibraop.org.br\/xx-sinaop\/wp-content\/uploads\/sites\/4\/2023\/08\/2parceiros-300x57.png\" class=\"image wp-image-1035  attachment-264x50 size-264x50\" alt=\"\" style=\"max-width: 100%; height: auto;\" title=\"Parceiros:\" srcset=\"https:\/\/www.ibraop.org.br\/xx-sinaop\/wp-content\/uploads\/sites\/4\/2023\/08\/2parceiros-300x57.png 300w, https:\/\/www.ibraop.org.br\/xx-sinaop\/wp-content\/uploads\/sites\/4\/2023\/08\/2parceiros-1024x194.png 1024w, https:\/\/www.ibraop.org.br\/xx-sinaop\/wp-content\/uploads\/sites\/4\/2023\/08\/2parceiros-768x145.png 768w, https:\/\/www.ibraop.org.br\/xx-sinaop\/wp-content\/uploads\/sites\/4\/2023\/08\/2parceiros-e1692034855670.png 845w\" sizes=\"auto, (max-width: 264px) 100vw, 264px\" \/><\/div><\/div><\/div><div id=\"pgc-297-5-1\"  class=\"panel-grid-cell panel-grid-cell-empty\" ><\/div><div id=\"pgc-297-5-2\"  class=\"panel-grid-cell\" ><div id=\"panel-297-5-2-0\" class=\"so-panel widget widget_media_image panel-first-child panel-last-child\" data-index=\"9\" ><div class=\"panel-widget-style panel-widget-style-for-297-5-2-0\" ><h3 class=\"widget-title\">Patroc\u00ednios:<\/h3><img loading=\"lazy\" decoding=\"async\" width=\"3592\" height=\"300\" src=\"https:\/\/www.ibraop.org.br\/xx-sinaop\/wp-content\/uploads\/sites\/4\/2023\/09\/barra-logos-patrocinio-e1694460721397.png\" class=\"image wp-image-1312  attachment-full size-full\" alt=\"\" style=\"max-width: 100%; height: auto;\" title=\"Patroc\u00ednios:\" srcset=\"https:\/\/www.ibraop.org.br\/xx-sinaop\/wp-content\/uploads\/sites\/4\/2023\/09\/barra-logos-patrocinio-e1694460721397.png 3592w, https:\/\/www.ibraop.org.br\/xx-sinaop\/wp-content\/uploads\/sites\/4\/2023\/09\/barra-logos-patrocinio-e1694460721397-300x25.png 300w, https:\/\/www.ibraop.org.br\/xx-sinaop\/wp-content\/uploads\/sites\/4\/2023\/09\/barra-logos-patrocinio-e1694460721397-1024x86.png 1024w, https:\/\/www.ibraop.org.br\/xx-sinaop\/wp-content\/uploads\/sites\/4\/2023\/09\/barra-logos-patrocinio-e1694460721397-768x64.png 768w, https:\/\/www.ibraop.org.br\/xx-sinaop\/wp-content\/uploads\/sites\/4\/2023\/09\/barra-logos-patrocinio-e1694460721397-1536x128.png 1536w, https:\/\/www.ibraop.org.br\/xx-sinaop\/wp-content\/uploads\/sites\/4\/2023\/09\/barra-logos-patrocinio-e1694460721397-2048x171.png 2048w\" sizes=\"auto, (max-width: 3592px) 100vw, 3592px\" \/><\/div><\/div><\/div><\/div><\/div><\/div>","protected":false},"excerpt":{"rendered":"<p>Apresenta\u00e7\u00e3o &nbsp; O Instituto Brasileiro de Auditoria de Obras P\u00fablicas (Ibraop) realiza a 20\u00aa edi\u00e7\u00e3o do Simp\u00f3sio Nacional de Auditoria de Obras P\u00fablicas \u2013\u00a0 XX SINAOP \u2013 de 11 a 15 de setembro, no Parque de Eventos Fundaparque \u2013 Pavilh\u00e3o E, em Bento Gon\u00e7alves (RS). &nbsp; O evento foi inspirado na Agenda 2030 da Organiza\u00e7\u00e3o [&hellip;]<\/p>\n","protected":false},"author":3,"featured_media":0,"parent":0,"menu_order":0,"comment_status":"closed","ping_status":"closed","template":"home-panels.php","meta":{"footnotes":""},"class_list":["post-297","page","type-page","status-publish","hentry","post"],"_links":{"self":[{"href":"https:\/\/www.ibraop.org.br\/xx-sinaop\/wp-json\/wp\/v2\/pages\/297","targetHints":{"allow":["GET"]}}],"collection":[{"href":"https:\/\/www.ibraop.org.br\/xx-sinaop\/wp-json\/wp\/v2\/pages"}],"about":[{"href":"https:\/\/www.ibraop.org.br\/xx-sinaop\/wp-json\/wp\/v2\/types\/page"}],"author":[{"embeddable":true,"href":"https:\/\/www.ibraop.org.br\/xx-sinaop\/wp-json\/wp\/v2\/users\/3"}],"replies":[{"embeddable":true,"href":"https:\/\/www.ibraop.org.br\/xx-sinaop\/wp-json\/wp\/v2\/comments?post=297"}],"version-history":[{"count":114,"href":"https:\/\/www.ibraop.org.br\/xx-sinaop\/wp-json\/wp\/v2\/pages\/297\/revisions"}],"predecessor-version":[{"id":773,"href":"https:\/\/www.ibraop.org.br\/xx-sinaop\/wp-json\/wp\/v2\/pages\/297\/revisions\/773"}],"wp:attachment":[{"href":"https:\/\/www.ibraop.org.br\/xx-sinaop\/wp-json\/wp\/v2\/media?parent=297"}],"curies":[{"name":"wp","href":"https:\/\/api.w.org\/{rel}","templated":true}]}}