{"id":98,"date":"2021-09-16T19:55:17","date_gmt":"2021-09-16T22:55:17","guid":{"rendered":"https:\/\/www.ibraop.org.br\/xix-sinaop\/?page_id=98"},"modified":"2021-10-23T19:41:58","modified_gmt":"2021-10-23T22:41:58","slug":"inscricoes","status":"publish","type":"page","link":"https:\/\/www.ibraop.org.br\/xix-sinaop\/inscricoes\/","title":{"rendered":"Inscri\u00e7\u00f5es"},"content":{"rendered":"<div id=\"pl-98\"  class=\"panel-layout\" ><div id=\"pg-98-0\"  class=\"panel-grid panel-no-style\" ><div id=\"pgc-98-0-0\"  class=\"panel-grid-cell\" ><div id=\"panel-98-0-0-0\" class=\"so-panel widget widget_sow-editor panel-first-child panel-last-child\" data-index=\"0\" ><div\n\t\t\t\n\t\t\tclass=\"so-widget-sow-editor so-widget-sow-editor-base\"\n\t\t\t\n\t\t>\n<div class=\"siteorigin-widget-tinymce textwidget\">\n\t<h4><\/h4>\n<h4><b>Orienta\u00e7\u00f5es<\/b><\/h4>\n<ul>\n<li style=\"font-weight: 400;\" aria-level=\"1\"><span style=\"font-weight: 400;\">As inscri\u00e7\u00f5es s\u00e3o gratuitas<\/span><\/li>\n<li style=\"font-weight: 400;\" aria-level=\"1\"><span style=\"font-weight: 400;\">Para realizar sua inscri\u00e7\u00e3o no evento \u00e9 necess\u00e1ria a cria\u00e7\u00e3o de uma conta, com senha, para acesso \u00e0 \u00e1rea do usu\u00e1rio.<\/span><\/li>\n<li style=\"font-weight: 400;\" aria-level=\"1\"><span style=\"font-weight: 400;\">Na \u00e1rea do usu\u00e1rio voc\u00ea poder\u00e1<\/span>\n<ul>\n<li style=\"font-weight: 400;\" aria-level=\"2\"><span style=\"font-weight: 400;\">Acompanhar o andamento da sua inscri\u00e7\u00e3o (pr\u00e9-aprovada\/aprovada\/cancelada);<\/span><\/li>\n<li style=\"font-weight: 400;\" aria-level=\"2\"><span style=\"font-weight: 400;\">Realizar o cancelamento da sua inscri\u00e7\u00e3o at\u00e9 a pr\u00e9-aprova\u00e7\u00e3o. Ap\u00f3s, somente mediante solicita\u00e7\u00e3o ao Ibraop;<\/span><\/li>\n<li style=\"font-weight: 400;\" aria-level=\"2\"><span style=\"font-weight: 400;\">Fazer download dos certificados;<\/span><\/li>\n<li style=\"font-weight: 400;\" aria-level=\"2\"><span style=\"font-weight: 400;\">Atualizar seus dados pessoais;<\/span><\/li>\n<li style=\"font-weight: 400;\" aria-level=\"2\"><span style=\"font-weight: 400;\">Utilizar a mesma conta para os pr\u00f3ximos eventos do Ibraop.<\/span><\/li>\n<\/ul>\n<\/li>\n<\/ul>\n<\/div>\n<\/div><\/div><\/div><\/div><div id=\"pg-98-1\"  class=\"panel-grid panel-no-style\" ><div id=\"pgc-98-1-0\"  class=\"panel-grid-cell\" ><div id=\"panel-98-1-0-0\" class=\"so-panel widget widget_origin_button panel-first-child panel-last-child\" data-index=\"1\" ><div class=\"panel-widget-style panel-widget-style-for-98-1-0-0\" ><div class=\"origin-widget origin-widget-button origin-widget-button-simple-orange align-left\"><a href=\"https:\/\/eventos.ibraop.org.br\" \ntarget=\"_blank\" rel=\"noopener noreferrer\">\n\tI N S C R E V A - S E !<\/a>\n<\/div><\/div><\/div><\/div><\/div><\/div>","protected":false},"excerpt":{"rendered":"<p>Orienta\u00e7\u00f5es As inscri\u00e7\u00f5es s\u00e3o gratuitas Para realizar sua inscri\u00e7\u00e3o no evento \u00e9 necess\u00e1ria a cria\u00e7\u00e3o de uma conta, com senha, para acesso \u00e0 \u00e1rea do usu\u00e1rio. Na \u00e1rea do usu\u00e1rio voc\u00ea poder\u00e1 Acompanhar o andamento da sua inscri\u00e7\u00e3o (pr\u00e9-aprovada\/aprovada\/cancelada); Realizar o cancelamento da sua inscri\u00e7\u00e3o at\u00e9 a pr\u00e9-aprova\u00e7\u00e3o. Ap\u00f3s, somente mediante solicita\u00e7\u00e3o ao Ibraop; Fazer [&hellip;]<\/p>\n","protected":false},"author":3,"featured_media":0,"parent":0,"menu_order":0,"comment_status":"closed","ping_status":"closed","template":"","meta":{"footnotes":""},"class_list":["post-98","page","type-page","status-publish","hentry","post"],"_links":{"self":[{"href":"https:\/\/www.ibraop.org.br\/xix-sinaop\/wp-json\/wp\/v2\/pages\/98","targetHints":{"allow":["GET"]}}],"collection":[{"href":"https:\/\/www.ibraop.org.br\/xix-sinaop\/wp-json\/wp\/v2\/pages"}],"about":[{"href":"https:\/\/www.ibraop.org.br\/xix-sinaop\/wp-json\/wp\/v2\/types\/page"}],"author":[{"embeddable":true,"href":"https:\/\/www.ibraop.org.br\/xix-sinaop\/wp-json\/wp\/v2\/users\/3"}],"replies":[{"embeddable":true,"href":"https:\/\/www.ibraop.org.br\/xix-sinaop\/wp-json\/wp\/v2\/comments?post=98"}],"version-history":[{"count":37,"href":"https:\/\/www.ibraop.org.br\/xix-sinaop\/wp-json\/wp\/v2\/pages\/98\/revisions"}],"predecessor-version":[{"id":593,"href":"https:\/\/www.ibraop.org.br\/xix-sinaop\/wp-json\/wp\/v2\/pages\/98\/revisions\/593"}],"wp:attachment":[{"href":"https:\/\/www.ibraop.org.br\/xix-sinaop\/wp-json\/wp\/v2\/media?parent=98"}],"curies":[{"name":"wp","href":"https:\/\/api.w.org\/{rel}","templated":true}]}}