{"id":397,"date":"2021-09-27T11:00:05","date_gmt":"2021-09-27T14:00:05","guid":{"rendered":"https:\/\/www.ibraop.org.br\/xix-sinaop\/?page_id=397"},"modified":"2021-11-16T12:38:45","modified_gmt":"2021-11-16T15:38:45","slug":"artigos","status":"publish","type":"page","link":"https:\/\/www.ibraop.org.br\/xix-sinaop\/artigos\/","title":{"rendered":"Artigos"},"content":{"rendered":"<p>[vc_row][vc_column][vc_column_text]<\/p>\n<div id=\"pl-397\" class=\"panel-layout\">\n<div id=\"pg-397-0\" class=\"panel-grid panel-no-style\">\n<div id=\"pgc-397-0-0\" class=\"panel-grid-cell\" data-weight=\"1\">\n<div id=\"panel-397-0-0-0\" class=\"so-panel widget widget_sow-editor panel-first-child panel-last-child\" data-index=\"0\" data-style=\"{&quot;background_image_attachment&quot;:false,&quot;background_display&quot;:&quot;tile&quot;}\">\n<div class=\"so-widget-sow-editor so-widget-sow-editor-base\">\n<div class=\"siteorigin-widget-tinymce textwidget\">\n<h4><b>Artigos<\/b><\/h4>\n<p style=\"text-align: justify; padding-left: 40px;\">A Lei n\u00ba 14.026\/2020 instituiu o Novo Marco de Saneamento B\u00e1sico no Brasil. E foi essa a tem\u00e1tica escolhida para o terceiro dia de debates do XIX Simp\u00f3sio Nacional de Auditoria de Obras P\u00fablicas \u2013 o SINAOP. Para aquecer as discuss\u00f5es, os palestrantes\/debatedores est\u00e3o produzindo artigos t\u00e9cnicos sobre suas apresenta\u00e7\u00f5es.<\/p>\n<p style=\"text-align: justify; padding-left: 40px;\">Vale ressaltar que os trabalhos publicados nesta p\u00e1gina n\u00e3o refletem necessariamente a opini\u00e3o do Instituto Brasileiro de Auditoria de Obras P\u00fablicas (Ibraop). Trata-se da opini\u00e3o dos respectivos autores. <strong>Boa leitura!<\/strong><\/p>\n<hr \/>\n<table width=\"843\">\n<tbody>\n<tr>\n<td style=\"width: 842px;\">\n<ul>\n<li><a href=\"https:\/\/www.ibraop.org.br\/xix-sinaop\/wp-content\/uploads\/sites\/2\/2021\/09\/Desafio-1-CONTEXTO-HISTORICO-BRASILEIRO-DO-SANEAMENTO-BASICO.pdf\" target=\"_blank\" rel=\"noopener\"><span style=\"color: #993300;\"><span style=\"color: #333333;\">CONTEXTO HIST\u00d3RICO BRASILEIRO DO SANEAMENTO B\u00c1SICO &#8211; PLANASA, PLANSAB, PNSB E LEI N\u00ba 14.026\/2020<\/span><\/span><\/a><\/li>\n<\/ul>\n<blockquote>\n<p style=\"padding-left: 40px;\"><span style=\"font-size: 14px;\">Vera De Simone Borma, Fl\u00e1via Burmeister Martins, Rog\u00e9rio Loch e Ivonir Antonio Martinelli<\/span><\/p>\n<\/blockquote>\n<ul>\n<li><a href=\"https:\/\/www.ibraop.org.br\/xix-sinaop\/wp-content\/uploads\/sites\/2\/2021\/09\/Desafio-2-UNIVERSALIZACAO-DO-ACESSO-AO-SANEAMENTO-BASICO.pdf\" target=\"_blank\" rel=\"noopener\"><span style=\"color: #993300;\"><span style=\"color: #333333;\">EM BUSCA DA UNIVERSALIZA\u00c7\u00c3O DO ACESSO AO SANEAMENTO B\u00c1SICO<\/span><\/span><\/a><\/li>\n<\/ul>\n<blockquote>\n<p style=\"padding-left: 40px;\"><span style=\"font-size: 14px;\">Rog\u00e9rio Loch<\/span><\/p>\n<\/blockquote>\n<ul>\n<li><a href=\"https:\/\/www.ibraop.org.br\/xix-sinaop\/wp-content\/uploads\/sites\/2\/2021\/11\/Desafio-3-PROJETOS-E-ORCAMENTOS-DOS-SISTEMAS-DE-AGUA-E-ESGOTO.pdf\">PROJETOS E OR\u00c7AMENTOS DOS SISTEMAS DE \u00c1GUA E ESGOTO<\/a><\/li>\n<\/ul>\n<blockquote>\n<p style=\"padding-left: 40px;\"><span style=\"font-size: 14px;\">Ivonir Antonio Martinelli, <\/span><span style=\"font-size: 14px;\">Pedro Jorge Rocha de Oliveira<\/span><\/p>\n<\/blockquote>\n<p>&nbsp;<\/p>\n<p>&nbsp;<\/p>\n<p>&nbsp;<\/td>\n<\/tr>\n<tr>\n<td style=\"width: 842px;\"><\/td>\n<\/tr>\n<tr>\n<td style=\"width: 842px;\"><\/td>\n<\/tr>\n<\/tbody>\n<\/table>\n<\/div>\n<\/div>\n<\/div>\n<\/div>\n<\/div>\n<\/div>\n<p>[\/vc_column_text][\/vc_column][\/vc_row]<\/p>\n","protected":false},"excerpt":{"rendered":"<p>[vc_row][vc_column][vc_column_text] Artigos A Lei n\u00ba 14.026\/2020 instituiu o Novo Marco de Saneamento B\u00e1sico no Brasil. E foi essa a tem\u00e1tica escolhida para o terceiro dia de debates do XIX Simp\u00f3sio Nacional de Auditoria de Obras P\u00fablicas \u2013 o SINAOP. Para aquecer as discuss\u00f5es, os palestrantes\/debatedores est\u00e3o produzindo artigos t\u00e9cnicos sobre suas apresenta\u00e7\u00f5es. Vale ressaltar que [&hellip;]<\/p>\n","protected":false},"author":3,"featured_media":0,"parent":0,"menu_order":0,"comment_status":"closed","ping_status":"closed","template":"","meta":{"footnotes":""},"class_list":["post-397","page","type-page","status-publish","hentry","post"],"_links":{"self":[{"href":"https:\/\/www.ibraop.org.br\/xix-sinaop\/wp-json\/wp\/v2\/pages\/397","targetHints":{"allow":["GET"]}}],"collection":[{"href":"https:\/\/www.ibraop.org.br\/xix-sinaop\/wp-json\/wp\/v2\/pages"}],"about":[{"href":"https:\/\/www.ibraop.org.br\/xix-sinaop\/wp-json\/wp\/v2\/types\/page"}],"author":[{"embeddable":true,"href":"https:\/\/www.ibraop.org.br\/xix-sinaop\/wp-json\/wp\/v2\/users\/3"}],"replies":[{"embeddable":true,"href":"https:\/\/www.ibraop.org.br\/xix-sinaop\/wp-json\/wp\/v2\/comments?post=397"}],"version-history":[{"count":28,"href":"https:\/\/www.ibraop.org.br\/xix-sinaop\/wp-json\/wp\/v2\/pages\/397\/revisions"}],"predecessor-version":[{"id":700,"href":"https:\/\/www.ibraop.org.br\/xix-sinaop\/wp-json\/wp\/v2\/pages\/397\/revisions\/700"}],"wp:attachment":[{"href":"https:\/\/www.ibraop.org.br\/xix-sinaop\/wp-json\/wp\/v2\/media?parent=397"}],"curies":[{"name":"wp","href":"https:\/\/api.w.org\/{rel}","templated":true}]}}