{"id":15,"date":"2021-09-16T15:13:53","date_gmt":"2021-09-16T18:13:53","guid":{"rendered":"https:\/\/www.ibraop.org.br\/xix-sinaop\/pagina-inicial\/"},"modified":"2021-10-25T10:34:40","modified_gmt":"2021-10-25T13:34:40","slug":"pagina-inicial","status":"publish","type":"page","link":"https:\/\/www.ibraop.org.br\/xix-sinaop\/","title":{"rendered":"Apresenta\u00e7\u00e3o"},"content":{"rendered":"<div id=\"pl-15\"  class=\"panel-layout\" ><div id=\"pg-15-0\"  class=\"panel-grid panel-no-style\" ><div id=\"pgc-15-0-0\"  class=\"panel-grid-cell\" ><div id=\"panel-15-0-0-0\" class=\"so-panel widget widget_circleicon-widget panel-first-child panel-last-child\" data-index=\"0\" >\t\t<div class=\"circle-icon-box circle-icon-position-top circle-icon-hide-box circle-icon-size-small \">\n\t\t\t\t\t\t\t<div class=\"circle-icon-wrapper\">\n\t\t\t\t\t\t\t\t\t\t<div class=\"circle-icon icon-style-set\" style=\"background-image: url(https:\/\/www.ibraop.org.br\/xix-sinaop\/programacao\/);background-color: #dd9933\">\n\t\t\t\t\t\t\t\t\t\t\t\t\t<div\n\t\t\t\t\t\t\t\tclass=\"fa fa-calendar  icon-style-set\"\n\t\t\t\t\t\t\t\t\t\t\t\t\t\t\t><\/div>\n\t\t\t\t\t\t\t\t\t\t\t<\/div>\n\t\t\t\t\t\t\t\t\t<\/div>\n\t\t\t\n\t\t\t\t\t\t\t\t\t\t<h4 >\n\t\t\t\t\tPROGRAMA\u00c7\u00c3O\t\t\t\t<\/h4>\n\t\t\t\t\t\t\n\t\t\t\t\t\t\t<p class=\"text\" >\n\t\t\t\tNova Lei de Licita\u00e7\u00f5es e Contratos Administrativos, Metodologia BIM, Novo Marco do Saneamento B\u00e1sico e Controle Externo do Meio Ambiente. Esses s\u00e3o alguns dos temas , considerados um desafio para a auditoria de obras p\u00fablicas, que ser\u00e3o debatidos no XIX SINAOP. \t\t\t<\/p>\n\t\t\t\t\t\t\t\t\t\t<a\n\t\t\t\t\thref=\"https:\/\/www.ibraop.org.br\/xix-sinaop\/programacao\/\"\n\t\t\t\t\tclass=\"more-button\"\n\t\t\t\t\t\t\t\t\t>\n\t\t\t\t\tConfira!\t\t\t\t\t<i><\/i>\n\t\t\t\t<\/a>\n\t\t\t\t\t<\/div>\n\t\t<\/div><\/div><div id=\"pgc-15-0-1\"  class=\"panel-grid-cell\" ><div id=\"panel-15-0-1-0\" class=\"so-panel widget widget_circleicon-widget panel-first-child panel-last-child\" data-index=\"1\" >\t\t<div class=\"circle-icon-box circle-icon-position-top circle-icon-hide-box circle-icon-size-small \">\n\t\t\t\t\t\t\t<div class=\"circle-icon-wrapper\">\n\t\t\t\t\t\t\t\t\t\t<div class=\"circle-icon icon-style-set\" style=\"background-image: url(https:\/\/www.ibraop.org.br\/xix-sinaop\/concurso-de-videos\/);background-color: #dd9933\">\n\t\t\t\t\t\t\t\t\t\t\t\t\t<div\n\t\t\t\t\t\t\t\tclass=\"fa fa-video-camera  icon-style-set\"\n\t\t\t\t\t\t\t\t\t\t\t\t\t\t\t><\/div>\n\t\t\t\t\t\t\t\t\t\t\t<\/div>\n\t\t\t\t\t\t\t\t\t<\/div>\n\t\t\t\n\t\t\t\t\t\t\t\t\t\t<h4 >\n\t\t\t\t\tCONCURSO DE V\u00cdDEOS\t\t\t\t<\/h4>\n\t\t\t\t\t\t\n\t\t\t\t\t\t\t<p class=\"text\" >\n\t\t\t\tO 1\u00ba Concurso de V\u00eddeos sobre Obras P\u00fablicas do Ibraop busca estimular a produ\u00e7\u00e3o de material \u00e1udio visual na \u00e1rea de auditoria de obras p\u00fablicas para contribuir com o aperfei\u00e7oamento das t\u00e9cnicas de auditoria por meio de a\u00e7\u00f5es educacionais. \t\t\t<\/p>\n\t\t\t\t\t\t\t\t\t\t<a\n\t\t\t\t\thref=\"https:\/\/www.ibraop.org.br\/xix-sinaop\/concurso-de-videos\/\"\n\t\t\t\t\tclass=\"more-button\"\n\t\t\t\t\t\t\t\t\t>\n\t\t\t\t\tLeia o regulamento e participe!\t\t\t\t\t<i><\/i>\n\t\t\t\t<\/a>\n\t\t\t\t\t<\/div>\n\t\t<\/div><\/div><div id=\"pgc-15-0-2\"  class=\"panel-grid-cell\" ><div id=\"panel-15-0-2-0\" class=\"so-panel widget widget_circleicon-widget panel-first-child panel-last-child\" data-index=\"2\" >\t\t<div class=\"circle-icon-box circle-icon-position-top circle-icon-hide-box circle-icon-size-small \">\n\t\t\t\t\t\t\t<div class=\"circle-icon-wrapper\">\n\t\t\t\t\t\t\t\t\t\t<div class=\"circle-icon icon-style-set\" style=\"background-image: url(https:\/\/www.ibraop.org.br\/xix-sinaop\/inscricoes\/);background-color: #dd9933\">\n\t\t\t\t\t\t\t\t\t\t\t\t\t<div\n\t\t\t\t\t\t\t\tclass=\"fa fa-pencil  icon-style-set\"\n\t\t\t\t\t\t\t\t\t\t\t\t\t\t\t><\/div>\n\t\t\t\t\t\t\t\t\t\t\t<\/div>\n\t\t\t\t\t\t\t\t\t<\/div>\n\t\t\t\n\t\t\t\t\t\t\t\t\t\t<h4 >\n\t\t\t\t\tINSCRI\u00c7\u00d5ES\t\t\t\t<\/h4>\n\t\t\t\t\t\t\n\t\t\t\t\t\t\t<p class=\"text\" >\n\t\t\t\tEm virtude da pandemia do Coronav\u00edrus, o XIX Sinaop ser\u00e1 realizado virtualmente, com transmiss\u00e3o ao vivo pelo YouTube. Assim sendo, o evento ser\u00e1 gratuito. No entanto, para receber o certificado de participa\u00e7\u00e3o, \u00e9 necess\u00e1rio realizar inscri\u00e7\u00e3o. Crie sua conta, com senha, para acesso \u00e0 \u00e1rea do usu\u00e1rio.\t\t\t<\/p>\n\t\t\t\t\t\t\t\t\t\t<a\n\t\t\t\t\thref=\"https:\/\/www.ibraop.org.br\/xix-sinaop\/inscricoes\/\"\n\t\t\t\t\tclass=\"more-button\"\n\t\t\t\t\t\t\t\t\t>\n\t\t\t\t\tSaiba mais!\t\t\t\t\t<i><\/i>\n\t\t\t\t<\/a>\n\t\t\t\t\t<\/div>\n\t\t<\/div><\/div><\/div><div id=\"pg-15-1\"  class=\"panel-grid panel-has-style\" ><div class=\"wide-grey panel-row-style panel-row-style-for-15-1\" ><div id=\"pgc-15-1-0\"  class=\"panel-grid-cell panel-grid-cell-empty\" ><\/div><div id=\"pgc-15-1-1\"  class=\"panel-grid-cell\" ><div id=\"panel-15-1-1-0\" class=\"so-panel widget widget_text panel-first-child panel-last-child\" data-index=\"3\" >\t\t\t<div class=\"textwidget\"><p><span style=\"font-weight: 400;\">O Instituto Brasileiro de Auditoria de Obras P\u00fablicas (Ibraop), em parceria com o Tribunal de Contas da Uni\u00e3o (TCU), promover\u00e1 o XIX Simp\u00f3sio Nacional de Auditoria de Obras P\u00fablicas (Sinaop), entre os dias 22 e 26 de novembro de 2021, tendo como tem\u00e1tica central \u201cObras p\u00fablicas: novos desafios\u201d.<\/span><\/p>\n<p>&nbsp;<\/p>\n<p><span style=\"font-weight: 400;\">\u00c9 um evento que trata de temas espec\u00edficos, com o intuito de tra\u00e7ar diretrizes ou firmar conhecimentos mais aprofundados sobre os assuntos abordados. Os encontros t\u00e9cnicos, que tamb\u00e9m servem como instrumento de aproxima\u00e7\u00e3o dos profissionais de controle externo, s\u00e3o eventos de um porte mais restrito e que se destinam, de forma complementar, \u00e0 realiza\u00e7\u00e3o de atividades preparat\u00f3rias aos Sinaop.<\/span><\/p>\n<p>&nbsp;<\/p>\n<p><strong>P\u00fablico-alvo:<\/strong><\/p>\n<p>Auditores de Controle Externo dos Tribunais de Contas e demais servidores dos \u00f3rg\u00e3os de controle envolvidos com obras p\u00fablicas, dos governos federal, estadual e municipal, bem como profissionais dos setores p\u00fablico e privado que exer\u00e7am fiscaliza\u00e7\u00e3o, gest\u00e3o ou execu\u00e7\u00e3o desse tipo de empreendimento.<\/p>\n<p>&nbsp;<\/p>\n<p><strong>Local do evento:<\/strong><\/p>\n<p><span style=\"font-weight: 400;\">Videoconfer\u00eancia pela ferramenta <\/span><i><span style=\"font-weight: 400;\">Teams<\/span><\/i><\/p>\n<p><span style=\"font-weight: 400;\">Transmitido ao vivo no <\/span><i><span style=\"font-weight: 400;\">youtube <\/span><\/i><span style=\"font-weight: 400;\">pelo canal do Ibraop <\/span><i><span style=\"font-weight: 400;\">\u2013 <\/span><\/i><strong><a href=\"http:\/\/www.youtube.com\/ibraoptv\">http:\/\/www.youtube.com\/ibraoptv<\/a><\/strong><\/p>\n<\/div>\n\t\t<\/div><\/div><\/div><\/div><div id=\"pg-15-2\"  class=\"panel-grid panel-no-style\" ><div id=\"pgc-15-2-0\"  class=\"panel-grid-cell panel-grid-cell-empty\" ><\/div><div id=\"pgc-15-2-1\"  class=\"panel-grid-cell\" ><div id=\"panel-15-2-1-0\" class=\"so-panel widget widget_siteorigin-panels-postloop panel-first-child panel-last-child\" data-index=\"4\" ><h3 class=\"widget-title\"><span class=\"vantage-carousel-title\"><span class=\"vantage-carousel-title-text\">\u00daltimas Not\u00edcias<\/span><a href=\"#\" class=\"next\" title=\"Next\"><span class=\"vantage-icon-arrow-right\"><\/span><\/a><a href=\"#\" class=\"previous\" title=\"Previous\"><span class=\"vantage-icon-arrow-left\"><\/span><\/a><\/span><\/h3><div class=\"vantage-carousel-wrapper\">\n\t\n\t<ul\n\t\tclass=\"vantage-carousel\"\n\t\tdata-query=\"{&quot;post_status&quot;:&quot;publish&quot;,&quot;posts_per_page&quot;:2,&quot;post_type&quot;:&quot;post&quot;,&quot;tax_query_relation&quot;:&quot;OR&quot;,&quot;date_type&quot;:&quot;specific&quot;,&quot;date_query&quot;:{&quot;after&quot;:&quot;&quot;,&quot;before&quot;:&quot;&quot;,&quot;inclusive&quot;:true},&quot;date_query_relative&quot;:&quot;{\\&quot;from\\&quot;:{\\&quot;value\\&quot;:0,\\&quot;unit\\&quot;:\\&quot;days\\&quot;},\\&quot;to\\&quot;:{\\&quot;value\\&quot;:0,\\&quot;unit\\&quot;:\\&quot;days\\&quot;}}&quot;,&quot;orderby&quot;:&quot;date&quot;,&quot;order&quot;:&quot;DESC&quot;,&quot;post__not_in&quot;:[15,15],&quot;paged&quot;:1,&quot;fields&quot;:&quot;all&quot;,&quot;lazy_load_term_meta&quot;:true}\"\n\t\tdata-ajax-url=\"https:\/\/www.ibraop.org.br\/xix-sinaop\/wp-admin\/admin-ajax.php?vantage_carousel_nonce=7cdf4a13cb\"\n\t>\n\t\t\t\t\t<li class=\"carousel-entry\">\n\t\t\t\t<div class=\"thumbnail\">\n\t\t\t\t\t\t\t\t\t\t\t<a href=\"https:\/\/www.ibraop.org.br\/xix-sinaop\/2021\/09\/29\/conheca-a-logomarca-do-xix-simposio-nacional-de-auditoria-de-obras-publicas\/\" style=\"background-image: url(https:\/\/www.ibraop.org.br\/xix-sinaop\/wp-content\/uploads\/sites\/2\/2021\/09\/600x400_XIX_SINAOP-DESTAQUE-09-272x182.png)\">\n\t\t\t\t\t\t<\/a>\n\t\t\t\t\t\t\t\t\t<\/div>\n\t\t\t\t\t\t\t\t<h3><a href=\"https:\/\/www.ibraop.org.br\/xix-sinaop\/2021\/09\/29\/conheca-a-logomarca-do-xix-simposio-nacional-de-auditoria-de-obras-publicas\/\">Conhe\u00e7a a logomarca do XIX Simp\u00f3sio Nacional de Auditoria de Obras P\u00fablicas<\/a><\/h3>\n\t\t\t<\/li>\n\t\t\t\t\t<li class=\"carousel-entry\">\n\t\t\t\t<div class=\"thumbnail\">\n\t\t\t\t\t\t\t\t\t\t\t<a href=\"https:\/\/www.ibraop.org.br\/xix-sinaop\/2021\/09\/29\/ibraop-e-tcu-comecam-a-definir-programacao-tecnica-do-xix-simposio-nacional-de-auditoria-de-obras-publicas\/\" style=\"background-image: url(https:\/\/www.ibraop.org.br\/xix-sinaop\/wp-content\/uploads\/sites\/2\/2021\/09\/600x400_XIX_SINAOP-DESTAQUE-08-272x182.png)\">\n\t\t\t\t\t\t<\/a>\n\t\t\t\t\t\t\t\t\t<\/div>\n\t\t\t\t\t\t\t\t<h3><a href=\"https:\/\/www.ibraop.org.br\/xix-sinaop\/2021\/09\/29\/ibraop-e-tcu-comecam-a-definir-programacao-tecnica-do-xix-simposio-nacional-de-auditoria-de-obras-publicas\/\">Ibraop e TCU come\u00e7am a definir programa\u00e7\u00e3o t\u00e9cnica do XIX Simp\u00f3sio Nacional de Auditoria de Obras P\u00fablicas<\/a><\/h3>\n\t\t\t<\/li>\n\t\t\t<\/ul>\n<\/div>\n<\/div><\/div><div id=\"pgc-15-2-2\"  class=\"panel-grid-cell panel-grid-cell-empty\" ><\/div><div id=\"pgc-15-2-3\"  class=\"panel-grid-cell\" ><div id=\"panel-15-2-3-0\" class=\"so-panel widget widget_text panel-first-child panel-last-child\" data-index=\"5\" ><div class=\"panel-widget-style panel-widget-style-for-15-2-3-0\" >\t\t\t<div class=\"textwidget\"><p><strong>OS CANDANGOS<\/strong><\/p>\n<p>A escultura \u2018Os Candangos\u2019, os construtores de Bras\u00edlia, foi a refer\u00eancia escolhida para a logomarca de divulga\u00e7\u00e3o do XIX Sinaop. Mesmo sendo um evento virtual, e portanto sem local de realiza\u00e7\u00e3o, seguimos a tradi\u00e7\u00e3o de prestigiar a cidade do Tribunal de Contas parceiro do evento na arte. Saiba Mais!<\/p>\n<p>_______<\/p>\n<p>Criado em 1959 pelo escultor Bruno Giorgi, a escultura \u201cOs Candangos\u201d \u00e9 de bronze\u00a0\u00a0e possui oito metros de altura. Est\u00e1 localizada na Pra\u00e7a dos Tr\u00eas Poderes, em Bras\u00edlia (DF). Inicialmente chamada de \u201cOs Guerreiros\u201d, o monumento homenageia os construtores da Capital do Brasil, denominados de candangos \u2013 nome dado pelos angolanos aos portugueses colonizadores de Angola. O termo, no entanto, se aplica aos trabalhadores da constru\u00e7\u00e3o vindos de todos os recantos. Atribui-se a dois jovens pedreiros, Expedito Xavier Gomes e Gedelmar Marques, que morreram soterrados na constru\u00e7\u00e3o da cidade planejada por Oscar Niemeyer e L\u00facio Costa.<\/p>\n<p>&nbsp;<\/p>\n<p>A obra foi reconhecida pela Organiza\u00e7\u00e3o das Na\u00e7\u00f5es Unidas para a Educa\u00e7\u00e3o, a Ci\u00eancia e a Cultura (UNESCO) como um patrim\u00f4nio da humanidade, uma vez que a uni\u00e3o de dois guerreiros representa o simbolismo de for\u00e7a e equil\u00edbrio entre os Poderes da Rep\u00fablica.<\/p>\n<\/div>\n\t\t<\/div><\/div><\/div><\/div><\/div>","protected":false},"excerpt":{"rendered":"<p>O Instituto Brasileiro de Auditoria de Obras P\u00fablicas (Ibraop), em parceria com o Tribunal de Contas da Uni\u00e3o (TCU), promover\u00e1 o XIX Simp\u00f3sio Nacional de Auditoria de Obras P\u00fablicas (Sinaop), entre os dias 22 e 26 de novembro de 2021, tendo como tem\u00e1tica central \u201cObras p\u00fablicas: novos desafios\u201d. &nbsp; \u00c9 um evento que trata de [&hellip;]<\/p>\n","protected":false},"author":3,"featured_media":0,"parent":0,"menu_order":0,"comment_status":"closed","ping_status":"closed","template":"home-panels.php","meta":{"footnotes":""},"class_list":["post-15","page","type-page","status-publish","hentry","post"],"_links":{"self":[{"href":"https:\/\/www.ibraop.org.br\/xix-sinaop\/wp-json\/wp\/v2\/pages\/15","targetHints":{"allow":["GET"]}}],"collection":[{"href":"https:\/\/www.ibraop.org.br\/xix-sinaop\/wp-json\/wp\/v2\/pages"}],"about":[{"href":"https:\/\/www.ibraop.org.br\/xix-sinaop\/wp-json\/wp\/v2\/types\/page"}],"author":[{"embeddable":true,"href":"https:\/\/www.ibraop.org.br\/xix-sinaop\/wp-json\/wp\/v2\/users\/3"}],"replies":[{"embeddable":true,"href":"https:\/\/www.ibraop.org.br\/xix-sinaop\/wp-json\/wp\/v2\/comments?post=15"}],"version-history":[{"count":88,"href":"https:\/\/www.ibraop.org.br\/xix-sinaop\/wp-json\/wp\/v2\/pages\/15\/revisions"}],"predecessor-version":[{"id":32,"href":"https:\/\/www.ibraop.org.br\/xix-sinaop\/wp-json\/wp\/v2\/pages\/15\/revisions\/32"}],"wp:attachment":[{"href":"https:\/\/www.ibraop.org.br\/xix-sinaop\/wp-json\/wp\/v2\/media?parent=15"}],"curies":[{"name":"wp","href":"https:\/\/api.w.org\/{rel}","templated":true}]}}