{"id":40,"date":"2026-01-20T17:18:36","date_gmt":"2026-01-20T20:18:36","guid":{"rendered":"https:\/\/www.ibraop.org.br\/enaop2026\/?page_id=40"},"modified":"2026-04-22T11:15:50","modified_gmt":"2026-04-22T14:15:50","slug":"programacao","status":"publish","type":"page","link":"https:\/\/www.ibraop.org.br\/enaop2026\/programacao\/","title":{"rendered":"Programa\u00e7\u00e3o"},"content":{"rendered":"<div id=\"pl-40\"  class=\"panel-layout\" ><div id=\"pg-40-0\"  class=\"panel-grid panel-has-style\" ><div class=\"panel-row-style panel-row-style-for-40-0\" ><div id=\"pgc-40-0-0\"  class=\"panel-grid-cell\" ><div id=\"panel-40-0-0-0\" class=\"so-panel widget widget_sow-image panel-first-child panel-last-child\" data-index=\"0\" ><div class=\"panel-widget-style panel-widget-style-for-40-0-0-0\" ><div\n\t\t\t\n\t\t\tclass=\"so-widget-sow-image so-widget-sow-image-default-49681edeb466-40\"\n\t\t\t\n\t\t>\n<div class=\"sow-image-container\">\n\t\t<img \n\tsrc=\"https:\/\/www.ibraop.org.br\/enaop2026\/wp-content\/uploads\/sites\/7\/2026\/02\/programacao-scaled-e1770833071157.png\" width=\"2560\" height=\"370\" srcset=\"https:\/\/www.ibraop.org.br\/enaop2026\/wp-content\/uploads\/sites\/7\/2026\/02\/programacao-scaled-e1770833071157.png 2560w, https:\/\/www.ibraop.org.br\/enaop2026\/wp-content\/uploads\/sites\/7\/2026\/02\/programacao-scaled-e1770833071157-300x43.png 300w, https:\/\/www.ibraop.org.br\/enaop2026\/wp-content\/uploads\/sites\/7\/2026\/02\/programacao-scaled-e1770833071157-1024x148.png 1024w, https:\/\/www.ibraop.org.br\/enaop2026\/wp-content\/uploads\/sites\/7\/2026\/02\/programacao-scaled-e1770833071157-768x111.png 768w, https:\/\/www.ibraop.org.br\/enaop2026\/wp-content\/uploads\/sites\/7\/2026\/02\/programacao-scaled-e1770833071157-1536x222.png 1536w, https:\/\/www.ibraop.org.br\/enaop2026\/wp-content\/uploads\/sites\/7\/2026\/02\/programacao-scaled-e1770833071157-2048x296.png 2048w\" sizes=\"(max-width: 2560px) 100vw, 2560px\" title=\"programa\u00e7\u00e3o\" alt=\"\" \t\tclass=\"so-widget-image\"\/>\n\t<\/div>\n\n<\/div><\/div><\/div><\/div><\/div><\/div><div id=\"pg-40-1\"  class=\"panel-grid panel-no-style\" ><div id=\"pgc-40-1-0\"  class=\"panel-grid-cell\" ><div id=\"panel-40-1-0-0\" class=\"so-panel widget widget_sow-tabs panel-first-child panel-last-child\" data-index=\"1\" ><div\n\t\t\t\n\t\t\tclass=\"so-widget-sow-tabs so-widget-sow-tabs-default-4e028487cf72-40\"\n\t\t\t\n\t\t><h3 class=\"widget-title\">PRELIMINAR<\/h3><div class=\"sow-tabs\">\n\t<div class=\"sow-tabs-tab-container\" role=\"tablist\">\n\t\t\t<div\n\t\t\tclass=\"sow-tabs-tab\n\t\t\t sow-tabs-tab-selected\t\t\t\"\n\t\t\trole=\"tab\"\n\t\t\tdata-anchor-id=\"08-06\"\n\t\t\taria-selected=\"true\"\n\t\t\ttabindex=\"0\"\n\t\t>\n\t\t\t<div class=\"sow-tabs-title sow-tabs-title-icon-left\">\n\t\t\t\t\t\t\t\t08\/06\t\t\t\t\t\t\t<\/div>\n\t\t<\/div>\n\t\t\t<div\n\t\t\tclass=\"sow-tabs-tab\n\t\t\t\t\t\t\"\n\t\t\trole=\"tab\"\n\t\t\tdata-anchor-id=\"09-06\"\n\t\t\taria-selected=\"false\"\n\t\t\ttabindex=\"0\"\n\t\t>\n\t\t\t<div class=\"sow-tabs-title sow-tabs-title-icon-left\">\n\t\t\t\t\t\t\t\t09\/06\t\t\t\t\t\t\t<\/div>\n\t\t<\/div>\n\t\t\t<div\n\t\t\tclass=\"sow-tabs-tab\n\t\t\t\t\t\t\"\n\t\t\trole=\"tab\"\n\t\t\tdata-anchor-id=\"10-06\"\n\t\t\taria-selected=\"false\"\n\t\t\ttabindex=\"0\"\n\t\t>\n\t\t\t<div class=\"sow-tabs-title sow-tabs-title-icon-left\">\n\t\t\t\t\t\t\t\t10\/06\t\t\t\t\t\t\t<\/div>\n\t\t<\/div>\n\t\t<\/div>\n\n\t<div class=\"sow-tabs-panel-container\">\n\t\t\t<div class=\"sow-tabs-panel\">\n\t\t\t<div\n\t\t\t\tclass=\"sow-tabs-panel-content\"\n\t\t\t\trole=\"tabpanel\"\n\t\t\t\taria-hidden=\"false\"\n\t\t\t>\n\t\t\t\t<p>&nbsp;<\/p>\n<p>&nbsp;<\/p>\n<table border=\"0\" width=\"100%\" cellspacing=\"5\" cellpadding=\"0\">\n<thead style=\"color: #df802a;text-align: center\">\n<tr>\n<th style=\"text-align: left\" width=\"70\" height=\"40\"><strong>\u00a0 H o r \u00e1 r i o<\/strong><\/th>\n<th style=\"text-align: left\" width=\"300\" height=\"40\"><strong>|\u00a0 T e m a<\/strong><\/th>\n<th style=\"text-align: left\" width=\"150\" height=\"40\"><strong>|\u00a0 P a l e s t r a n t e<\/strong><\/th>\n<\/tr>\n<\/thead>\n<tbody>\n<tr>\n<td>\n<hr \/>\n<\/td>\n<td>\n<hr \/>\n<\/td>\n<td>\n<hr \/>\n<\/td>\n<\/tr>\n<tr>\n<td><strong>\u00a0 9h \u00e0s 11h30<\/strong><\/td>\n<td>|\u00a0 Assembleia Geral do Ibraop<\/td>\n<td><\/td>\n<\/tr>\n<tr bgcolor=\"#e0e0e0\">\n<td><strong>\u00a0 A partir das 15h<\/strong><\/td>\n<td>|\u00a0 Credenciamento<\/td>\n<td><\/td>\n<\/tr>\n<tr>\n<td><strong>\u00a0 15h30 \u00e0s 16h30<\/strong><\/td>\n<td>| <strong>Apresenta\u00e7\u00e3o da HIPERVISOR da Prefeitura do IPPUC, na \u00e1rea de stands<\/strong><\/td>\n<td><strong>(a confirmar)<\/strong><\/td>\n<\/tr>\n<tr bgcolor=\"#e0e0e0\">\n<td><strong>\u00a0 16h30 \u00e0s 18h<\/strong><\/td>\n<td>|\u00a0 Solenidade de Abertura<\/td>\n<td><\/td>\n<\/tr>\n<tr>\n<td><strong>\u00a0 18h \u00e0s 19h<\/strong><\/td>\n<td>| Confer\u00eancia de Abertura<\/td>\n<td><\/td>\n<\/tr>\n<tr bgcolor=\"#e0e0e0\">\n<td><\/td>\n<td>|<strong>\u00a0\"Tecnologia, Inova\u00e7\u00e3o e Controle: Novas Fronteiras na Auditoria de Obras P\u00fablicas\"<\/strong><\/td>\n<td>|<b> Silvio Meira (TDS Company)<\/b><br \/>\nModeradora:<b> Adriana Portugal (TCDF\/Ibraop)<\/b><\/td>\n<\/tr>\n<tr>\n<td><strong>\u00a0 19h \u00e0s 21h<\/strong><\/td>\n<td>| Coquetel de Boas-Vindas<\/td>\n<td><\/td>\n<\/tr>\n<tr>\n<td><\/td>\n<td><\/td>\n<td><\/td>\n<\/tr>\n<\/tbody>\n<\/table>\n\t\t\t<\/div>\n\t\t<\/div>\n\t\t\t<div class=\"sow-tabs-panel\">\n\t\t\t<div\n\t\t\t\tclass=\"sow-tabs-panel-content\"\n\t\t\t\trole=\"tabpanel\"\n\t\t\t\taria-hidden=\"true\"\n\t\t\t>\n\t\t\t\t<p>17h30 \u00e0s 18h<\/p>\n<table border=\"0\" width=\"100%\" cellspacing=\"5\" cellpadding=\"0\">\n<thead style=\"color: #df802a;text-align: center\">\n<tr>\n<th style=\"text-align: left\" width=\"70\" height=\"40\"><strong>\u00a0 H o r \u00e1 r i o<\/strong><\/th>\n<th style=\"text-align: left\" width=\"250\" height=\"40\"><strong>|\u00a0 T e m a<\/strong><\/th>\n<th style=\"text-align: left\" width=\"150\" height=\"40\"><strong>|\u00a0 P a l e s t r a n t e<\/strong><\/th>\n<\/tr>\n<\/thead>\n<tbody>\n<tr>\n<td>\n<hr \/>\n<\/td>\n<td>\n<hr \/>\n<\/td>\n<td>\n<hr \/>\n<\/td>\n<\/tr>\n<tr>\n<td><strong>\u00a0 8h30 \u00e0s 9h<\/strong><\/td>\n<td>|\u00a0 Credenciamento<\/td>\n<td><\/td>\n<\/tr>\n<tr bgcolor=\"#251f50\">\n<td style=\"text-align: center\" colspan=\"3\"><span style=\"color: #ffffff\"><strong>PAINEL 1 \u2013 METODOLOGIA BIM I<\/strong><\/span><\/td>\n<\/tr>\n<tr>\n<td><strong>\u00a0 9h \u00e0s 9h30<\/strong><\/td>\n<td>|\u00a0 P1 -\u00a0<strong>Procedimentos do Grupo de Trabalho BIM<\/strong><\/td>\n<td><\/td>\n<\/tr>\n<tr>\n<td><\/td>\n<td>|<b> Apresenta\u00e7\u00e3o do PROC-IBR-BIM 100\/2025 - Diretrizes Gerais na Implementa\u00e7\u00e3o do BIM<\/b><\/td>\n<td>| <b>Emerson Machado (TCU)<\/b><\/td>\n<\/tr>\n<tr>\n<td><strong>\u00a0<\/strong><\/td>\n<td>|<b>\u00a0 Apresenta\u00e7\u00e3o do PROC-IBR-BIM 200\/2025 - Conformidade na Execu\u00e7\u00e3o de Projetos\u00a0<\/b><\/td>\n<td>| <b>Edson de Souza (TCE-PA)<\/b><\/td>\n<\/tr>\n<tr bgcolor=\"#e0e0e0\">\n<td><strong>\u00a0 9h30 \u00e0s 10h<\/strong><\/td>\n<td>|\u00a0 P2 - <strong>Maturidade BIM na Prefeitura de S\u00e3o Paulo<\/strong><\/td>\n<td>| <b>Fernando Morini (TCM-SP\/Ibraop)<\/b><\/td>\n<\/tr>\n<tr>\n<td><strong>\u00a0 10h \u00e0s 10h30<\/strong><\/td>\n<td>|\u00a0 P3 - <strong>Atua\u00e7\u00e3o do TCE-PR no processo de implementa\u00e7\u00e3o do BIM em Obras P\u00fablicas<\/strong><\/td>\n<td>| <b>Paulo Daschevi (TCE-PR\/Ibraop) e<br \/>\nMarjorie Melar\u00e9 (TCE-PR)<\/b><\/td>\n<\/tr>\n<tr bgcolor=\"#e0e0e0\">\n<td><strong>\u00a0 10h30 \u00e0s 11h<\/strong><\/td>\n<td>|\u00a0 P4 - <strong>Aplica\u00e7\u00f5es BIM + GIS no Planejamento e Controle de Obras<\/strong><\/td>\n<td>| <b>Rita Giaimo (CDHU)<\/b><\/td>\n<\/tr>\n<tr>\n<td><strong>\u00a0 11h \u00e0s 12h<\/strong><\/td>\n<td>|\u00a0 Debate<\/td>\n<td>| Moderador:<b>Procurador de Contas Gabriel Guy Leger (TCE-PR)<\/b><\/td>\n<\/tr>\n<tr bgcolor=\"#e0e0e0\">\n<td>\u00a0 <strong>12h \u00e0s 14h<\/strong><\/td>\n<td colspan=\"2\">|\u00a0 Intervalo para Almo\u00e7o<\/td>\n<\/tr>\n<tr>\n<td>&nbsp;\n<p>&nbsp;<\/p>\n<\/td>\n<td><\/td>\n<td><\/td>\n<\/tr>\n<tr bgcolor=\"#251f50\">\n<td style=\"text-align: center\" colspan=\"3\"><span style=\"color: #ffffff\"><strong>PAINEL 2 \u2013 INTELIG\u00caNCIA PARA O CONTROLE<\/strong><\/span><\/td>\n<\/tr>\n<tr>\n<td><strong>\u00a0 14h \u00e0s 14h30<\/strong><\/td>\n<td>|\u00a0 P5 - <strong>Revelando v\u00ednculos societ\u00e1rios com o SINARC<\/strong><\/td>\n<td>| <b>Walter Junior Cabral de Lima (MPC-ES)<\/b><\/td>\n<\/tr>\n<tr bgcolor=\"#e0e0e0\">\n<td><strong>\u00a0 14h30 \u00e0s 15h<\/strong><\/td>\n<td>|\u00a0 P6 - <strong>Intelig\u00eancia para o controle de obras p\u00fablicas<\/strong><\/td>\n<td>| <b>Rafael Di Bello (TCU\/Ibraop)<\/b><\/td>\n<\/tr>\n<tr>\n<td><strong>\u00a0 15h \u00e0s 15h30<\/strong><\/td>\n<td>|\u00a0 P7 - <strong>A utiliza\u00e7\u00e3o do CRUZAGRAFOS como ferramenta para auditorias de obras p\u00fablicas <\/strong><\/td>\n<td>| <b>Reinaldo Chaves (Abraji)<\/b><\/td>\n<\/tr>\n<tr bgcolor=\"#e0e0e0\">\n<td><strong>\u00a0 15h30 \u00e0s 16h<\/strong><\/td>\n<td>|\u00a0 Debate<\/td>\n<td>| Moderador: <b>Arist\u00f3teles Sampaio (TCE-RR\/Ibraop)<\/b><\/td>\n<\/tr>\n<tr>\n<td>\u00a0 <strong>16h \u00e0s 16h30<\/strong><\/td>\n<td colspan=\"2\">|\u00a0 Pausa para o Caf\u00e9<\/td>\n<\/tr>\n<tr>\n<td>&nbsp;\n<p>&nbsp;<\/p>\n<\/td>\n<td><\/td>\n<td><\/td>\n<\/tr>\n<tr bgcolor=\"#251f50\">\n<td style=\"text-align: center\" colspan=\"3\"><span style=\"color: #ffffff\"><strong>PAINEL 3 \u2013 TECNOLOGIA E INOVA\u00c7\u00c3O APLICADA AO CONTROLE<\/strong><\/span><\/td>\n<\/tr>\n<tr>\n<td><strong>\u00a016h30 \u00e0s 17h<\/strong><\/td>\n<td>|\u00a0 P8 - <strong>Coopera\u00e7\u00e3o e Inova\u00e7\u00e3o T\u00e9cnica em Levantamento de Servi\u00e7os de Dragagem<\/strong><\/td>\n<td>| <b>J\u00falio Uchoa (TCE-PB\/Ibraop),<br \/>\nJos\u00e9 Medeiros (PF-PB),<br \/>\nThiago de Albuquerque (PF-PB) e<br \/>\nVladimir Mate Paz (PF-MS)<\/b><\/td>\n<\/tr>\n<tr bgcolor=\"#e0e0e0\">\n<td><strong>\u00a017h \u00e0s 17h30<\/strong><\/td>\n<td>|\u00a0 P9 - <strong>Inova\u00e7\u00e3o no Controle da Alimenta\u00e7\u00e3o Artificial de Praias - Obras Costeiras Sens\u00edveis<\/strong><\/td>\n<td>| <b>Felipe Mota (TCE-SC)<\/b><\/td>\n<\/tr>\n<tr>\n<td><strong>\u00a017h30 \u00e0s 18h<\/strong><\/td>\n<td>|\u00a0 Debate<\/td>\n<td>| Moderador:<b> Alysson Mattje (TCE-SC\/Ibraop)<\/b><\/td>\n<\/tr>\n<tr bgcolor=\"#e0e0e0\">\n<td><strong>\u00a018h \u00e0s 18h30<\/strong><\/td>\n<td>| <strong>Palavra do Apoiador - SEBRAE<\/strong><\/td>\n<td>| <strong>Eduardo Real de Souza (TCE-PR)\u00a0<\/strong> Moderador: <strong>Guilherme Bride (TCE-ES\/Ibraop)<\/strong><\/td>\n<\/tr>\n<tr>\n<td><strong>\u00a018h30 \u00e0s 22h30<\/strong><\/td>\n<td>| <strong>Roteiro Cultural (\u00d3pera de Arame)<\/strong><\/td>\n<td><\/td>\n<\/tr>\n<tr>\n<td colspan=\"3\"><\/td>\n<\/tr>\n<\/tbody>\n<\/table>\n\t\t\t<\/div>\n\t\t<\/div>\n\t\t\t<div class=\"sow-tabs-panel\">\n\t\t\t<div\n\t\t\t\tclass=\"sow-tabs-panel-content\"\n\t\t\t\trole=\"tabpanel\"\n\t\t\t\taria-hidden=\"true\"\n\t\t\t>\n\t\t\t\t<p>&nbsp;<\/p>\n<table border=\"0\" width=\"100%\" cellspacing=\"5\" cellpadding=\"0\">\n<thead style=\"color: #df802a;text-align: center\">\n<tr>\n<th style=\"text-align: left\" width=\"70\"><strong><span dir=\"auto\" style=\"vertical-align: inherit\"><span dir=\"auto\" style=\"vertical-align: inherit\">\u00a0 H ou \u00e1 rio<\/span><\/span><\/strong><\/th>\n<th style=\"text-align: left\" width=\"250\"><strong><span dir=\"auto\" style=\"vertical-align: inherit\"><span dir=\"auto\" style=\"vertical-align: inherit\">| Tema<\/span><\/span><\/strong><\/th>\n<th style=\"text-align: left\" width=\"150\"><strong><span dir=\"auto\" style=\"vertical-align: inherit\"><span dir=\"auto\" style=\"vertical-align: inherit\">| Palestrante<\/span><\/span><\/strong><\/th>\n<\/tr>\n<\/thead>\n<tbody>\n<tr>\n<td>\n<hr \/>\n<\/td>\n<td>\n<hr \/>\n<\/td>\n<td>\n<hr \/>\n<\/td>\n<\/tr>\n<tr>\n<td><strong><span dir=\"auto\" style=\"vertical-align: inherit\"><span dir=\"auto\" style=\"vertical-align: inherit\">\u00a0 8h30 \u00e0s 9h<\/span><\/span><\/strong><\/td>\n<td><span dir=\"auto\" style=\"vertical-align: inherit\"><span dir=\"auto\" style=\"vertical-align: inherit\">| Credenciamento<\/span><\/span><\/td>\n<td><\/td>\n<\/tr>\n<tr bgcolor=\"#251f50\">\n<td style=\"text-align: center\" colspan=\"3\"><span style=\"color: #ffffff\"><strong><span dir=\"auto\" style=\"vertical-align: inherit\"><span dir=\"auto\" style=\"vertical-align: inherit\">PAINEL 4 \u2013 INTELIG\u00caNCIA ARTIFICIAL\u00a0<\/span><\/span><\/strong><\/span><\/td>\n<\/tr>\n<tr>\n<td><strong><span dir=\"auto\" style=\"vertical-align: inherit\"><span dir=\"auto\" style=\"vertical-align: inherit\">\u00a0 9h \u00e0s 9h30<\/span><\/span><\/strong><\/td>\n<td><span dir=\"auto\" style=\"vertical-align: inherit\"><span dir=\"auto\" style=\"vertical-align: inherit\">| P10 - <\/span><\/span><strong><span dir=\"auto\" style=\"vertical-align: inherit\"><span dir=\"auto\" style=\"vertical-align: inherit\">Tecnologia espacial e evid\u00eancia objetiva: o Programa Brasil MAIS como ferramenta de auditoria de obras p\u00fablicas<\/span><\/span><\/strong><\/td>\n<td><span dir=\"auto\" style=\"vertical-align: inherit\"><span dir=\"auto\" style=\"vertical-align: inherit\">| <\/span><\/span><b><span dir=\"auto\" style=\"vertical-align: inherit\"><span dir=\"auto\" style=\"vertical-align: inherit\">Cristiano da Cunha Duarte (PF)<\/span><\/span><\/b><\/td>\n<\/tr>\n<tr bgcolor=\"#e0e0e0\">\n<td><strong><span dir=\"auto\" style=\"vertical-align: inherit\"><span dir=\"auto\" style=\"vertical-align: inherit\">\u00a0 9h30 \u00e0s 10h<\/span><\/span><\/strong><\/td>\n<td><span dir=\"auto\" style=\"vertical-align: inherit\"><span dir=\"auto\" style=\"vertical-align: inherit\">| P11 - <\/span><\/span><strong><span dir=\"auto\" style=\"vertical-align: inherit\"><span dir=\"auto\" style=\"vertical-align: inherit\">IA-SIBCE: Intelig\u00eancia Artificial que transforma documentos de instru\u00e7\u00f5es t\u00e9cnicas em benef\u00edcios mensur\u00e1veis<\/span><\/span><\/strong><\/td>\n<td><span dir=\"auto\" style=\"vertical-align: inherit\"><span dir=\"auto\" style=\"vertical-align: inherit\">| <\/span><\/span><b><span dir=\"auto\" style=\"vertical-align: inherit\"><span dir=\"auto\" style=\"vertical-align: inherit\">Mariana Am\u00e2ncio (TCM-GO)<\/span><\/span><\/b><\/td>\n<\/tr>\n<tr>\n<td><strong><span dir=\"auto\" style=\"vertical-align: inherit\"><span dir=\"auto\" style=\"vertical-align: inherit\">\u00a0 10h \u00e0s 10h30<\/span><\/span><\/strong><\/td>\n<td><span dir=\"auto\" style=\"vertical-align: inherit\"><span dir=\"auto\" style=\"vertical-align: inherit\">| P12 - <\/span><\/span><strong><span dir=\"auto\" style=\"vertical-align: inherit\"><span dir=\"auto\" style=\"vertical-align: inherit\">Uso do SAO em obras rodovi\u00e1rias<\/span><\/span><\/strong><\/td>\n<td><span dir=\"auto\" style=\"vertical-align: inherit\"><span dir=\"auto\" style=\"vertical-align: inherit\">| <\/span><\/span><b><span dir=\"auto\" style=\"vertical-align: inherit\"><span dir=\"auto\" style=\"vertical-align: inherit\">Orlivan Matos (TCU)<\/span><\/span><\/b><\/td>\n<\/tr>\n<tr bgcolor=\"#e0e0e0\">\n<td><strong><span dir=\"auto\" style=\"vertical-align: inherit\"><span dir=\"auto\" style=\"vertical-align: inherit\">\u00a0 10h30 \u00e0s 11h<\/span><\/span><\/strong><\/td>\n<td><span dir=\"auto\" style=\"vertical-align: inherit\"><span dir=\"auto\" style=\"vertical-align: inherit\">| P13 - <\/span><\/span><strong><span dir=\"auto\" style=\"vertical-align: inherit\"><span dir=\"auto\" style=\"vertical-align: inherit\">Cria\u00e7\u00e3o de prompts para auditorias de obras<\/span><\/span><\/strong><\/td>\n<td><span dir=\"auto\" style=\"vertical-align: inherit\"><span dir=\"auto\" style=\"vertical-align: inherit\">Rafael <\/span><\/span><b><span dir=\"auto\" style=\"vertical-align: inherit\"><span dir=\"auto\" style=\"vertical-align: inherit\">Martins (TCU)<\/span><\/span><\/b><\/td>\n<\/tr>\n<tr>\n<td><strong><span dir=\"auto\" style=\"vertical-align: inherit\"><span dir=\"auto\" style=\"vertical-align: inherit\">\u00a0 11h \u00e0s 12h<\/span><\/span><\/strong><\/td>\n<td><span dir=\"auto\" style=\"vertical-align: inherit\"><span dir=\"auto\" style=\"vertical-align: inherit\">| Debate<\/span><\/span><\/td>\n<td><span dir=\"auto\" style=\"vertical-align: inherit\"><span dir=\"auto\" style=\"vertical-align: inherit\">| Moderador: <\/span><\/span><strong><span dir=\"auto\" style=\"vertical-align: inherit\"><span dir=\"auto\" style=\"vertical-align: inherit\">Conselheiro Renato Rainha (TCDF)<\/span><\/span><\/strong><\/td>\n<\/tr>\n<tr bgcolor=\"#e0e0e0\">\n<td>\u00a0 <strong><span dir=\"auto\" style=\"vertical-align: inherit\"><span dir=\"auto\" style=\"vertical-align: inherit\">12h \u00e0s 14h<\/span><\/span><\/strong><\/td>\n<td colspan=\"2\"><span dir=\"auto\" style=\"vertical-align: inherit\"><span dir=\"auto\" style=\"vertical-align: inherit\">| Intervalo para Almo\u00e7o<\/span><\/span><\/td>\n<\/tr>\n<tr>\n<td>&nbsp;\n<p>&nbsp;<\/p><\/td>\n<td><\/td>\n<td><\/td>\n<\/tr>\n<tr bgcolor=\"#251f50\">\n<td style=\"text-align: center\" colspan=\"3\"><span style=\"color: #ffffff\"><strong><span dir=\"auto\" style=\"vertical-align: inherit\"><span dir=\"auto\" style=\"vertical-align: inherit\">PAINEL 5 \u2013 METODOLOGIA BIM II<\/span><\/span><\/strong><\/span><\/td>\n<\/tr>\n<tr>\n<td><strong><span dir=\"auto\" style=\"vertical-align: inherit\"><span dir=\"auto\" style=\"vertical-align: inherit\">\u00a0 14h \u00e0s 14h30<\/span><\/span><\/strong><\/td>\n<td><span dir=\"auto\" style=\"vertical-align: inherit\"><span dir=\"auto\" style=\"vertical-align: inherit\">| P14 - <strong>Governan\u00e7a BIM na gest\u00e3o p\u00fablica: estrutura\u00e7\u00e3o, desafios e avan\u00e7os da Estrat\u00e9gia BIM PR<\/strong><\/span><\/span><\/td>\n<td><span dir=\"auto\" style=\"vertical-align: inherit\"><span dir=\"auto\" style=\"vertical-align: inherit\">| <\/span><\/span><b><span dir=\"auto\" style=\"vertical-align: inherit\"><span dir=\"auto\" style=\"vertical-align: inherit\">Lorreine Vaccari (SEIL PR)<\/span><\/span><\/b><\/td>\n<\/tr>\n<tr bgcolor=\"#e0e0e0\">\n<td><strong><span dir=\"auto\" style=\"vertical-align: inherit\"><span dir=\"auto\" style=\"vertical-align: inherit\">\u00a0 14h30 \u00e0s 15h<\/span><\/span><\/strong><\/td>\n<td><span dir=\"auto\" style=\"vertical-align: inherit\"><span dir=\"auto\" style=\"vertical-align: inherit\">| P15 -<strong> LaBIM PR: P&amp;D e Cases BIM do Governo do Estado do Paran\u00e1<\/strong><\/span><\/span><\/td>\n<td><span dir=\"auto\" style=\"vertical-align: inherit\"><span dir=\"auto\" style=\"vertical-align: inherit\">| <strong>Lucimara Lima e<br \/>\nD\u00e9bora Guimar\u00e3es (SEIL PR)<\/strong><\/span><\/span><\/td>\n<\/tr>\n<tr>\n<td><strong><span dir=\"auto\" style=\"vertical-align: inherit\"><span dir=\"auto\" style=\"vertical-align: inherit\">\u00a0 15h \u00e0s 15h30<\/span><\/span><\/strong><\/td>\n<td><span dir=\"auto\" style=\"vertical-align: inherit\"><span dir=\"auto\" style=\"vertical-align: inherit\">| P16 - TEMA: <\/span><\/span><strong><span dir=\"auto\" style=\"vertical-align: inherit\"><span dir=\"auto\" style=\"vertical-align: inherit\">A Experi\u00eancia BIM no projeto do Hospital Militar de Bras\u00edlia<\/span><\/span><\/strong><\/td>\n<td><span dir=\"auto\" style=\"vertical-align: inherit\"><span dir=\"auto\" style=\"vertical-align: inherit\">| <strong>Coronel Ana Maria Abreu Jorge Teixeira e Capit\u00e3 Larissa Albuquerque (Ex\u00e9rcito Brasileiro)<\/strong><br \/>\n<\/span><\/span><\/td>\n<\/tr>\n<tr bgcolor=\"#e0e0e0\">\n<td><strong><span dir=\"auto\" style=\"vertical-align: inherit\"><span dir=\"auto\" style=\"vertical-align: inherit\">\u00a0 15h30 \u00e0s 16h<\/span><\/span><\/strong><\/td>\n<td><span dir=\"auto\" style=\"vertical-align: inherit\"><span dir=\"auto\" style=\"vertical-align: inherit\">| Debate<\/span><\/span><\/td>\n<td><span dir=\"auto\" style=\"vertical-align: inherit\"><span dir=\"auto\" style=\"vertical-align: inherit\">| Moderadora: <\/span><\/span><strong><span dir=\"auto\" style=\"vertical-align: inherit\"><span dir=\"auto\" style=\"vertical-align: inherit\">\u00c9ricka da Silva C\u00e2ndido (TCM-GO\/Ibraop)<\/span><\/span><\/strong><\/td>\n<\/tr>\n<tr>\n<td>\u00a0 <strong><span dir=\"auto\" style=\"vertical-align: inherit\"><span dir=\"auto\" style=\"vertical-align: inherit\">16h \u00e0s 16h30<\/span><\/span><\/strong><\/td>\n<td><span dir=\"auto\" style=\"vertical-align: inherit\"><span dir=\"auto\" style=\"vertical-align: inherit\">| <\/span><\/span><strong><span dir=\"auto\" style=\"vertical-align: inherit\"><span dir=\"auto\" style=\"vertical-align: inherit\">Palavra do Patrocinador<\/span><\/span><\/strong><\/td>\n<td><span dir=\"auto\" style=\"vertical-align: inherit\"><span dir=\"auto\" style=\"vertical-align: inherit\">| <\/span><\/span><strong><span dir=\"auto\" style=\"vertical-align: inherit\"><span dir=\"auto\" style=\"vertical-align: inherit\">Representante CAIXA<\/span><\/span><\/strong><br \/>\n<span dir=\"auto\" style=\"vertical-align: inherit\"><span dir=\"auto\" style=\"vertical-align: inherit\"> Moderador: <\/span><\/span><strong><span dir=\"auto\" style=\"vertical-align: inherit\"><span dir=\"auto\" style=\"vertical-align: inherit\">Paulo Daschevi (TCE-PR\/Ibraop)<\/span><\/span><\/strong><\/td>\n<\/tr>\n<tr bgcolor=\"#e0e0e0\">\n<td>\u00a0 <strong><span dir=\"auto\" style=\"vertical-align: inherit\"><span dir=\"auto\" style=\"vertical-align: inherit\">16h30 \u00e0s 17h30<\/span><\/span><\/strong><\/td>\n<td><span dir=\"auto\" style=\"vertical-align: inherit\"><span dir=\"auto\" style=\"vertical-align: inherit\">| Confer\u00eancia de Encerramento<\/span><\/span><\/td>\n<td><\/td>\n<\/tr>\n<tr bgcolor=\"#e0e0e0\">\n<td><\/td>\n<td><span dir=\"auto\" style=\"vertical-align: inherit\"><span dir=\"auto\" style=\"vertical-align: inherit\">| <\/span><\/span><strong><span dir=\"auto\" style=\"vertical-align: inherit\"><span dir=\"auto\" style=\"vertical-align: inherit\">\"O Metr\u00f4 de SP na Constru\u00e7\u00e3o 4.0 - Benef\u00edcios trazidos pela Metodologia BIM\"<\/span><\/span><\/strong><\/td>\n<td><span dir=\"auto\" style=\"vertical-align: inherit\"><span dir=\"auto\" style=\"vertical-align: inherit\">| <\/span><\/span><b><span dir=\"auto\" style=\"vertical-align: inherit\"><span dir=\"auto\" style=\"vertical-align: inherit\">Ivo Mainardi (Metr\u00f4\/SP)<\/span><\/span><\/b><br \/>\n<span dir=\"auto\" style=\"vertical-align: inherit\"><span dir=\"auto\" style=\"vertical-align: inherit\"> Moderadora: <\/span><\/span><b><span dir=\"auto\" style=\"vertical-align: inherit\"><span dir=\"auto\" style=\"vertical-align: inherit\">Adriana Portugal (TCDF\/Ibraop)<\/span><\/span><\/b>\n<div class=\"yj6qo\"><\/div>\n<\/td>\n<\/tr>\n<tr>\n<td>\u00a0 <strong><span dir=\"auto\" style=\"vertical-align: inherit\"><span dir=\"auto\" style=\"vertical-align: inherit\">17h30<\/span><\/span><\/strong><span dir=\"auto\" style=\"vertical-align: inherit\"><span dir=\"auto\" style=\"vertical-align: inherit\"> |<\/span><\/span><\/td>\n<td><span dir=\"auto\" style=\"vertical-align: inherit\"><span dir=\"auto\" style=\"vertical-align: inherit\">| Caf\u00e9 de Encerramento<\/span><\/span><\/td>\n<td><\/td>\n<\/tr>\n<tr bgcolor=\"#e0e0e0\">\n<td>\u00a0 <strong><span dir=\"auto\" style=\"vertical-align: inherit\"><span dir=\"auto\" style=\"vertical-align: inherit\">17h30 | \u00e0s 18h30<\/span><\/span><\/strong><\/td>\n<td><span dir=\"auto\" style=\"vertical-align: inherit\"><span dir=\"auto\" style=\"vertical-align: inherit\">| <\/span><\/span><strong><span dir=\"auto\" style=\"vertical-align: inherit\"><span dir=\"auto\" style=\"vertical-align: inherit\">Apresenta\u00e7\u00e3o do HIPERVISOR da Prefeitura do IPPUC<\/span><\/span><\/strong><\/td>\n<td><strong><span dir=\"auto\" style=\"vertical-align: inherit\"><span dir=\"auto\" style=\"vertical-align: inherit\">\u00a0(a confirmar)<\/span><\/span><\/strong><\/td>\n<\/tr>\n<\/tbody>\n<\/table>\n\t\t\t<\/div>\n\t\t<\/div>\n\t\t<\/div>\n<\/div>\n<\/div><\/div><\/div><\/div><\/div>","protected":false},"excerpt":{"rendered":"<p> [&hellip;]<\/p>\n","protected":false},"author":3,"featured_media":0,"parent":0,"menu_order":0,"comment_status":"closed","ping_status":"closed","template":"","meta":{"footnotes":""},"class_list":["post-40","page","type-page","status-publish","hentry","post"],"_links":{"self":[{"href":"https:\/\/www.ibraop.org.br\/enaop2026\/wp-json\/wp\/v2\/pages\/40","targetHints":{"allow":["GET"]}}],"collection":[{"href":"https:\/\/www.ibraop.org.br\/enaop2026\/wp-json\/wp\/v2\/pages"}],"about":[{"href":"https:\/\/www.ibraop.org.br\/enaop2026\/wp-json\/wp\/v2\/types\/page"}],"author":[{"embeddable":true,"href":"https:\/\/www.ibraop.org.br\/enaop2026\/wp-json\/wp\/v2\/users\/3"}],"replies":[{"embeddable":true,"href":"https:\/\/www.ibraop.org.br\/enaop2026\/wp-json\/wp\/v2\/comments?post=40"}],"version-history":[{"count":119,"href":"https:\/\/www.ibraop.org.br\/enaop2026\/wp-json\/wp\/v2\/pages\/40\/revisions"}],"predecessor-version":[{"id":505,"href":"https:\/\/www.ibraop.org.br\/enaop2026\/wp-json\/wp\/v2\/pages\/40\/revisions\/505"}],"wp:attachment":[{"href":"https:\/\/www.ibraop.org.br\/enaop2026\/wp-json\/wp\/v2\/media?parent=40"}],"curies":[{"name":"wp","href":"https:\/\/api.w.org\/{rel}","templated":true}]}}