{"id":37,"date":"2026-01-20T17:13:39","date_gmt":"2026-01-20T20:13:39","guid":{"rendered":"https:\/\/www.ibraop.org.br\/enaop2026\/?page_id=37"},"modified":"2026-03-04T13:45:59","modified_gmt":"2026-03-04T16:45:59","slug":"inscricoes","status":"publish","type":"page","link":"https:\/\/www.ibraop.org.br\/enaop2026\/inscricoes\/","title":{"rendered":"Inscri\u00e7\u00f5es"},"content":{"rendered":"<div id=\"pl-37\"  class=\"panel-layout\" ><div id=\"pg-37-0\"  class=\"panel-grid panel-no-style\" ><div id=\"pgc-37-0-0\"  class=\"panel-grid-cell\" ><div id=\"panel-37-0-0-0\" class=\"so-panel widget widget_sow-image panel-first-child panel-last-child\" data-index=\"0\" ><div\n\t\t\t\n\t\t\tclass=\"so-widget-sow-image so-widget-sow-image-default-113ccd71f3e6-37\"\n\t\t\t\n\t\t>\n<div class=\"sow-image-container\">\n\t\t<img \n\tsrc=\"https:\/\/www.ibraop.org.br\/enaop2026\/wp-content\/uploads\/sites\/7\/2026\/02\/inscricoes-scaled.png\" width=\"2560\" height=\"364\" srcset=\"https:\/\/www.ibraop.org.br\/enaop2026\/wp-content\/uploads\/sites\/7\/2026\/02\/inscricoes-scaled.png 2560w, https:\/\/www.ibraop.org.br\/enaop2026\/wp-content\/uploads\/sites\/7\/2026\/02\/inscricoes-300x43.png 300w, https:\/\/www.ibraop.org.br\/enaop2026\/wp-content\/uploads\/sites\/7\/2026\/02\/inscricoes-1024x146.png 1024w, https:\/\/www.ibraop.org.br\/enaop2026\/wp-content\/uploads\/sites\/7\/2026\/02\/inscricoes-768x109.png 768w, https:\/\/www.ibraop.org.br\/enaop2026\/wp-content\/uploads\/sites\/7\/2026\/02\/inscricoes-1536x218.png 1536w, https:\/\/www.ibraop.org.br\/enaop2026\/wp-content\/uploads\/sites\/7\/2026\/02\/inscricoes-2048x291.png 2048w\" sizes=\"(max-width: 2560px) 100vw, 2560px\" title=\"inscri\u00e7\u00f5es\" alt=\"\" \t\tclass=\"so-widget-image\"\/>\n\t<\/div>\n\n<\/div><\/div><\/div><\/div><div id=\"pg-37-1\"  class=\"panel-grid panel-no-style\" ><div id=\"pgc-37-1-0\"  class=\"panel-grid-cell panel-grid-cell-empty\" ><\/div><div id=\"pgc-37-1-1\"  class=\"panel-grid-cell panel-grid-cell-mobile-last\" ><div id=\"panel-37-1-1-0\" class=\"so-panel widget widget_sow-editor panel-first-child\" data-index=\"1\" ><div\n\t\t\t\n\t\t\tclass=\"so-widget-sow-editor so-widget-sow-editor-base\"\n\t\t\t\n\t\t>\n<div class=\"siteorigin-widget-tinymce textwidget\">\n\t<p>&nbsp;<\/p>\n<table width=\"650\">\n<thead>\n<tr>\n<th style=\"border-bottom-color: darkorange; font-size: 18px; color: #e1802a; text-align: center;\" colspan=\"4\"><\/th>\n<\/tr>\n<tr>\n<td colspan=\"4\">\n<hr \/>\n<\/td>\n<\/tr>\n<\/thead>\n<tbody>\n<tr>\n<td style=\"color: #df802a; font-size: 18px; text-align: center;\" valign=\"middle\" bgcolor=\"#f7f6f5\" width=\"80\" height=\"50\"><b>Tipo<\/b><\/td>\n<td style=\"color: #df802a; font-size: 18px; text-align: center;\" valign=\"middle\" width=\"100\" height=\"30\"><b>N\u00e3o Associado ao Ibraop<\/b><\/td>\n<td style=\"color: #df802a; font-size: 18px; text-align: center;\" valign=\"middle\" bgcolor=\"#f7f6f5\" width=\"100\" height=\"30\"><b>Associado<\/b><\/td>\n<td style=\"color: #df802a; font-size: 18px; text-align: center;\" valign=\"middle\" bgcolor=\"#f7f6f5\" width=\"100\" height=\"30\"><b>Servidores municipais e estaduais do Paran\u00e1<\/b><\/td>\n<\/tr>\n<tr>\n<td colspan=\"4\">\n<hr \/>\n<\/td>\n<\/tr>\n<tr>\n<td style=\"text-align: center; color: #ffffff; font-size: 21;\" colspan=\"4\" valign=\"middle\" bgcolor=\"#251f50\" height=\"40\"><strong>1\u00ba Lote - de 01\/03 a 14\/04\/2026<\/strong><\/td>\n<\/tr>\n<tr>\n<td colspan=\"4\"><\/td>\n<\/tr>\n<tr bgcolor=\"#E6E6E6\">\n<td valign=\"middle\" width=\"60\" height=\"40\"><strong>\u00a0 1 a 3 inscritos<\/strong><\/td>\n<td style=\"text-align: center;\">R$ 4.900,00<\/td>\n<td style=\"text-align: center;\">R$ 2.450,00<\/td>\n<td style=\"text-align: center;\">R$ 900,00<\/td>\n<\/tr>\n<tr>\n<td width=\"60\" height=\"40\"><strong>\u00a0 04 a 07 inscritos<\/strong><\/td>\n<td style=\"text-align: center;\">R$ 4.400,00<\/td>\n<td style=\"text-align: center;\">R$ 2.200,00<\/td>\n<td style=\"text-align: center;\">R$ 600,00<\/td>\n<\/tr>\n<tr bgcolor=\"#E6E6E6\">\n<td width=\"60\" height=\"40\"><strong>\u00a0 8 ou mais<\/strong><\/td>\n<td style=\"text-align: center;\">R$ 3.900,00<\/td>\n<td style=\"text-align: center;\">R$ 1.950,00<\/td>\n<td style=\"text-align: center;\">R$ 420,00<\/td>\n<\/tr>\n<tr>\n<td colspan=\"4\"><\/td>\n<\/tr>\n<tr>\n<td style=\"text-align: center; color: #ffffff; font-size: 21;\" colspan=\"4\" valign=\"middle\" bgcolor=\"#251f50\" height=\"50\"><strong>2\u00ba Lote - de 15\/04\/2026 at\u00e9 o evento<\/strong><\/td>\n<\/tr>\n<tr>\n<td colspan=\"4\"><\/td>\n<\/tr>\n<tr bgcolor=\"#E6E6E6\">\n<td valign=\"middle\" width=\"60\" height=\"40\"><strong>\u00a0 1 a 3 inscritos<\/strong><\/td>\n<td style=\"text-align: center;\">R$ 5.900,00<\/td>\n<td style=\"text-align: center;\">R$ 2.950,00<\/td>\n<td style=\"text-align: center;\">R$ 1.100,00<\/td>\n<\/tr>\n<tr>\n<td width=\"60\" height=\"40\"><strong>\u00a0 04 a 07 inscritos<\/strong><\/td>\n<td style=\"text-align: center;\">R$ 5.400,00<\/td>\n<td style=\"text-align: center;\">R$ 2.700,00<\/td>\n<td style=\"text-align: center;\">R$ 750,00<\/td>\n<\/tr>\n<tr bgcolor=\"#E6E6E6\">\n<td width=\"60\" height=\"40\"><strong>\u00a0 8 ou mais<\/strong><\/td>\n<td style=\"text-align: center;\">R$ 4.900,00<\/td>\n<td style=\"text-align: center;\">R$ 2.450,00<\/td>\n<td style=\"text-align: center;\">R$ 540,00<\/td>\n<\/tr>\n<\/tbody>\n<\/table>\n<p>&nbsp;<\/p>\n<\/div>\n<\/div><\/div><div id=\"panel-37-1-1-1\" class=\"so-panel widget widget_sow-editor panel-last-child\" data-index=\"2\" ><div\n\t\t\t\n\t\t\tclass=\"so-widget-sow-editor so-widget-sow-editor-base\"\n\t\t\t\n\t\t>\n<div class=\"siteorigin-widget-tinymce textwidget\">\n\t<h3 style=\"padding-left: 200px;\"><span style=\"color: #df802a;\">I S E N \u00c7 \u00d5 E S<\/span><\/h3>\n<p style=\"padding-left: 80px;\"><span style=\"color: #251f50;\"><strong>I - palestrantes, moderadores, conferencistas e instrutores de minicursos;<\/strong><\/span><br \/>\n<span style=\"color: #251f50;\"><strong>II - membros da Diex do Ibraop;<\/strong><\/span><br \/>\n<span style=\"color: #251f50;\"><strong>III - pessoas homenageadas;<\/strong><\/span><br \/>\n<span style=\"color: #251f50;\"><strong>IV - estudantes a crit\u00e9rio da DIEX;<\/strong><\/span><br \/>\n<span style=\"color: #251f50;\"><strong>V - participantes da cota de patrocinadores;<\/strong><\/span><br \/>\n<span style=\"color: #251f50;\"><strong>VI - outros participantes a crit\u00e9rio da DIEX.<\/strong><\/span><\/p>\n<hr \/>\n<h3 style=\"padding-left: 200px;\"><span style=\"color: #df802a;\">O R I E N T A \u00c7 \u00d5 E S<\/span><\/h3>\n<p style=\"padding-left: 40px;\"><span style=\"color: #251f50;\"><strong>Para realizar sua inscri\u00e7\u00e3o no evento \u00e9 necess\u00e1ria a cria\u00e7\u00e3o de uma conta, com senha, para acesso \u00e0 \u00e1rea do usu\u00e1rio.<\/strong><\/span><\/p>\n<p style=\"padding-left: 80px; text-align: left;\"><strong><span style=\"color: #df802a;\">Na \u00e1rea do usu\u00e1rio voc\u00ea poder\u00e1:<\/span><\/strong><\/p>\n<ul>\n<li style=\"list-style-type: none;\">\n<ul>\n<li><span style=\"color: #251f50;\">Acompanhar o andamento da sua inscri\u00e7\u00e3o (pr\u00e9-aprovada\/aprovada\/cancelada);<\/span><\/li>\n<li><span style=\"color: #251f50;\">Baixar os documentos necess\u00e1rios para o pagamento;<\/span><\/li>\n<li><span style=\"color: #251f50;\">Enca<\/span><\/li>\n<li><span style=\"color: #251f50;\">minhar os documentos necess\u00e1rios confirma\u00e7\u00e3o do pagamento;<\/span><\/li>\n<li><span style=\"color: #251f50;\">Realizar o cancelamento da sua inscri\u00e7\u00e3o at\u00e9 a pr\u00e9-aprova\u00e7\u00e3o. Ap\u00f3s, somente mediante solicita\u00e7\u00e3o ao Ibraop;<\/span><\/li>\n<li><span style=\"color: #251f50;\">Fazer download dos certificados;<\/span><\/li>\n<li><span style=\"color: #251f50;\">Atualizar seus dados pessoais;<\/span><\/li>\n<li><span style=\"color: #251f50;\">Utilizar a mesma conta para os pr\u00f3ximos eventos do Ibraop.<\/span><\/li>\n<\/ul>\n<\/li>\n<\/ul>\n<hr \/>\n<p><img loading=\"lazy\" decoding=\"async\" class=\"aligncenter wp-image-391 size-full\" src=\"https:\/\/www.ibraop.org.br\/enaop2026\/wp-content\/uploads\/sites\/7\/2026\/02\/INSTRUCOES-scaled-e1770930596801.png\" alt=\"\" width=\"2360\" height=\"980\" srcset=\"https:\/\/www.ibraop.org.br\/enaop2026\/wp-content\/uploads\/sites\/7\/2026\/02\/INSTRUCOES-scaled-e1770930596801.png 2360w, https:\/\/www.ibraop.org.br\/enaop2026\/wp-content\/uploads\/sites\/7\/2026\/02\/INSTRUCOES-scaled-e1770930596801-300x125.png 300w, https:\/\/www.ibraop.org.br\/enaop2026\/wp-content\/uploads\/sites\/7\/2026\/02\/INSTRUCOES-scaled-e1770930596801-1024x425.png 1024w, https:\/\/www.ibraop.org.br\/enaop2026\/wp-content\/uploads\/sites\/7\/2026\/02\/INSTRUCOES-scaled-e1770930596801-768x319.png 768w, https:\/\/www.ibraop.org.br\/enaop2026\/wp-content\/uploads\/sites\/7\/2026\/02\/INSTRUCOES-scaled-e1770930596801-1536x638.png 1536w, https:\/\/www.ibraop.org.br\/enaop2026\/wp-content\/uploads\/sites\/7\/2026\/02\/INSTRUCOES-scaled-e1770930596801-2048x850.png 2048w\" sizes=\"auto, (max-width: 2360px) 100vw, 2360px\" \/><\/p>\n<\/div>\n<\/div><\/div><\/div><div id=\"pgc-37-1-2\"  class=\"panel-grid-cell panel-grid-cell-empty\" ><\/div><\/div><div id=\"pg-37-2\"  class=\"panel-grid panel-no-style\" ><div id=\"pgc-37-2-0\"  class=\"panel-grid-cell panel-grid-cell-empty\" ><\/div><div id=\"pgc-37-2-1\"  class=\"panel-grid-cell panel-grid-cell-mobile-last\" ><div id=\"panel-37-2-1-0\" class=\"so-panel widget widget_sow-button panel-first-child\" data-index=\"3\" ><div\n\t\t\t\n\t\t\tclass=\"so-widget-sow-button so-widget-sow-button-flat-9e373ca4a05b-37\"\n\t\t\t\n\t\t><div class=\"ow-button-base ow-button-align-center\"\n>\n\t\t\t<a\n\t\t\t\t\thref=\"https:\/\/eventos.ibraop.org.br\/\"\n\t\t\t\t\tclass=\"sowb-button ow-icon-placement-left ow-button-hover\" target=\"_blank\" rel=\"noopener noreferrer\" \t>\n\t\t<span>\n\t\t\t<span class=\"sow-icon-fontawesome sow-far\" data-sow-icon=\"&#xf044;\"\n\t\tstyle=\"color: #ffffff\" \n\t\taria-hidden=\"true\"><\/span>\n\t\t\tI N S C R E V A - S E\t\t<\/span>\n\t\t\t<\/a>\n\t<\/div>\n<\/div><\/div><div id=\"panel-37-2-1-1\" class=\"so-panel widget widget_sow-editor panel-last-child\" data-index=\"4\" ><div\n\t\t\t\n\t\t\tclass=\"so-widget-sow-editor so-widget-sow-editor-base\"\n\t\t\t\n\t\t>\n<div class=\"siteorigin-widget-tinymce textwidget\">\n\t<\/div>\n<\/div><\/div><\/div><div id=\"pgc-37-2-2\"  class=\"panel-grid-cell panel-grid-cell-empty\" ><\/div><\/div><\/div>","protected":false},"excerpt":{"rendered":"<p> [&hellip;]<\/p>\n","protected":false},"author":3,"featured_media":0,"parent":0,"menu_order":0,"comment_status":"closed","ping_status":"closed","template":"home-panels.php","meta":{"footnotes":""},"class_list":["post-37","page","type-page","status-publish","hentry","post"],"_links":{"self":[{"href":"https:\/\/www.ibraop.org.br\/enaop2026\/wp-json\/wp\/v2\/pages\/37","targetHints":{"allow":["GET"]}}],"collection":[{"href":"https:\/\/www.ibraop.org.br\/enaop2026\/wp-json\/wp\/v2\/pages"}],"about":[{"href":"https:\/\/www.ibraop.org.br\/enaop2026\/wp-json\/wp\/v2\/types\/page"}],"author":[{"embeddable":true,"href":"https:\/\/www.ibraop.org.br\/enaop2026\/wp-json\/wp\/v2\/users\/3"}],"replies":[{"embeddable":true,"href":"https:\/\/www.ibraop.org.br\/enaop2026\/wp-json\/wp\/v2\/comments?post=37"}],"version-history":[{"count":84,"href":"https:\/\/www.ibraop.org.br\/enaop2026\/wp-json\/wp\/v2\/pages\/37\/revisions"}],"predecessor-version":[{"id":419,"href":"https:\/\/www.ibraop.org.br\/enaop2026\/wp-json\/wp\/v2\/pages\/37\/revisions\/419"}],"wp:attachment":[{"href":"https:\/\/www.ibraop.org.br\/enaop2026\/wp-json\/wp\/v2\/media?parent=37"}],"curies":[{"name":"wp","href":"https:\/\/api.w.org\/{rel}","templated":true}]}}