{"id":319,"date":"2026-02-11T15:52:37","date_gmt":"2026-02-11T18:52:37","guid":{"rendered":"https:\/\/www.ibraop.org.br\/enaop2026\/?page_id=319"},"modified":"2026-02-11T16:16:03","modified_gmt":"2026-02-11T19:16:03","slug":"cidade-sede","status":"publish","type":"page","link":"https:\/\/www.ibraop.org.br\/enaop2026\/cidade-sede\/","title":{"rendered":"Cidade-Sede"},"content":{"rendered":"<div id=\"pl-319\"  class=\"panel-layout\" ><div id=\"pg-319-0\"  class=\"panel-grid panel-no-style\" ><div id=\"pgc-319-0-0\"  class=\"panel-grid-cell\" ><div id=\"panel-319-0-0-0\" class=\"so-panel widget widget_sow-image panel-first-child panel-last-child\" data-index=\"0\" ><div\n\t\t\t\n\t\t\tclass=\"so-widget-sow-image so-widget-sow-image-default-113ccd71f3e6-319\"\n\t\t\t\n\t\t>\n<div class=\"sow-image-container\">\n\t\t<img \n\tsrc=\"https:\/\/www.ibraop.org.br\/enaop2026\/wp-content\/uploads\/sites\/7\/2026\/02\/cidade-sede-scaled.png\" width=\"2560\" height=\"357\" srcset=\"https:\/\/www.ibraop.org.br\/enaop2026\/wp-content\/uploads\/sites\/7\/2026\/02\/cidade-sede-scaled.png 2560w, https:\/\/www.ibraop.org.br\/enaop2026\/wp-content\/uploads\/sites\/7\/2026\/02\/cidade-sede-300x42.png 300w, https:\/\/www.ibraop.org.br\/enaop2026\/wp-content\/uploads\/sites\/7\/2026\/02\/cidade-sede-1024x143.png 1024w, https:\/\/www.ibraop.org.br\/enaop2026\/wp-content\/uploads\/sites\/7\/2026\/02\/cidade-sede-768x107.png 768w, https:\/\/www.ibraop.org.br\/enaop2026\/wp-content\/uploads\/sites\/7\/2026\/02\/cidade-sede-1536x214.png 1536w, https:\/\/www.ibraop.org.br\/enaop2026\/wp-content\/uploads\/sites\/7\/2026\/02\/cidade-sede-2048x286.png 2048w\" sizes=\"(max-width: 2560px) 100vw, 2560px\" title=\"cidade-sede\" alt=\"\" \t\tclass=\"so-widget-image\"\/>\n\t<\/div>\n\n<\/div><\/div><\/div><\/div><div id=\"pg-319-1\"  class=\"panel-grid panel-no-style\" ><div id=\"pgc-319-1-0\"  class=\"panel-grid-cell panel-grid-cell-empty\" ><\/div><div id=\"pgc-319-1-1\"  class=\"panel-grid-cell panel-grid-cell-mobile-last\" ><div id=\"panel-319-1-1-0\" class=\"so-panel widget widget_sow-editor panel-first-child panel-last-child\" data-index=\"1\" ><div\n\t\t\t\n\t\t\tclass=\"so-widget-sow-editor so-widget-sow-editor-base\"\n\t\t\t\n\t\t>\n<div class=\"siteorigin-widget-tinymce textwidget\">\n\t<p style=\"text-align: center;\"><span style=\"color: #251f50;\"><strong>Bem-vindos a Curitiba, a vibrante capital do Paran\u00e1 e o cen\u00e1rio perfeito para o nosso evento. Fundada em 1693, a cidade harmoniza seu legado hist\u00f3rico, moldado por uma imigra\u00e7\u00e3o europeia, com o que h\u00e1 de mais moderno em infraestrutura e inova\u00e7\u00e3o tecnol\u00f3gica.<\/strong><\/span><\/p>\n<p style=\"text-align: center;\"><span style=\"color: #251f50;\"><strong>Reconhecida mundialmente por seu planejamento urbano, Curitiba \u00e9 um modelo de sustentabilidade e mobilidade. Seu sistema de transporte BRT e a vasta rede de ciclovias garantem uma circula\u00e7\u00e3o eficiente, enquanto seus in\u00fameros espa\u00e7os verdes elevam a qualidade de vida a patamares de excel\u00eancia.<\/strong><\/span><\/p>\n<p style=\"text-align: center;\"><span style=\"color: #251f50;\"><strong>Como a capital mais alta do Brasil, a \"terra de muitos pinheiros\" oferece um clima ameno e acolhedor, emoldurado por majestosas arauc\u00e1rias que d\u00e3o um charme \u00fanico \u00e0 paisagem urbana. Aqui, a cultura e o lazer florescem em espa\u00e7os como o Museu Oscar Niemeyer (MON) e o hist\u00f3rico Teatro Gua\u00edra, complementados por uma gastronomia diversificada que reflete o mosaico cultural de seu povo.<\/strong><\/span><\/p>\n<p style=\"text-align: center;\"><span style=\"color: #251f50;\"><strong>Com o maior PIB do estado e um ecossistema de inova\u00e7\u00e3o pulsante, Curitiba \u00e9 o centro econ\u00f4mico do Paran\u00e1, oferecendo um ambiente din\u00e2mico e organizado. Do pioneirismo do cal\u00e7ad\u00e3o da Rua XV de Novembro \u00e0 modernidade de suas startups, a cidade convida voc\u00ea a desfrutar de uma experi\u00eancia \u00fanica, onde a natureza e a efici\u00eancia caminham de m\u00e3os dadas.<\/strong><\/span><\/p>\n<p style=\"text-align: center;\"><span style=\"color: #251f50;\"><strong>Aproveite sua estadia para explorar cada detalhe desta metr\u00f3pole premiada e inspiradora!<\/strong><\/span><\/p>\n<\/div>\n<\/div><\/div><\/div><div id=\"pgc-319-1-2\"  class=\"panel-grid-cell panel-grid-cell-empty\" ><\/div><\/div><div id=\"pg-319-2\"  class=\"panel-grid panel-no-style\" ><div id=\"pgc-319-2-0\"  class=\"panel-grid-cell\" ><div id=\"panel-319-2-0-0\" class=\"so-panel widget widget_sow-image panel-first-child panel-last-child\" data-index=\"2\" ><div\n\t\t\t\n\t\t\tclass=\"so-widget-sow-image so-widget-sow-image-default-113ccd71f3e6-319\"\n\t\t\t\n\t\t>\n<div class=\"sow-image-container\">\n\t\t<img \n\tsrc=\"https:\/\/www.ibraop.org.br\/enaop2026\/wp-content\/uploads\/sites\/7\/2026\/02\/CULTURA-scaled-e1770837347401.png\" width=\"1729\" height=\"2560\" sizes=\"(max-width: 1729px) 100vw, 1729px\" title=\"CULTURA\" alt=\"\" \t\tclass=\"so-widget-image\"\/>\n\t<\/div>\n\n<\/div><\/div><\/div><\/div><\/div>","protected":false},"excerpt":{"rendered":"<p> [&hellip;]<\/p>\n","protected":false},"author":3,"featured_media":0,"parent":0,"menu_order":0,"comment_status":"closed","ping_status":"closed","template":"","meta":{"footnotes":""},"class_list":["post-319","page","type-page","status-publish","hentry","post"],"_links":{"self":[{"href":"https:\/\/www.ibraop.org.br\/enaop2026\/wp-json\/wp\/v2\/pages\/319","targetHints":{"allow":["GET"]}}],"collection":[{"href":"https:\/\/www.ibraop.org.br\/enaop2026\/wp-json\/wp\/v2\/pages"}],"about":[{"href":"https:\/\/www.ibraop.org.br\/enaop2026\/wp-json\/wp\/v2\/types\/page"}],"author":[{"embeddable":true,"href":"https:\/\/www.ibraop.org.br\/enaop2026\/wp-json\/wp\/v2\/users\/3"}],"replies":[{"embeddable":true,"href":"https:\/\/www.ibraop.org.br\/enaop2026\/wp-json\/wp\/v2\/comments?post=319"}],"version-history":[{"count":10,"href":"https:\/\/www.ibraop.org.br\/enaop2026\/wp-json\/wp\/v2\/pages\/319\/revisions"}],"predecessor-version":[{"id":335,"href":"https:\/\/www.ibraop.org.br\/enaop2026\/wp-json\/wp\/v2\/pages\/319\/revisions\/335"}],"wp:attachment":[{"href":"https:\/\/www.ibraop.org.br\/enaop2026\/wp-json\/wp\/v2\/media?parent=319"}],"curies":[{"name":"wp","href":"https:\/\/api.w.org\/{rel}","templated":true}]}}