{"id":23,"date":"2026-01-14T16:22:59","date_gmt":"2026-01-14T19:22:59","guid":{"rendered":"https:\/\/www.ibraop.org.br\/enaop2026\/?page_id=23"},"modified":"2026-03-02T16:48:35","modified_gmt":"2026-03-02T19:48:35","slug":"inicial","status":"publish","type":"page","link":"https:\/\/www.ibraop.org.br\/enaop2026\/","title":{"rendered":"Inicial"},"content":{"rendered":"<div id=\"pl-23\"  class=\"panel-layout\" ><div id=\"pg-23-0\"  class=\"panel-grid panel-no-style\" ><div id=\"pgc-23-0-0\"  class=\"panel-grid-cell\" ><div id=\"panel-23-0-0-0\" class=\"so-panel widget widget_sow-image panel-first-child panel-last-child\" data-index=\"0\" ><div class=\"panel-widget-style panel-widget-style-for-23-0-0-0\" ><div\n\t\t\t\n\t\t\tclass=\"so-widget-sow-image so-widget-sow-image-default-49681edeb466-23\"\n\t\t\t\n\t\t>\n<div class=\"sow-image-container\">\n\t\t<img \n\tsrc=\"https:\/\/www.ibraop.org.br\/enaop2026\/wp-content\/uploads\/sites\/7\/2026\/02\/o-evento2-scaled.png\" width=\"2560\" height=\"377\" srcset=\"https:\/\/www.ibraop.org.br\/enaop2026\/wp-content\/uploads\/sites\/7\/2026\/02\/o-evento2-scaled.png 2560w, https:\/\/www.ibraop.org.br\/enaop2026\/wp-content\/uploads\/sites\/7\/2026\/02\/o-evento2-300x44.png 300w, https:\/\/www.ibraop.org.br\/enaop2026\/wp-content\/uploads\/sites\/7\/2026\/02\/o-evento2-1024x151.png 1024w, https:\/\/www.ibraop.org.br\/enaop2026\/wp-content\/uploads\/sites\/7\/2026\/02\/o-evento2-768x113.png 768w, https:\/\/www.ibraop.org.br\/enaop2026\/wp-content\/uploads\/sites\/7\/2026\/02\/o-evento2-1536x226.png 1536w, https:\/\/www.ibraop.org.br\/enaop2026\/wp-content\/uploads\/sites\/7\/2026\/02\/o-evento2-2048x302.png 2048w\" sizes=\"(max-width: 2560px) 100vw, 2560px\" title=\"o evento2\" alt=\"\" \t\tclass=\"so-widget-image\"\/>\n\t<\/div>\n\n<\/div><\/div><\/div><\/div><\/div><div id=\"pg-23-1\"  class=\"panel-grid panel-has-style\" ><div class=\"siteorigin-panels-stretch panel-row-style panel-row-style-for-23-1\" data-stretch-type=\"full\" ><div id=\"pgc-23-1-0\"  class=\"panel-grid-cell\" ><div id=\"panel-23-1-0-0\" class=\"so-panel widget widget_sow-editor panel-first-child panel-last-child\" data-index=\"1\" ><div\n\t\t\t\n\t\t\tclass=\"so-widget-sow-editor so-widget-sow-editor-base\"\n\t\t\t\n\t\t>\n<div class=\"siteorigin-widget-tinymce textwidget\">\n\t<h3 style=\"text-align: center;\"><strong><span style=\"color: #ff6600;\">PREPARE-SE PARA O<\/span><\/strong><br \/>\n<strong><span style=\"color: #ff6600;\">ENAOP 2026<\/span><\/strong><\/h3>\n<p style=\"text-align: center;\"><style type='text\/css'>.wpcdt-timer-248 .wpcdt-clock{max-width: 750px;}<\/style>\n<div class=\"wpcdt-wrap wpcdt-timer-wrap wpcdt-clearfix  wpcdt-timer-circle wpcdt-timer-248\" data-conf=\"{&quot;current_date&quot;:&quot;2026-04-22 11:12:10&quot;,&quot;expiry_date&quot;:&quot;2026-06-08 09:00:00&quot;,&quot;timercircle_animation&quot;:&quot;smooth&quot;,&quot;timercircle_width&quot;:0.1000000000000000055511151231257827021181583404541015625,&quot;timer_bg_width&quot;:1.1999999999999999555910790149937383830547332763671875,&quot;timer_bgclr&quot;:&quot;#251f50&quot;,&quot;timer_day_bgclr&quot;:&quot;#e3be32&quot;,&quot;timer_hour_bgclr&quot;:&quot;#36b0e3&quot;,&quot;timer_minute_bgclr&quot;:&quot;#75bf44&quot;,&quot;timer_second_bgclr&quot;:&quot;#66c5af&quot;,&quot;day_text&quot;:&quot;Dias&quot;,&quot;hour_text&quot;:&quot;Horas&quot;,&quot;minute_text&quot;:&quot;Minutos&quot;,&quot;second_text&quot;:&quot;Segundos&quot;,&quot;is_days&quot;:1,&quot;is_hours&quot;:1,&quot;is_minutes&quot;:1,&quot;is_seconds&quot;:1}\">\n\t<div class=\"wpcdt-timer-inr wpcdt-timer wpcdt-timer-js\" id=\"wpcdt-timer-1\" data-id=\"248\">\n\t\t<div class=\"wpcdt-clock wpcdt-clock-circle\" data-timer=\"4052870\"><\/div>\n\t<\/div>\n<\/div><\/p>\n<\/div>\n<\/div><\/div><\/div><\/div><\/div><div id=\"pg-23-2\"  class=\"panel-grid panel-has-style\" ><div class=\"so-rounded panel-row-style panel-row-style-for-23-2\" ><div id=\"pgc-23-2-0\"  class=\"panel-grid-cell\" ><div id=\"panel-23-2-0-0\" class=\"so-panel widget widget_sow-image panel-first-child\" data-index=\"2\" ><div class=\"so-rounded panel-widget-style panel-widget-style-for-23-2-0-0\" ><div\n\t\t\t\n\t\t\tclass=\"so-widget-sow-image so-widget-sow-image-default-113ccd71f3e6-23\"\n\t\t\t\n\t\t>\n<div class=\"sow-image-container\">\n\t\t<img \n\tsrc=\"https:\/\/www.ibraop.org.br\/enaop2026\/wp-content\/uploads\/sites\/7\/2026\/02\/publico-alvo-e-local-scaled.png\" width=\"2560\" height=\"1268\" srcset=\"https:\/\/www.ibraop.org.br\/enaop2026\/wp-content\/uploads\/sites\/7\/2026\/02\/publico-alvo-e-local-scaled.png 2560w, https:\/\/www.ibraop.org.br\/enaop2026\/wp-content\/uploads\/sites\/7\/2026\/02\/publico-alvo-e-local-300x149.png 300w, https:\/\/www.ibraop.org.br\/enaop2026\/wp-content\/uploads\/sites\/7\/2026\/02\/publico-alvo-e-local-1024x507.png 1024w, https:\/\/www.ibraop.org.br\/enaop2026\/wp-content\/uploads\/sites\/7\/2026\/02\/publico-alvo-e-local-768x380.png 768w, https:\/\/www.ibraop.org.br\/enaop2026\/wp-content\/uploads\/sites\/7\/2026\/02\/publico-alvo-e-local-1536x761.png 1536w, https:\/\/www.ibraop.org.br\/enaop2026\/wp-content\/uploads\/sites\/7\/2026\/02\/publico-alvo-e-local-2048x1014.png 2048w\" sizes=\"(max-width: 2560px) 100vw, 2560px\" title=\"publico-alvo e local\" alt=\"\" \t\tclass=\"so-widget-image\"\/>\n\t<\/div>\n\n<\/div><\/div><\/div><div id=\"panel-23-2-0-1\" class=\"so-panel widget widget_sow-editor panel-last-child\" data-index=\"3\" ><div class=\"so-rounded panel-widget-style panel-widget-style-for-23-2-0-1\" ><div\n\t\t\t\n\t\t\tclass=\"so-widget-sow-editor so-widget-sow-editor-base\"\n\t\t\t\n\t\t>\n<div class=\"siteorigin-widget-tinymce textwidget\">\n\t<p style=\"text-align: center;\"><strong>O <a href=\"http:\/\/www.ibraop.org.br\">Instituto Brasileiro de Auditoria de Obras P\u00fablicas (Ibraop)<\/a> e o <a href=\"https:\/\/www.tce.pr.gov.br\/\">Tribunal de Contas do Estado do Paran\u00e1 (TCE-PR)<\/a> realizam o Encontro Nacional de Auditoria de Obras P\u00fablicas \u2014 o ENAOP 2026 \u2014 de 8 a 10 de junho, na sede do Sebrae Paran\u00e1, em Curitiba (PR). \u201cInova\u00e7\u00e3o e Tecnologia Aplicada \u00e0 Auditoria de Obras P\u00fablicas\u201d \u00e9 o tema central em debate.<\/strong><\/p>\n<\/div>\n<\/div><\/div><\/div><\/div><\/div><\/div><div id=\"pg-23-3\"  class=\"panel-grid panel-no-style\" ><div id=\"pgc-23-3-0\"  class=\"panel-grid-cell panel-grid-cell-empty\" ><\/div><div id=\"pgc-23-3-1\"  class=\"panel-grid-cell panel-grid-cell-mobile-last\" ><div id=\"panel-23-3-1-0\" class=\"so-panel widget widget_sow-image panel-first-child panel-last-child\" data-index=\"4\" ><div\n\t\t\t\n\t\t\tclass=\"so-widget-sow-image so-widget-sow-image-default-334eeca80698-23\"\n\t\t\t\n\t\t>\n<div class=\"sow-image-container\">\n\t\t<img \n\tsrc=\"https:\/\/www.ibraop.org.br\/enaop2026\/wp-content\/uploads\/sites\/7\/2026\/02\/entenda-a-logo2-scaled-e1770754785549.png\" width=\"1964\" height=\"1720\" srcset=\"https:\/\/www.ibraop.org.br\/enaop2026\/wp-content\/uploads\/sites\/7\/2026\/02\/entenda-a-logo2-scaled-e1770754785549.png 1964w, https:\/\/www.ibraop.org.br\/enaop2026\/wp-content\/uploads\/sites\/7\/2026\/02\/entenda-a-logo2-scaled-e1770754785549-300x263.png 300w, https:\/\/www.ibraop.org.br\/enaop2026\/wp-content\/uploads\/sites\/7\/2026\/02\/entenda-a-logo2-scaled-e1770754785549-1024x897.png 1024w, https:\/\/www.ibraop.org.br\/enaop2026\/wp-content\/uploads\/sites\/7\/2026\/02\/entenda-a-logo2-scaled-e1770754785549-768x673.png 768w, https:\/\/www.ibraop.org.br\/enaop2026\/wp-content\/uploads\/sites\/7\/2026\/02\/entenda-a-logo2-scaled-e1770754785549-1536x1345.png 1536w\" sizes=\"(max-width: 1964px) 100vw, 1964px\" title=\"entenda a logo2\" alt=\"\" \t\tclass=\"so-widget-image\"\/>\n\t<\/div>\n\n<\/div><\/div><\/div><div id=\"pgc-23-3-2\"  class=\"panel-grid-cell panel-grid-cell-empty\" ><\/div><\/div><div id=\"pg-23-4\"  class=\"panel-grid panel-no-style\" ><div id=\"pgc-23-4-0\"  class=\"panel-grid-cell\" ><div id=\"panel-23-4-0-0\" class=\"so-panel widget widget_sow-editor panel-first-child panel-last-child\" data-index=\"5\" ><div class=\"so-rounded panel-widget-style panel-widget-style-for-23-4-0-0\" ><div\n\t\t\t\n\t\t\tclass=\"so-widget-sow-editor so-widget-sow-editor-base\"\n\t\t\t\n\t\t>\n<div class=\"siteorigin-widget-tinymce textwidget\">\n\t<p>&nbsp;<\/p>\n<p>As logomarcas dos eventos do Ibraop sempre fazem refer\u00eancia a algum s\u00edmbolo ou monumento que identifique a cidade sede. Neste ano, ser\u00e1 o maior museu de arte da Am\u00e9rica Latina, cujo nome homenageia um dos mais importantes nomes da arquitetura moderna internacional: o <strong><span style=\"color: #ff9900;\">Museu Oscar Niemeyer (MON).<\/span><\/strong><\/p>\n<p>Apesar de ter sido inaugurado na d\u00e9cada de 70 para sediar algumas secretarias estaduais, o pr\u00e9dio foi transformado em museu de arte em 2001. A estrutura passou por adapta\u00e7\u00f5es e ganhou um anexo, popularmente chamado de \u201cOlho\u201d (devido ao seu formato arquitet\u00f4nico), ambos de autoria do reconhecido arquiteto brasileiro.<\/p>\n<p>\u00c9 considerado o maior <span style=\"color: #ff9900;\"><strong>museu de arte da Am\u00e9rica Latina<\/strong><\/span> por ter cerca de 35 mil metros quadrados de \u00e1rea constru\u00edda. Ele impressiona pela combina\u00e7\u00e3o de linhas retas e curvas, concreto e \u00e1reas verdes, mesclando o neutro e o colorido. Uma obra de arte por si s\u00f3.<\/p>\n<\/div>\n<\/div><\/div><\/div><\/div><\/div><div id=\"pg-23-5\"  class=\"panel-grid panel-no-style\" ><div id=\"pgc-23-5-0\"  class=\"panel-grid-cell panel-grid-cell-empty\" ><\/div><div id=\"pgc-23-5-1\"  class=\"panel-grid-cell panel-grid-cell-mobile-last\" ><div id=\"panel-23-5-1-0\" class=\"so-panel widget widget_sow-post-carousel panel-first-child panel-last-child\" data-index=\"6\" ><div\n\t\t\t\n\t\t\tclass=\"so-widget-sow-post-carousel so-widget-sow-post-carousel-base-80d2fd0dc0ca-23\"\n\t\t\t\n\t\t>\t<div\n\t\tclass=\"sow-post-carousel-wrapper sow-post-carousel-theme-base\"\n\t\tstyle=\"overflow: hidden; max-width: 100%; min-height: 182px\"\n\t>\n\t\t<div class=\"sow-carousel-title has-title\">\n\t<h3 class=\"widget-title\">NOT\u00cdCIAS<\/h3>\t\t<div class=\"sow-carousel-navigation \">\n\t\t\t\t\t\t<a href=\"#\" class=\"sow-carousel-next\" title=\"Pr\u00f3ximo\" aria-label=\"Next Posts\" role=\"button\"><\/a>\n\t\t\t\t\t\t<a href=\"#\" class=\"sow-carousel-previous\" title=\"Anterior\" aria-label=\"Previous Posts\" role=\"button\"><\/a>\n\t\t\t\t\t<\/div>\n\t<\/div>\n\n<div class=\"sow-carousel-container \">\n\t\t<div class=\"sow-carousel-wrapper\"\n\t\tdata-dir=\"ltr\"\n\t\tstyle=\"opacity: 0;\"\n\t\tdata-widget=\"post\" data-fetching=\"false\" data-page=\"1\" data-ajax-url=\"https:\/\/www.ibraop.org.br\/enaop2026\/wp-admin\/admin-ajax.php?_widgets_nonce=241db45115\" data-item_count=\"4\" data-carousel_settings=\"{&quot;loop&quot;:true,&quot;animation&quot;:&quot;ease&quot;,&quot;animation_speed&quot;:400,&quot;autoplay&quot;:&quot;on&quot;,&quot;pauseOnHover&quot;:true,&quot;autoplaySpeed&quot;:8000,&quot;item_overflow&quot;:true,&quot;autoplay_continuous_scroll&quot;:false}\" data-responsive=\"{&quot;desktop_slides_to_scroll&quot;:1,&quot;tablet_landscape_breakpoint&quot;:1366,&quot;tablet_landscape_slides_to_scroll&quot;:2,&quot;tablet_portrait_breakpoint&quot;:1025,&quot;tablet_portrait_slides_to_scroll&quot;:2,&quot;mobile_breakpoint&quot;:480,&quot;mobile_slides_to_scroll&quot;:1}\" data-variable_width=\"true\" \t>\n\t\t<div\n\t\t\tclass=\"sow-carousel-items\"\n\t\t\t\t\t>\n\t\t\t\t<div class=\"sow-carousel-item\" tabindex=\"-1\" style=\"float: left;\">\n\t\t<div class=\"sow-carousel-thumbnail\">\n\t\t\t\t\t\t\t<a\n\t\t\t\t\thref=\"https:\/\/www.ibraop.org.br\/enaop2026\/2026\/04\/07\/estao-abertas-as-inscricoes-para-enaop-2026\/\"\n\t\t\t\t\t\t\t\t\t\tstyle=\"background-image: url( https:\/\/www.ibraop.org.br\/enaop2026\/wp-content\/uploads\/sites\/7\/2026\/04\/ENAOP20262-240x300-1-240x182.jpeg )\"\n\t\t\t\t\taria-labelledby=\"sow-carousel-id-476\"\n\t\t\t\t\ttabindex=\"-1\"\n\t\t\t\t>\n\t\t\t\t\t<span class=\"overlay\"><\/span>\n\t\t\t\t<\/a>\n\t\t\t\t\t<\/div>\n\t\t<h3 class=\"sow-carousel-item-title\">\n\t\t\t<a\n\t\t\t\thref=\"https:\/\/www.ibraop.org.br\/enaop2026\/2026\/04\/07\/estao-abertas-as-inscricoes-para-enaop-2026\/\"\n\t\t\t\tid=\"sow-carousel-id-476\"\n\t\t\t\t\t\t\t\ttabindex=\"-1\"\n\t\t\t>\n\n\t\t\t\tEst\u00e3o abertas as inscri\u00e7\u00f5es para ENAOP 2026\t\t\t<\/a>\n\t\t<\/h3>\n\t<\/div>\n\t\t<div class=\"sow-carousel-item\" tabindex=\"-1\" style=\"float: left;\">\n\t\t<div class=\"sow-carousel-thumbnail\">\n\t\t\t\t\t\t\t<a\n\t\t\t\t\thref=\"https:\/\/www.ibraop.org.br\/enaop2026\/2026\/01\/23\/comissao-organizadora-do-enaop-2026-inicia-preparativos-para-o-evento2\/\"\n\t\t\t\t\t\t\t\t\t\tstyle=\"background-image: url( https:\/\/www.ibraop.org.br\/enaop2026\/wp-content\/uploads\/sites\/7\/2026\/01\/VisitaCuritiba_1-e1768502486124-272x182.jpeg )\"\n\t\t\t\t\taria-labelledby=\"sow-carousel-id-141\"\n\t\t\t\t\ttabindex=\"-1\"\n\t\t\t\t>\n\t\t\t\t\t<span class=\"overlay\"><\/span>\n\t\t\t\t<\/a>\n\t\t\t\t\t<\/div>\n\t\t<h3 class=\"sow-carousel-item-title\">\n\t\t\t<a\n\t\t\t\thref=\"https:\/\/www.ibraop.org.br\/enaop2026\/2026\/01\/23\/comissao-organizadora-do-enaop-2026-inicia-preparativos-para-o-evento2\/\"\n\t\t\t\tid=\"sow-carousel-id-141\"\n\t\t\t\t\t\t\t\ttabindex=\"-1\"\n\t\t\t>\n\n\t\t\t\tComiss\u00e3o Organizadora do ENAOP 2026 inicia preparativos para o evento &#8211;\t\t\t<\/a>\n\t\t<\/h3>\n\t<\/div>\n\t\t<div class=\"sow-carousel-item\" tabindex=\"-1\" style=\"float: left;\">\n\t\t<div class=\"sow-carousel-thumbnail\">\n\t\t\t\t\t\t\t<a\n\t\t\t\t\thref=\"https:\/\/www.ibraop.org.br\/enaop2026\/2026\/01\/23\/147\/\"\n\t\t\t\t\t\t\t\t\t\tstyle=\"background-image: url( https:\/\/www.ibraop.org.br\/enaop2026\/wp-content\/uploads\/sites\/7\/2026\/01\/SAVE-THE-DATE-ENAOP-2026-wide-1920x1080-1-272x182.png )\"\n\t\t\t\t\taria-labelledby=\"sow-carousel-id-147\"\n\t\t\t\t\ttabindex=\"-1\"\n\t\t\t\t>\n\t\t\t\t\t<span class=\"overlay\"><\/span>\n\t\t\t\t<\/a>\n\t\t\t\t\t<\/div>\n\t\t<h3 class=\"sow-carousel-item-title\">\n\t\t\t<a\n\t\t\t\thref=\"https:\/\/www.ibraop.org.br\/enaop2026\/2026\/01\/23\/147\/\"\n\t\t\t\tid=\"sow-carousel-id-147\"\n\t\t\t\t\t\t\t\ttabindex=\"-1\"\n\t\t\t>\n\n\t\t\t\tSalve a data: o ENAOP 2026 ser\u00e1 realizado de 8 a 10 de junho, em Curitiba\t\t\t<\/a>\n\t\t<\/h3>\n\t<\/div>\n\t\t<div class=\"sow-carousel-item\" tabindex=\"-1\" style=\"float: left;\">\n\t\t<div class=\"sow-carousel-thumbnail\">\n\t\t\t\t\t\t\t<a\n\t\t\t\t\thref=\"https:\/\/www.ibraop.org.br\/enaop2026\/2026\/01\/23\/ibraop-e-tce-pr-iniciaram-organizacao-do-enaop-2026\/\"\n\t\t\t\t\t\t\t\t\t\tstyle=\"background-image: url( https:\/\/www.ibraop.org.br\/enaop2026\/wp-content\/uploads\/sites\/7\/2026\/01\/SAVE-THE-DATE-ENAOP-2026-linkedin-800x800-1-e1769200707738-272x182.png )\"\n\t\t\t\t\taria-labelledby=\"sow-carousel-id-153\"\n\t\t\t\t\ttabindex=\"-1\"\n\t\t\t\t>\n\t\t\t\t\t<span class=\"overlay\"><\/span>\n\t\t\t\t<\/a>\n\t\t\t\t\t<\/div>\n\t\t<h3 class=\"sow-carousel-item-title\">\n\t\t\t<a\n\t\t\t\thref=\"https:\/\/www.ibraop.org.br\/enaop2026\/2026\/01\/23\/ibraop-e-tce-pr-iniciaram-organizacao-do-enaop-2026\/\"\n\t\t\t\tid=\"sow-carousel-id-153\"\n\t\t\t\t\t\t\t\ttabindex=\"-1\"\n\t\t\t>\n\n\t\t\t\tIbraop e TCE-PR iniciaram organiza\u00e7\u00e3o do ENAOP 2026\t\t\t<\/a>\n\t\t<\/h3>\n\t<\/div>\n\t\t\t<\/div>\n\t\t\t<\/div>\n\n\t<\/div>\n\t\t<input type=\"hidden\" name=\"instance_hash\" value=\"0d8b652f\"\/>\n\t<\/div>\n<\/div><\/div><\/div><div id=\"pgc-23-5-2\"  class=\"panel-grid-cell panel-grid-cell-empty\" ><\/div><\/div><div id=\"pg-23-6\"  class=\"panel-grid panel-no-style\" ><div id=\"pgc-23-6-0\"  class=\"panel-grid-cell panel-grid-cell-empty panel-grid-cell-mobile-last\" ><\/div><div id=\"pgc-23-6-1\"  class=\"panel-grid-cell panel-grid-cell-empty\" ><\/div><\/div><\/div>","protected":false},"excerpt":{"rendered":"<p> [&hellip;]<\/p>\n","protected":false},"author":3,"featured_media":0,"parent":0,"menu_order":0,"comment_status":"closed","ping_status":"closed","template":"home-panels.php","meta":{"footnotes":""},"class_list":["post-23","page","type-page","status-publish","hentry","post"],"_links":{"self":[{"href":"https:\/\/www.ibraop.org.br\/enaop2026\/wp-json\/wp\/v2\/pages\/23","targetHints":{"allow":["GET"]}}],"collection":[{"href":"https:\/\/www.ibraop.org.br\/enaop2026\/wp-json\/wp\/v2\/pages"}],"about":[{"href":"https:\/\/www.ibraop.org.br\/enaop2026\/wp-json\/wp\/v2\/types\/page"}],"author":[{"embeddable":true,"href":"https:\/\/www.ibraop.org.br\/enaop2026\/wp-json\/wp\/v2\/users\/3"}],"replies":[{"embeddable":true,"href":"https:\/\/www.ibraop.org.br\/enaop2026\/wp-json\/wp\/v2\/comments?post=23"}],"version-history":[{"count":26,"href":"https:\/\/www.ibraop.org.br\/enaop2026\/wp-json\/wp\/v2\/pages\/23\/revisions"}],"predecessor-version":[{"id":247,"href":"https:\/\/www.ibraop.org.br\/enaop2026\/wp-json\/wp\/v2\/pages\/23\/revisions\/247"}],"wp:attachment":[{"href":"https:\/\/www.ibraop.org.br\/enaop2026\/wp-json\/wp\/v2\/media?parent=23"}],"curies":[{"name":"wp","href":"https:\/\/api.w.org\/{rel}","templated":true}]}}