{"id":162,"date":"2026-01-26T17:01:10","date_gmt":"2026-01-26T20:01:10","guid":{"rendered":"https:\/\/www.ibraop.org.br\/enaop2026\/?page_id=162"},"modified":"2026-02-12T15:42:23","modified_gmt":"2026-02-12T18:42:23","slug":"noticias","status":"publish","type":"page","link":"https:\/\/www.ibraop.org.br\/enaop2026\/noticias\/","title":{"rendered":"Not\u00edcias"},"content":{"rendered":"<div id=\"pl-162\"  class=\"panel-layout\" ><div id=\"pg-162-0\"  class=\"panel-grid panel-no-style\" ><div id=\"pgc-162-0-0\"  class=\"panel-grid-cell\" ><div id=\"panel-162-0-0-0\" class=\"so-panel widget widget_sow-image panel-first-child panel-last-child\" data-index=\"0\" ><div\n\t\t\t\n\t\t\tclass=\"so-widget-sow-image so-widget-sow-image-default-113ccd71f3e6-162\"\n\t\t\t\n\t\t>\n<div class=\"sow-image-container\">\n\t\t<img \n\tsrc=\"https:\/\/www.ibraop.org.br\/enaop2026\/wp-content\/uploads\/sites\/7\/2026\/02\/noticia-scaled.png\" width=\"2560\" height=\"361\" srcset=\"https:\/\/www.ibraop.org.br\/enaop2026\/wp-content\/uploads\/sites\/7\/2026\/02\/noticia-scaled.png 2560w, https:\/\/www.ibraop.org.br\/enaop2026\/wp-content\/uploads\/sites\/7\/2026\/02\/noticia-300x42.png 300w, https:\/\/www.ibraop.org.br\/enaop2026\/wp-content\/uploads\/sites\/7\/2026\/02\/noticia-1024x145.png 1024w, https:\/\/www.ibraop.org.br\/enaop2026\/wp-content\/uploads\/sites\/7\/2026\/02\/noticia-768x108.png 768w, https:\/\/www.ibraop.org.br\/enaop2026\/wp-content\/uploads\/sites\/7\/2026\/02\/noticia-1536x217.png 1536w, https:\/\/www.ibraop.org.br\/enaop2026\/wp-content\/uploads\/sites\/7\/2026\/02\/noticia-2048x289.png 2048w\" sizes=\"(max-width: 2560px) 100vw, 2560px\" title=\"noticia\" alt=\"\" \t\tclass=\"so-widget-image\"\/>\n\t<\/div>\n\n<\/div><\/div><\/div><\/div><div id=\"pg-162-1\"  class=\"panel-grid panel-no-style\" ><div id=\"pgc-162-1-0\"  class=\"panel-grid-cell panel-grid-cell-empty\" ><\/div><div id=\"pgc-162-1-1\"  class=\"panel-grid-cell panel-grid-cell-mobile-last\" ><div id=\"panel-162-1-1-0\" class=\"so-panel widget widget_sow-blog panel-first-child panel-last-child\" data-index=\"1\" ><div class=\"so-rounded panel-widget-style panel-widget-style-for-162-1-1-0\" ><div\n\t\t\t\n\t\t\tclass=\"so-widget-sow-blog so-widget-sow-blog-alternate-7f88379de2d4-162\"\n\t\t\t\n\t\t>\t\t<div\n\t\tclass=\"sow-blog sow-blog-layout-alternate\"\n\t\tdata-template=\"alternate\"\n\t\tdata-settings=\"{&quot;columns&quot;:1,&quot;featured_image&quot;:true,&quot;featured_image_empty&quot;:true,&quot;featured_image_size&quot;:&quot;sow-blog-alternate&quot;,&quot;featured_image_size_width&quot;:&quot;&quot;,&quot;featured_image_size_height&quot;:&quot;&quot;,&quot;tag&quot;:&quot;h2&quot;,&quot;content&quot;:&quot;excerpt&quot;,&quot;trim_manual_excerpt&quot;:true,&quot;excerpt_length&quot;:55,&quot;so_field_container_state&quot;:&quot;open&quot;,&quot;read_more&quot;:&quot;&quot;,&quot;date&quot;:&quot;&quot;,&quot;author&quot;:&quot;&quot;,&quot;filter_categories&quot;:false,&quot;categories&quot;:&quot;&quot;,&quot;tags&quot;:&quot;&quot;,&quot;comment_count&quot;:&quot;&quot;,&quot;template&quot;:&quot;alternate&quot;}\"\n\t\tdata-paged=\"1\"\n\t\tdata-paging-id=\"7f88379de2d4\"\n\t\tdata-total-pages=\"1\"\n\t\tdata-hash=\"b417de17\"\n\t>\n\t\t\n\t\t\t\t\t\t\t<div class=\"sow-blog-posts\">\n\t\t\t\t<article id=\"post-476\" class=\"sow-blog-columns post-476 post type-post status-publish format-standard has-post-thumbnail hentry category-noticias post-with-thumbnail post-with-thumbnail-none\" style=\"display: flex; justify-content: space-between; margin-bottom: 30px;\">\n\t\t\t\t\t<div class=\"sow-entry-thumbnail\">\n\t\t\t\t\t\t\t\t\t\t<a href=\"https:\/\/www.ibraop.org.br\/enaop2026\/2026\/04\/07\/estao-abertas-as-inscricoes-para-enaop-2026\/\">\n\t\t\t\t\t\t<img loading=\"lazy\" decoding=\"async\" width=\"240\" height=\"300\" src=\"https:\/\/www.ibraop.org.br\/enaop2026\/wp-content\/uploads\/sites\/7\/2026\/04\/ENAOP20262-240x300-1.jpeg\" class=\"attachment-sow-blog-alternate size-sow-blog-alternate wp-post-image\" alt=\"\" \/>\t\t\t\t\t<\/a>\n\t\t\t\t<\/div>\n\t\t\t\t\t\t\t<div class=\"sow-blog-content-wrapper\"\n\t\t>\n\t\t\t\t<header class=\"sow-entry-header\">\n\t\t\t<h2 class=\"sow-entry-title\" style=\"margin: 0 0 5px;\"><a href=\"https:\/\/www.ibraop.org.br\/enaop2026\/2026\/04\/07\/estao-abertas-as-inscricoes-para-enaop-2026\/\" rel=\"bookmark\">Est\u00e3o abertas as inscri\u00e7\u00f5es para ENAOP 2026<\/a><\/h2>\t\t\t<div class=\"sow-entry-meta\">\n\t\t\t\t\n\t\t\n\t\t\n\t\t\t\t\t<\/div>\n\t\t<\/header>\n\n\t\t\t\t\t<div\n\t\t\t\tclass=\"sow-entry-content\"\n\t\t\t\tstyle=\"margin-top: 18px;\"\n\t\t\t>\n\t\t\t\t<p>J\u00e1 est\u00e3o abertas as inscri\u00e7\u00f5es para o Encontro Nacional de Auditoria de Obras P\u00fablicas \u2013 o ENAOP 2026. Organizado pelo Instituto Brasileiro de Auditoria de Obras P\u00fablicas (Ibraop), em parceria com o Tribunal de Contas do Estado do Paran\u00e1 (TCE-PR), o evento ser\u00e1 realizado de 8 a 10 de junho, no audit\u00f3rio do SEBRAE-PR, em...<\/p>\t\t\t<\/div>\n\t\t\t\t<\/div>\n<\/article>\n<article id=\"post-141\" class=\"sow-blog-columns post-141 post type-post status-publish format-standard has-post-thumbnail hentry category-noticias post-with-thumbnail post-with-thumbnail-none\" style=\"display: flex; justify-content: space-between; margin-bottom: 30px;\">\n\t\t\t\t\t<div class=\"sow-entry-thumbnail\">\n\t\t\t\t\t\t\t\t\t\t<a href=\"https:\/\/www.ibraop.org.br\/enaop2026\/2026\/01\/23\/comissao-organizadora-do-enaop-2026-inicia-preparativos-para-o-evento2\/\">\n\t\t\t\t\t\t<img loading=\"lazy\" decoding=\"async\" width=\"300\" height=\"225\" src=\"https:\/\/www.ibraop.org.br\/enaop2026\/wp-content\/uploads\/sites\/7\/2026\/01\/VisitaCuritiba_1-e1768502486124.jpeg\" class=\"attachment-sow-blog-alternate size-sow-blog-alternate wp-post-image\" alt=\"\" \/>\t\t\t\t\t<\/a>\n\t\t\t\t<\/div>\n\t\t\t\t\t\t\t<div class=\"sow-blog-content-wrapper\"\n\t\t>\n\t\t\t\t<header class=\"sow-entry-header\">\n\t\t\t<h2 class=\"sow-entry-title\" style=\"margin: 0 0 5px;\"><a href=\"https:\/\/www.ibraop.org.br\/enaop2026\/2026\/01\/23\/comissao-organizadora-do-enaop-2026-inicia-preparativos-para-o-evento2\/\" rel=\"bookmark\">Comiss\u00e3o Organizadora do ENAOP 2026 inicia preparativos para o evento &#8211;<\/a><\/h2>\t\t\t<div class=\"sow-entry-meta\">\n\t\t\t\t\n\t\t\n\t\t\n\t\t\t\t\t<\/div>\n\t\t<\/header>\n\n\t\t\t\t\t<div\n\t\t\t\tclass=\"sow-entry-content\"\n\t\t\t\tstyle=\"margin-top: 18px;\"\n\t\t\t>\n\t\t\t\t<p>Conhecer a estrutura f\u00edsica de poss\u00edveis locais para a realiza\u00e7\u00e3o do Encontro Nacional de Auditoria de Obras P\u00fablicas, bem como a dos hot\u00e9is da cidade-sede. Foi esse o objetivo da visita realizada pela presidente, Adriana Portugal, e pelo diretor Financeiro do Ibraop, Alysson Mattje, a\u00a0\u00a0Curitiba, nesta segunda-feira, dia 12 de janeiro. O ENAOP 2026 ser\u00e1...<\/p>\t\t\t<\/div>\n\t\t\t\t<\/div>\n<\/article>\n<article id=\"post-147\" class=\"sow-blog-columns post-147 post type-post status-publish format-standard has-post-thumbnail hentry category-noticias post-with-thumbnail post-with-thumbnail-none\" style=\"display: flex; justify-content: space-between; margin-bottom: 30px;\">\n\t\t\t\t\t<div class=\"sow-entry-thumbnail\">\n\t\t\t\t\t\t\t\t\t\t<a href=\"https:\/\/www.ibraop.org.br\/enaop2026\/2026\/01\/23\/147\/\">\n\t\t\t\t\t\t<img loading=\"lazy\" decoding=\"async\" width=\"711\" height=\"400\" src=\"https:\/\/www.ibraop.org.br\/enaop2026\/wp-content\/uploads\/sites\/7\/2026\/01\/SAVE-THE-DATE-ENAOP-2026-wide-1920x1080-1-scaled-e1769200490738.png\" class=\"attachment-sow-blog-alternate size-sow-blog-alternate wp-post-image\" alt=\"\" \/>\t\t\t\t\t<\/a>\n\t\t\t\t<\/div>\n\t\t\t\t\t\t\t<div class=\"sow-blog-content-wrapper\"\n\t\t>\n\t\t\t\t<header class=\"sow-entry-header\">\n\t\t\t<h2 class=\"sow-entry-title\" style=\"margin: 0 0 5px;\"><a href=\"https:\/\/www.ibraop.org.br\/enaop2026\/2026\/01\/23\/147\/\" rel=\"bookmark\">Salve a data: o ENAOP 2026 ser\u00e1 realizado de 8 a 10 de junho, em Curitiba<\/a><\/h2>\t\t\t<div class=\"sow-entry-meta\">\n\t\t\t\t\n\t\t\n\t\t\n\t\t\t\t\t<\/div>\n\t\t<\/header>\n\n\t\t\t\t\t<div\n\t\t\t\tclass=\"sow-entry-content\"\n\t\t\t\tstyle=\"margin-top: 18px;\"\n\t\t\t>\n\t\t\t\t<p>O Encontro Nacional de Auditoria de Obras P\u00fablicas \u2013 o ENAOP 2026 \u2013 ser\u00e1 realizado de 8 a 10 de junho, em Curitiba (PR). \u201cInova\u00e7\u00e3o e Tecnologia Aplicada \u00e0 Auditoria de Obras P\u00fablicas\u201d \u00e9 o tema central em debate. Organizado pelo Instituto Brasileiro de Auditoria de Obras P\u00fablicas (Ibraop), em parceria com o Tribunal de...<\/p>\t\t\t<\/div>\n\t\t\t\t<\/div>\n<\/article>\n<article id=\"post-153\" class=\"sow-blog-columns post-153 post type-post status-publish format-standard has-post-thumbnail hentry category-noticias post-with-thumbnail post-with-thumbnail-none\" style=\"display: flex; justify-content: space-between; margin-bottom: 30px;\">\n\t\t\t\t\t<div class=\"sow-entry-thumbnail\">\n\t\t\t\t\t\t\t\t\t\t<a href=\"https:\/\/www.ibraop.org.br\/enaop2026\/2026\/01\/23\/ibraop-e-tce-pr-iniciaram-organizacao-do-enaop-2026\/\">\n\t\t\t\t\t\t<img loading=\"lazy\" decoding=\"async\" width=\"400\" height=\"201\" src=\"https:\/\/www.ibraop.org.br\/enaop2026\/wp-content\/uploads\/sites\/7\/2026\/01\/SAVE-THE-DATE-ENAOP-2026-linkedin-800x800-1-e1769200707738.png\" class=\"attachment-sow-blog-alternate size-sow-blog-alternate wp-post-image\" alt=\"\" srcset=\"https:\/\/www.ibraop.org.br\/enaop2026\/wp-content\/uploads\/sites\/7\/2026\/01\/SAVE-THE-DATE-ENAOP-2026-linkedin-800x800-1-e1769200707738.png 400w, https:\/\/www.ibraop.org.br\/enaop2026\/wp-content\/uploads\/sites\/7\/2026\/01\/SAVE-THE-DATE-ENAOP-2026-linkedin-800x800-1-e1769200707738-300x151.png 300w\" sizes=\"auto, (max-width: 400px) 100vw, 400px\" \/>\t\t\t\t\t<\/a>\n\t\t\t\t<\/div>\n\t\t\t\t\t\t\t<div class=\"sow-blog-content-wrapper\"\n\t\t>\n\t\t\t\t<header class=\"sow-entry-header\">\n\t\t\t<h2 class=\"sow-entry-title\" style=\"margin: 0 0 5px;\"><a href=\"https:\/\/www.ibraop.org.br\/enaop2026\/2026\/01\/23\/ibraop-e-tce-pr-iniciaram-organizacao-do-enaop-2026\/\" rel=\"bookmark\">Ibraop e TCE-PR iniciaram organiza\u00e7\u00e3o do ENAOP 2026<\/a><\/h2>\t\t\t<div class=\"sow-entry-meta\">\n\t\t\t\t\n\t\t\n\t\t\n\t\t\t\t\t<\/div>\n\t\t<\/header>\n\n\t\t\t\t\t<div\n\t\t\t\tclass=\"sow-entry-content\"\n\t\t\t\tstyle=\"margin-top: 18px;\"\n\t\t\t>\n\t\t\t\t<p>O Instituto Brasileiro de Auditoria de Obras P\u00fablicas (Ibraop) e o Tribunal de Contas do Estado do Paran\u00e1 (TCE-PR) j\u00e1 iniciaram as tratativas para a realiza\u00e7\u00e3o do Encontro Nacional de Auditoria de Obras P\u00fablicas no ano que vem \u2013 o ENAOP 2026. Para tanto, a presidente Adriana Portugal e o diretor Financeiro do Ibraop, Alysson...<\/p>\t\t\t<\/div>\n\t\t\t\t<\/div>\n<\/article>\n\t\t\t<\/div>\n\t\t\t\t\t\t\t\t<\/div>\n\t<\/div><\/div><\/div><\/div><div id=\"pgc-162-1-2\"  class=\"panel-grid-cell panel-grid-cell-empty\" ><\/div><\/div><\/div>","protected":false},"excerpt":{"rendered":"<p>Est\u00e3o abertas as inscri\u00e7\u00f5es para ENAOP 2026 J\u00e1 est\u00e3o abertas as inscri\u00e7\u00f5es para o Encontro Nacional de Auditoria de Obras P\u00fablicas \u2013 o ENAOP 2026. Organizado pelo Instituto Brasileiro de Auditoria de Obras P\u00fablicas (Ibraop), em parceria com o Tribunal de Contas do Estado do Paran\u00e1 (TCE-PR), o evento ser\u00e1 realizado de 8 a 10&#8230;<\/p>\n","protected":false},"author":3,"featured_media":0,"parent":0,"menu_order":0,"comment_status":"closed","ping_status":"closed","template":"","meta":{"footnotes":""},"class_list":["post-162","page","type-page","status-publish","hentry","post"],"_links":{"self":[{"href":"https:\/\/www.ibraop.org.br\/enaop2026\/wp-json\/wp\/v2\/pages\/162","targetHints":{"allow":["GET"]}}],"collection":[{"href":"https:\/\/www.ibraop.org.br\/enaop2026\/wp-json\/wp\/v2\/pages"}],"about":[{"href":"https:\/\/www.ibraop.org.br\/enaop2026\/wp-json\/wp\/v2\/types\/page"}],"author":[{"embeddable":true,"href":"https:\/\/www.ibraop.org.br\/enaop2026\/wp-json\/wp\/v2\/users\/3"}],"replies":[{"embeddable":true,"href":"https:\/\/www.ibraop.org.br\/enaop2026\/wp-json\/wp\/v2\/comments?post=162"}],"version-history":[{"count":33,"href":"https:\/\/www.ibraop.org.br\/enaop2026\/wp-json\/wp\/v2\/pages\/162\/revisions"}],"predecessor-version":[{"id":361,"href":"https:\/\/www.ibraop.org.br\/enaop2026\/wp-json\/wp\/v2\/pages\/162\/revisions\/361"}],"wp:attachment":[{"href":"https:\/\/www.ibraop.org.br\/enaop2026\/wp-json\/wp\/v2\/media?parent=162"}],"curies":[{"name":"wp","href":"https:\/\/api.w.org\/{rel}","templated":true}]}}