{"id":304,"date":"2024-04-11T18:55:22","date_gmt":"2024-04-11T21:55:22","guid":{"rendered":"https:\/\/www.ibraop.org.br\/enaop2024\/?page_id=304"},"modified":"2024-06-12T07:36:44","modified_gmt":"2024-06-12T10:36:44","slug":"transfer","status":"publish","type":"page","link":"https:\/\/www.ibraop.org.br\/enaop2024\/transfer\/","title":{"rendered":"Transfer"},"content":{"rendered":"<div id=\"pl-304\"  class=\"panel-layout\" ><div id=\"pg-304-0\"  class=\"panel-grid panel-no-style\" ><div id=\"pgc-304-0-0\"  class=\"panel-grid-cell panel-grid-cell-empty\" ><\/div><div id=\"pgc-304-0-1\"  class=\"panel-grid-cell panel-grid-cell-mobile-last\" ><div id=\"panel-304-0-1-0\" class=\"so-panel widget widget_sow-editor panel-first-child panel-last-child\" data-index=\"0\" ><div\n\t\t\t\n\t\t\tclass=\"so-widget-sow-editor so-widget-sow-editor-base\"\n\t\t\t\n\t\t><h3 class=\"widget-title\">Transfer<\/h3>\n<div class=\"siteorigin-widget-tinymce textwidget\">\n\t<p>A Comiss\u00e3o Organizadora do ENAOP informa que ser\u00e1 oferecido o servi\u00e7o gratuito de <em>transfer<\/em>, tanto de ida ao evento - de Teresina a Lu\u00eds Correia - quanto de volta - de Lu\u00eds Correia para Teresina, em dias e hor\u00e1rios fixos e n\u00e3o negoci\u00e1veis. Trata-se de um \u00f4nibus de dois andares, com poltronas semi-leito, wi-fi e \u00e1gua dispon\u00edvel aos passageiros durante todo o trajeto. Os participantes interessados por esse servi\u00e7o devem fazer op\u00e7\u00e3o no ato de sua inscri\u00e7\u00e3o. Confira abaixo:<\/p>\n<ul>\n<li>De Teresina \u00e0 Luis Correia:<br \/>\n11\/06 \u2013 Tarde 13h e tarde 16h30<br \/>\n12\/06 \u2013 Manh\u00e3 5h e manh\u00e3 10h<\/li>\n<\/ul>\n<p>&nbsp;<\/p>\n<ul>\n<li>De Lu\u00eds Correia \u00e0 Teresina:<br \/>\n15\/06 \u2013 Tarde 15h<br \/>\n16\/06 \u2013 Manh\u00e3 6h e tarde 14h<\/li>\n<\/ul>\n<p>Existe a possibilidade de contrata\u00e7\u00e3o de <em>transfer<\/em> particular, seja individual ou em grupo, e com op\u00e7\u00f5es de escolha de tipo de ve\u00edculo em atendimento a necessidade particular. Nesse caso, sugerimos uma empresa que est\u00e1 atendendo o ENAOP 2024.<\/p>\n<ul>\n<li><strong>MIRACEU TURISMO<\/strong><br \/>\n+55 86 99952-4421<br \/>\nContato: Michela<\/li>\n<\/ul>\n<p>&nbsp;<\/p>\n<hr \/>\n<ul>\n<li><span style=\"color: #000080;\"><strong>APLICATIVOS DE CORRIDA<\/strong><\/span><\/li>\n<\/ul>\n<p style=\"padding-left: 40px;\">Os dois aplicativos de corrida mais utilizados em Lu\u00eds Correia s\u00e3o o <strong>TREM BALA<\/strong> e o <strong>UBIZ CAR.<\/strong><\/p>\n<p style=\"padding-left: 40px;\">Baixe agora mesmo para o seu celular e n\u00e3o tenha dificuldades de se locomover na cidade!<\/p>\n<ul>\n<li><strong><span style=\"color: #000080;\">TAXI<\/span><\/strong><\/li>\n<\/ul>\n<p style=\"padding-left: 80px;\"><a href=\"https:\/\/wa.me\/558695365780\" target=\"_blank\" rel=\"noopener\">DELTA TAXI<\/a> \u00a0\u00a0\u00a0 \u00a0 \u00a0 <a href=\"https:\/\/wa.me\/558695266258\" target=\"_blank\" rel=\"noopener\">TAXI LC<\/a><\/p>\n<hr \/>\n<p>&nbsp;<\/p>\n<p>Caso o participante do evento prefira alugar um carro par atender suas necessidades e\/ou de seu grupo, locadoras de ve\u00edculos localizadas no Aeroporto de Teresina est\u00e3o prontas a atender. Confira abaixo:<\/p>\n<p>&nbsp;<\/p>\n<p style=\"padding-left: 40px;\"><strong>UNIDAS ALUGUEIS DE CARROS<\/strong><br \/>\n(86) 3133-6222<br \/>\nThe6@unidas.com.br<br \/>\nwww.unidas.com.br<\/p>\n<p style=\"padding-left: 40px;\"><strong>LOCALIZA TERESINA<\/strong><br \/>\n(86) 2107-7400 ou 2107-7405<br \/>\natendimentoacthe@localiza.com<\/p>\n<p style=\"padding-left: 40px;\"><strong>MOVIDA TERESINA<\/strong><br \/>\n0800 606 8686<br \/>\nwww.movida.com.br<\/p>\n<\/div>\n<\/div><\/div><\/div><div id=\"pgc-304-0-2\"  class=\"panel-grid-cell panel-grid-cell-empty\" ><\/div><\/div><\/div>","protected":false},"excerpt":{"rendered":"<p> [&hellip;]<\/p>\n","protected":false},"author":3,"featured_media":0,"parent":0,"menu_order":0,"comment_status":"closed","ping_status":"closed","template":"","meta":{"footnotes":""},"class_list":["post-304","page","type-page","status-publish","hentry","post"],"_links":{"self":[{"href":"https:\/\/www.ibraop.org.br\/enaop2024\/wp-json\/wp\/v2\/pages\/304","targetHints":{"allow":["GET"]}}],"collection":[{"href":"https:\/\/www.ibraop.org.br\/enaop2024\/wp-json\/wp\/v2\/pages"}],"about":[{"href":"https:\/\/www.ibraop.org.br\/enaop2024\/wp-json\/wp\/v2\/types\/page"}],"author":[{"embeddable":true,"href":"https:\/\/www.ibraop.org.br\/enaop2024\/wp-json\/wp\/v2\/users\/3"}],"replies":[{"embeddable":true,"href":"https:\/\/www.ibraop.org.br\/enaop2024\/wp-json\/wp\/v2\/comments?post=304"}],"version-history":[{"count":11,"href":"https:\/\/www.ibraop.org.br\/enaop2024\/wp-json\/wp\/v2\/pages\/304\/revisions"}],"predecessor-version":[{"id":608,"href":"https:\/\/www.ibraop.org.br\/enaop2024\/wp-json\/wp\/v2\/pages\/304\/revisions\/608"}],"wp:attachment":[{"href":"https:\/\/www.ibraop.org.br\/enaop2024\/wp-json\/wp\/v2\/media?parent=304"}],"curies":[{"name":"wp","href":"https:\/\/api.w.org\/{rel}","templated":true}]}}