{"id":233,"date":"2024-04-08T10:10:03","date_gmt":"2024-04-08T13:10:03","guid":{"rendered":"https:\/\/www.ibraop.org.br\/enaop2024\/?page_id=233"},"modified":"2024-04-17T10:59:41","modified_gmt":"2024-04-17T13:59:41","slug":"hospedagem","status":"publish","type":"page","link":"https:\/\/www.ibraop.org.br\/enaop2024\/hospedagem\/","title":{"rendered":"Hospedagem"},"content":{"rendered":"<div id=\"pl-233\"  class=\"panel-layout\" ><div id=\"pg-233-0\"  class=\"panel-grid panel-no-style\" ><div id=\"pgc-233-0-0\"  class=\"panel-grid-cell panel-grid-cell-empty\" ><\/div><div id=\"pgc-233-0-1\"  class=\"panel-grid-cell panel-grid-cell-mobile-last\" ><div id=\"panel-233-0-1-0\" class=\"so-panel widget widget_sow-editor panel-first-child panel-last-child\" data-index=\"0\" ><div\n\t\t\t\n\t\t\tclass=\"so-widget-sow-editor so-widget-sow-editor-base\"\n\t\t\t\n\t\t><h3 class=\"widget-title\">Hospedagem<\/h3>\n<div class=\"siteorigin-widget-tinymce textwidget\">\n\t\n<table id=\"tablepress-1\" class=\"tablepress tablepress-id-1 tbody-has-connected-cells\">\n<tbody class=\"row-striping row-hover\">\n<tr class=\"row-1\">\n\t<td colspan=\"4\" class=\"column-1\"><h2>HOTEL DO EVENTO<\/h2><\/td>\n<\/tr>\n<tr class=\"row-2\">\n\t<td class=\"column-1\"><\/td><td class=\"column-2\"><\/td><td class=\"column-3\"><\/td><td class=\"column-4\"><\/td>\n<\/tr>\n<tr class=\"row-3\">\n\t<td class=\"column-1\"><strong>HOTEL SESC PRAIA<\/strong><br \/>\n<a href=\"https:\/\/sescpiaui.com.br\/hoteis\/sesc-praia\/\" rel=\"noopener\" target=\"_blank\">https:\/\/sescpiaui.com.br\/hoteis\/sesc-praia\/<\/a><br \/>\n\t<br \/>\nRODOVIA PI 116 KM 7,5 LUIS CORREIA-PI\t<br \/>\n(86) 3367-8900<br \/>\n<\/td><td class=\"column-2\"> INDIVIDUAL<\/td><td class=\"column-3\"> DUPLO<\/td><td class=\"column-4\">TRIPLO<\/td>\n<\/tr>\n<tr class=\"row-4\">\n\t<td class=\"column-1\"><\/td><td class=\"column-2\">R$ 270,00<\/td><td class=\"column-3\">R$ 270,00<\/td><td class=\"column-4\">R$ 403,00<\/td>\n<\/tr>\n<tr class=\"row-5\">\n\t<td colspan=\"4\" class=\"column-1\"><strong>*\u00a0Os valores se referem aos quartos Standart na categoria \"usu\u00e1rio\"<\/strong><\/td>\n<\/tr>\n<tr class=\"row-6\">\n\t<td class=\"column-1\"><\/td><td class=\"column-2\"><\/td><td class=\"column-3\"><\/td><td class=\"column-4\"><\/td>\n<\/tr>\n<tr class=\"row-7\">\n\t<td class=\"column-1\"><\/td><td class=\"column-2\"><\/td><td class=\"column-3\"><\/td><td class=\"column-4\"><\/td>\n<\/tr>\n<tr class=\"row-8\">\n\t<td colspan=\"4\" class=\"column-1\"><\/td>\n<\/tr>\n<tr class=\"row-9\">\n\t<td class=\"column-1\"><h2>OUTROS HOT\u00c9IS<\/h2><\/td><td class=\"column-2\"><\/td><td class=\"column-3\"><\/td><td class=\"column-4\"><\/td>\n<\/tr>\n<tr class=\"row-10\">\n\t<td colspan=\"4\" class=\"column-1\"><\/td>\n<\/tr>\n<tr class=\"row-11\">\n\t<td class=\"column-1\"><strong>HOTEL AMARRA\u00c7\u00c3O<\/strong><br \/>\n<a href=\"https:\/\/www.instagram.com\/amarracaohotel\/\" rel=\"noopener\" target=\"_blank\">https:\/\/www.instagram.com\/amarracaohotel\/<\/a><br \/>\n<br \/>\nRODOVIA JOSE DE FREITAS 3650- LUIS CORREIA-PI<br \/>\n<br \/>\n(86) 3367-1927<\/td><td class=\"column-2\">INDIVIDUAL<\/td><td class=\"column-3\">DUPLO<\/td><td class=\"column-4\">TRIPLO<\/td>\n<\/tr>\n<tr class=\"row-12\">\n\t<td class=\"column-1\"><\/td><td class=\"column-2\">R$ 250,00<\/td><td class=\"column-3\">R$ 250,00<\/td><td class=\"column-4\">R$ 320,00<\/td>\n<\/tr>\n<tr class=\"row-13\">\n\t<td class=\"column-1\"><\/td><td class=\"column-2\"><\/td><td class=\"column-3\"><\/td><td class=\"column-4\"><\/td>\n<\/tr>\n<tr class=\"row-14\">\n\t<td colspan=\"4\" class=\"column-1\"><\/td>\n<\/tr>\n<tr class=\"row-15\">\n\t<td class=\"column-1\"><strong>ARREY RIO POTY HOTEL PRAIA<\/strong>\t<br \/>\n<br \/>\n<a href=\"https:\/\/www.instagram.com\/riopotypraia\/\" rel=\"noopener\" target=\"_blank\">https:\/\/www.instagram.com\/riopotypraia\/<\/a><br \/>\n<br \/>\nRUA DOS MAGISTRADOS 2350-LUIS CORREIA-PI\t<br \/>\n<br \/>\n(86) 99402-6315<\/td><td class=\"column-2\">INDIVIDUAL<\/td><td class=\"column-3\">DUPLO<\/td><td class=\"column-4\">TRIPLO<\/td>\n<\/tr>\n<tr class=\"row-16\">\n\t<td class=\"column-1\"><\/td><td class=\"column-2\">R$ 310,00<\/td><td class=\"column-3\">R$ 340,00<\/td><td class=\"column-4\">R$ 370,00<\/td>\n<\/tr>\n<tr class=\"row-17\">\n\t<td class=\"column-1\"><\/td><td class=\"column-2\"><\/td><td class=\"column-3\"><\/td><td class=\"column-4\"><\/td>\n<\/tr>\n<tr class=\"row-18\">\n\t<td colspan=\"4\" class=\"column-1\"><\/td>\n<\/tr>\n<tr class=\"row-19\">\n\t<td class=\"column-1\"><\/td><td class=\"column-2\"><\/td><td class=\"column-3\"><\/td><td class=\"column-4\"><\/td>\n<\/tr>\n<tr class=\"row-20\">\n\t<td class=\"column-1\"><strong>LEAO BEACH POUSADA HOTEL<\/strong><br \/>\n<br \/>\n<a href=\"https:\/\/www.instagram.com\/leaobeachpousada\/\" rel=\"noopener\" target=\"_blank\">https:\/\/www.instagram.com\/leaobeachpousada\/<\/a><br \/>\n<br \/>\nRODOVIA PI-116 4205 KM 9-LUIS CORREIA PI<br \/>\n<br \/>\n(86) 98867-8739<br \/>\n<\/td><td class=\"column-2\">INDIVIDUAL<\/td><td class=\"column-3\">DUPLO<\/td><td class=\"column-4\">TRIPLO<\/td>\n<\/tr>\n<tr class=\"row-21\">\n\t<td class=\"column-1\"><\/td><td class=\"column-2\">R$ 340,00<\/td><td class=\"column-3\">R$ 410,00<\/td><td class=\"column-4\">R$ 480,00<\/td>\n<\/tr>\n<tr class=\"row-22\">\n\t<td class=\"column-1\"><\/td><td class=\"column-2\"><\/td><td class=\"column-3\"><\/td><td class=\"column-4\"><\/td>\n<\/tr>\n<tr class=\"row-23\">\n\t<td colspan=\"4\" class=\"column-1\"><\/td>\n<\/tr>\n<tr class=\"row-24\">\n\t<td class=\"column-1\"><\/td><td class=\"column-2\"><\/td><td class=\"column-3\"><\/td><td class=\"column-4\"><\/td>\n<\/tr>\n<tr class=\"row-25\">\n\t<td class=\"column-1\"><strong>POUSADA COQUEIRO BEACH<\/strong><br \/>\n<br \/>\n<a href=\"https:\/\/www.instagram.com\/pousadacoqueirobeach\/\" rel=\"noopener\" target=\"_blank\">https:\/\/www.instagram.com\/pousadacoqueirobeach\/<\/a><br \/>\n<br \/>\nAV.PIAUI 11170- LUIS CORREIA-PI<br \/>\n<br \/>\n(86) 99997-1687<br \/>\n<\/td><td class=\"column-2\">INDIVIDUAL<\/td><td class=\"column-3\">DUPLO<\/td><td class=\"column-4\">TRIPLO<\/td>\n<\/tr>\n<tr class=\"row-26\">\n\t<td class=\"column-1\"><\/td><td class=\"column-2\">R$ 425,00<\/td><td class=\"column-3\">R$ 505,00<\/td><td class=\"column-4\">R$ 585,00<\/td>\n<\/tr>\n<tr class=\"row-27\">\n\t<td class=\"column-1\"><\/td><td class=\"column-2\"><\/td><td class=\"column-3\"><\/td><td class=\"column-4\"><\/td>\n<\/tr>\n<tr class=\"row-28\">\n\t<td colspan=\"4\" class=\"column-1\"><\/td>\n<\/tr>\n<tr class=\"row-29\">\n\t<td class=\"column-1\"><\/td><td class=\"column-2\"><\/td><td class=\"column-3\"><\/td><td class=\"column-4\"><\/td>\n<\/tr>\n<tr class=\"row-30\">\n\t<td class=\"column-1\"><strong>CARNAUBINHA PRAIA RESORT<\/strong><br \/>\n<br \/>\n<a href=\"https:\/\/www.instagram.com\/carnaubinharesort\/\" rel=\"noopener\" target=\"_blank\">https:\/\/www.instagram.com\/carnaubinharesort\/<\/a><br \/>\n<br \/>\nRODOVIA PI 315 KM 03- LUIS CORREIA-PI<br \/>\n<br \/>\n(86) 3131-8080<br \/>\n<\/td><td class=\"column-2\">INDIVIDUAL<\/td><td class=\"column-3\">DUPLO<\/td><td class=\"column-4\">TRIPLO<\/td>\n<\/tr>\n<tr class=\"row-31\">\n\t<td class=\"column-1\"><\/td><td class=\"column-2\">R$ 619,00<\/td><td class=\"column-3\">R$ 782,00<\/td><td class=\"column-4\">R$ 1.785,00<\/td>\n<\/tr>\n<tr class=\"row-32\">\n\t<td class=\"column-1\"><\/td><td class=\"column-2\"><\/td><td class=\"column-3\"><\/td><td class=\"column-4\"><\/td>\n<\/tr>\n<tr class=\"row-33\">\n\t<td colspan=\"4\" class=\"column-1\"><\/td>\n<\/tr>\n<tr class=\"row-34\">\n\t<td class=\"column-1\"><\/td><td class=\"column-2\"><\/td><td class=\"column-3\"><\/td><td class=\"column-4\"><\/td>\n<\/tr>\n<tr class=\"row-35\">\n\t<td class=\"column-1\"><strong>POUSADA VILLA DOS POETAS<\/strong><br \/>\n<br \/>\n<a href=\"https:\/\/www.instagram.com\/villadospoetasbg\/\" rel=\"noopener\" target=\"_blank\">https:\/\/www.instagram.com\/villadospoetasbg\/<\/a><br \/>\n\t<br \/>\nRUA PEDRO DE CASTRO MEDEIROS 660- CAJUEIRO DA PRAIA- PI\t<br \/>\n<br \/>\n(86) 99846-0039<br \/>\n<\/td><td class=\"column-2\">INDIVIDUAL<\/td><td class=\"column-3\">DUPLO<\/td><td class=\"column-4\">TRIPLO<\/td>\n<\/tr>\n<tr class=\"row-36\">\n\t<td class=\"column-1\"><\/td><td class=\"column-2\">R$ 1.376,00<\/td><td class=\"column-3\">R$1.376,00<\/td><td class=\"column-4\">R$ 2.056,00<\/td>\n<\/tr>\n<tr class=\"row-37\">\n\t<td class=\"column-1\"><\/td><td class=\"column-2\"><\/td><td class=\"column-3\"><\/td><td class=\"column-4\"><\/td>\n<\/tr>\n<tr class=\"row-38\">\n\t<td colspan=\"4\" class=\"column-1\"><strong>Os valores das di\u00e1rias est\u00e3o sujeitos a atualiza\u00e7\u00e3o, uma vez que foram pesquisados em fevereiro de 2024. <\/strong><\/td>\n<\/tr>\n<\/tbody>\n<\/table>\n<!-- #tablepress-1 from cache -->\n<\/div>\n<\/div><\/div><\/div><div id=\"pgc-233-0-2\"  class=\"panel-grid-cell panel-grid-cell-empty\" ><\/div><\/div><\/div>","protected":false},"excerpt":{"rendered":"<p> [&hellip;]<\/p>\n","protected":false},"author":3,"featured_media":0,"parent":0,"menu_order":0,"comment_status":"closed","ping_status":"closed","template":"","meta":{"footnotes":""},"class_list":["post-233","page","type-page","status-publish","hentry","post"],"_links":{"self":[{"href":"https:\/\/www.ibraop.org.br\/enaop2024\/wp-json\/wp\/v2\/pages\/233","targetHints":{"allow":["GET"]}}],"collection":[{"href":"https:\/\/www.ibraop.org.br\/enaop2024\/wp-json\/wp\/v2\/pages"}],"about":[{"href":"https:\/\/www.ibraop.org.br\/enaop2024\/wp-json\/wp\/v2\/types\/page"}],"author":[{"embeddable":true,"href":"https:\/\/www.ibraop.org.br\/enaop2024\/wp-json\/wp\/v2\/users\/3"}],"replies":[{"embeddable":true,"href":"https:\/\/www.ibraop.org.br\/enaop2024\/wp-json\/wp\/v2\/comments?post=233"}],"version-history":[{"count":18,"href":"https:\/\/www.ibraop.org.br\/enaop2024\/wp-json\/wp\/v2\/pages\/233\/revisions"}],"predecessor-version":[{"id":327,"href":"https:\/\/www.ibraop.org.br\/enaop2024\/wp-json\/wp\/v2\/pages\/233\/revisions\/327"}],"wp:attachment":[{"href":"https:\/\/www.ibraop.org.br\/enaop2024\/wp-json\/wp\/v2\/media?parent=233"}],"curies":[{"name":"wp","href":"https:\/\/api.w.org\/{rel}","templated":true}]}}