{"id":346,"date":"2022-08-31T11:52:40","date_gmt":"2022-08-31T14:52:40","guid":{"rendered":"https:\/\/www.ibraop.org.br\/enaop2022\/?page_id=346"},"modified":"2022-09-13T14:22:45","modified_gmt":"2022-09-13T17:22:45","slug":"dicas","status":"publish","type":"page","link":"https:\/\/www.ibraop.org.br\/enaop2022\/dicas\/","title":{"rendered":"Dicas"},"content":{"rendered":"<h4><span style=\"color: #333399;\"><b>\u2666 HOT\u00c9IS<\/b><\/span><\/h4>\n<p style=\"padding-left: 40px;\">A Comiss\u00e3o Organizadora do ENAOP 2022 recomenda que os participantes do evento se hospedem nos hot\u00e9is localizados no Setor Hoteleiro Norte (SHN).<br \/>\nTal localiza\u00e7\u00e3o, al\u00e9m de ser mais favor\u00e1vel para o transito local, \u00e9 a mais pr\u00f3xima da sede do Tribunal de Contas do Distrito Federal (TCDF), local do evento.<\/p>\n<h4><span style=\"color: #333399;\"><b>\u2666 RESTAURANTES<\/b><\/span><\/h4>\n<ul>\n<li><b>PARA ALMO\u00c7AR<\/b><\/li>\n<\/ul>\n<p style=\"padding-left: 80px; text-align: left;\"><strong>\u00bb Bras\u00f3lia<\/strong> &#8211;<br \/>\n<a href=\"https:\/\/www.tripadvisor.com.br\/Restaurant_Review-g303322-d15092710-Reviews-Brasolia_Cozinha_e_Bar-Brasilia_Federal_District.html\" target=\"_blank\" rel=\"noopener\" data-saferedirecturl=\"https:\/\/www.google.com\/url?q=https:\/\/www.tripadvisor.com.br\/Restaurant_Review-g303322-d15092710-Reviews-Brasolia_Cozinha_e_Bar-Brasilia_Federal_District.html&amp;source=gmail&amp;ust=1663157838019000&amp;usg=AOvVaw2X3zLJpBYsEzvDNqz6Vsnv\">https:\/\/www.tripadvisor.com.<wbr \/>br\/Restaurant_Review-g303322-<wbr \/>d15092710-Reviews-Brasolia_<wbr \/>Cozinha_e_Bar-Brasilia_<wbr \/>Federal_District.html<\/a><\/p>\n<p style=\"padding-left: 80px; text-align: left;\"><strong>\u00bb Chocolate Glac\u00ea<\/strong> &#8211;<br \/>\n<a href=\"https:\/\/www.tripadvisor.com.br\/Restaurant_Review-g303322-d7260748-Reviews-Chocolat_Glace_Restaurante_Cafe-Brasilia_Federal_District.html\" target=\"_blank\" rel=\"noopener\" data-saferedirecturl=\"https:\/\/www.google.com\/url?q=https:\/\/www.tripadvisor.com.br\/Restaurant_Review-g303322-d7260748-Reviews-Chocolat_Glace_Restaurante_Cafe-Brasilia_Federal_District.html&amp;source=gmail&amp;ust=1663157838019000&amp;usg=AOvVaw0jBkhD3qNtgvDFG-_dEQhw\">https:\/\/www.tripadvisor.com.<wbr \/>br\/Restaurant_Review-g303322-<wbr \/>d7260748-Reviews-Chocolat_<wbr \/>Glace_Restaurante_Cafe-<wbr \/>Brasilia_Federal_District.html<\/a><\/p>\n<p style=\"padding-left: 80px; text-align: left;\"><strong>\u00bb Brasilia Shopping<\/strong> &#8211;<br \/>\n<a href=\"https:\/\/www.tripadvisor.com.br\/Attraction_Review-g303322-d4784336-Reviews-Brasilia_Shopping-Brasilia_Federal_District.html\" target=\"_blank\" rel=\"noopener\" data-saferedirecturl=\"https:\/\/www.google.com\/url?q=https:\/\/www.tripadvisor.com.br\/Attraction_Review-g303322-d4784336-Reviews-Brasilia_Shopping-Brasilia_Federal_District.html&amp;source=gmail&amp;ust=1663157838019000&amp;usg=AOvVaw2wqjytJgiL-xkKsIWBt2_I\">https:\/\/www.tripadvisor.com.<wbr \/>br\/Attraction_Review-g303322-<wbr \/>d4784336-Reviews-Brasilia_<wbr \/>Shopping-Brasilia_Federal_<wbr \/>District.html<\/a><\/p>\n<p style=\"padding-left: 80px; text-align: left;\"><strong>\u00bb Shopping ID<\/strong> &#8211;<br \/>\n<a href=\"https:\/\/www.tripadvisor.com.br\/Attraction_Review-g303322-d4126500-Reviews-Shopping_Id-Brasilia_Federal_District.html\" target=\"_blank\" rel=\"noopener\" data-saferedirecturl=\"https:\/\/www.google.com\/url?q=https:\/\/www.tripadvisor.com.br\/Attraction_Review-g303322-d4126500-Reviews-Shopping_Id-Brasilia_Federal_District.html&amp;source=gmail&amp;ust=1663157838019000&amp;usg=AOvVaw0zbrLTQtnttGTStOu5lKfX\">https:\/\/www.tripadvisor.com.<wbr \/>br\/Attraction_Review-g303322-<wbr \/>d4126500-Reviews-Shopping_Id-<wbr \/>Brasilia_Federal_District.html<\/a><\/p>\n<p>&nbsp;<\/p>\n<ul>\n<li><b>PARA JANTAR\u00a0<\/b><\/li>\n<\/ul>\n<p style=\"padding-left: 80px; text-align: left;\"><strong>\u00bb Mezanino Gastrobar<\/strong> &#8211;<br \/>\n<a href=\"https:\/\/restaurantguru.com.br\/Mezanino-Torre-de-TV-Brasilia\" target=\"_blank\" rel=\"noopener\" data-saferedirecturl=\"https:\/\/www.google.com\/url?q=https:\/\/restaurantguru.com.br\/Mezanino-Torre-de-TV-Brasilia&amp;source=gmail&amp;ust=1663157838019000&amp;usg=AOvVaw1twNefrhKNBvcitfilBpSI\">https:\/\/restaurantguru.com.br\/<wbr \/>Mezanino-Torre-de-TV-Brasilia<\/a><\/p>\n<p style=\"padding-left: 80px; text-align: left;\"><strong>\u00bb Rubaiyat Bras\u00edlia<\/strong> &#8211;<br \/>\n<a href=\"https:\/\/www.tripadvisor.com.br\/Restaurant_Review-g303322-d4359105-Reviews-Rubaiyat_Brasilia-Brasilia_Federal_District.html\" target=\"_blank\" rel=\"noopener\" data-saferedirecturl=\"https:\/\/www.google.com\/url?q=https:\/\/www.tripadvisor.com.br\/Restaurant_Review-g303322-d4359105-Reviews-Rubaiyat_Brasilia-Brasilia_Federal_District.html&amp;source=gmail&amp;ust=1663157838019000&amp;usg=AOvVaw3K-_IBFDZVnI3UwWdfysrz\">https:\/\/www.tripadvisor.com.<wbr \/>br\/Restaurant_Review-g303322-<wbr \/>d4359105-Reviews-Rubaiyat_<wbr \/>Brasilia-Brasilia_Federal_<wbr \/>District.html<\/a><\/p>\n<p style=\"padding-left: 80px; text-align: left;\"><strong>\u00bb NAU Frutos do Mar<\/strong> &#8211;<br \/>\n<a href=\"https:\/\/www.tripadvisor.com.br\/Restaurant_Review-g303322-d5493250-Reviews-NAU_Frutos_do_Mar-Brasilia_Federal_District.html\" target=\"_blank\" rel=\"noopener\" data-saferedirecturl=\"https:\/\/www.google.com\/url?q=https:\/\/www.tripadvisor.com.br\/Restaurant_Review-g303322-d5493250-Reviews-NAU_Frutos_do_Mar-Brasilia_Federal_District.html&amp;source=gmail&amp;ust=1663157838019000&amp;usg=AOvVaw0so1MsoSren6QqN6U325PD\">https:\/\/www.tripadvisor.com.<wbr \/>br\/Restaurant_Review-g303322-<wbr \/>d5493250-Reviews-NAU_Frutos_<wbr \/>do_Mar-Brasilia_Federal_<wbr \/>District.html<\/a><\/p>\n<p style=\"padding-left: 80px; text-align: left;\"><strong>\u00bb Mangai<\/strong> &#8211;<br \/>\n<a href=\"https:\/\/www.tripadvisor.com.br\/Restaurant_Review-g303322-d1986872-Reviews-Mangai-Brasilia_Federal_District.html\" target=\"_blank\" rel=\"noopener\" data-saferedirecturl=\"https:\/\/www.google.com\/url?q=https:\/\/www.tripadvisor.com.br\/Restaurant_Review-g303322-d1986872-Reviews-Mangai-Brasilia_Federal_District.html&amp;source=gmail&amp;ust=1663157838019000&amp;usg=AOvVaw0oLoxTbovpRxciI2RwPYlH\">https:\/\/www.tripadvisor.com.<wbr \/>br\/Restaurant_Review-g303322-<wbr \/>d1986872-Reviews-Mangai-<wbr \/>Brasilia_Federal_District.html<\/a><\/p>\n<p style=\"padding-left: 80px; text-align: left;\"><strong>\u00bb Sant\u00e9 13<\/strong> &#8211;<br \/>\n<a href=\"https:\/\/www.tripadvisor.com.br\/Restaurant_Review-g303322-d3863352-Reviews-Sante_13-Brasilia_Federal_District.html\" target=\"_blank\" rel=\"noopener\" data-saferedirecturl=\"https:\/\/www.google.com\/url?q=https:\/\/www.tripadvisor.com.br\/Restaurant_Review-g303322-d3863352-Reviews-Sante_13-Brasilia_Federal_District.html&amp;source=gmail&amp;ust=1663157838019000&amp;usg=AOvVaw3JqBL8VOfJoDpZif6g4P7e\">https:\/\/www.tripadvisor.com.<wbr \/>br\/Restaurant_Review-g303322-<wbr \/>d3863352-Reviews-Sante_13-<wbr \/>Brasilia_Federal_District.html<\/a><\/p>\n<p style=\"padding-left: 80px; text-align: left;\"><strong>\u00bb Man\u00e9 Mercado<\/strong> &#8211;<br \/>\n<a href=\"https:\/\/mane.com.vc\/\" target=\"_blank\" rel=\"noopener\" data-saferedirecturl=\"https:\/\/www.google.com\/url?q=https:\/\/mane.com.vc\/&amp;source=gmail&amp;ust=1663157838019000&amp;usg=AOvVaw1nds2CtsB9Nwc1KIqRg0Hh\">https:\/\/mane.com.vc\/<\/a><\/p>\n<p style=\"padding-left: 80px; text-align: left;\"><strong>\u00bbPont\u00e3o<\/strong> &#8211;<br \/>\n<a href=\"https:\/\/www.tripadvisor.com.br\/Attraction_Review-g303322-d2349431-Reviews-Pontao_do_Lago_Sul-Brasilia_Federal_District.html\" target=\"_blank\" rel=\"noopener\" data-saferedirecturl=\"https:\/\/www.google.com\/url?q=https:\/\/www.tripadvisor.com.br\/Attraction_Review-g303322-d2349431-Reviews-Pontao_do_Lago_Sul-Brasilia_Federal_District.html&amp;source=gmail&amp;ust=1663157838019000&amp;usg=AOvVaw2yCOhe4tXoQD6dYwSsXHB9\">https:\/\/www.tripadvisor.com.<wbr \/>br\/Attraction_Review-g303322-<wbr \/>d2349431-Reviews-Pontao_do_<wbr \/>Lago_Sul-Brasilia_Federal_<wbr \/>District.html<\/a><\/p>\n","protected":false},"excerpt":{"rendered":"<p> [&hellip;]<\/p>\n","protected":false},"author":3,"featured_media":0,"parent":0,"menu_order":0,"comment_status":"closed","ping_status":"closed","template":"","meta":{"footnotes":""},"class_list":["post-346","page","type-page","status-publish","hentry","post"],"_links":{"self":[{"href":"https:\/\/www.ibraop.org.br\/enaop2022\/wp-json\/wp\/v2\/pages\/346","targetHints":{"allow":["GET"]}}],"collection":[{"href":"https:\/\/www.ibraop.org.br\/enaop2022\/wp-json\/wp\/v2\/pages"}],"about":[{"href":"https:\/\/www.ibraop.org.br\/enaop2022\/wp-json\/wp\/v2\/types\/page"}],"author":[{"embeddable":true,"href":"https:\/\/www.ibraop.org.br\/enaop2022\/wp-json\/wp\/v2\/users\/3"}],"replies":[{"embeddable":true,"href":"https:\/\/www.ibraop.org.br\/enaop2022\/wp-json\/wp\/v2\/comments?post=346"}],"version-history":[{"count":8,"href":"https:\/\/www.ibraop.org.br\/enaop2022\/wp-json\/wp\/v2\/pages\/346\/revisions"}],"predecessor-version":[{"id":637,"href":"https:\/\/www.ibraop.org.br\/enaop2022\/wp-json\/wp\/v2\/pages\/346\/revisions\/637"}],"wp:attachment":[{"href":"https:\/\/www.ibraop.org.br\/enaop2022\/wp-json\/wp\/v2\/media?parent=346"}],"curies":[{"name":"wp","href":"https:\/\/api.w.org\/{rel}","templated":true}]}}